{"id":703121,"date":"2024-10-15T10:30:55","date_gmt":"2024-10-15T08:30:55","guid":{"rendered":"https:\/\/streetmarkets.fr\/app\/produit\/chaussettes-diva-discollab\/"},"modified":"2024-10-15T10:31:43","modified_gmt":"2024-10-15T08:31:43","slug":"chaussettes-diva-discollab","status":"publish","type":"product","link":"https:\/\/streetmarkets.fr\/app\/produit\/chaussettes-diva-discollab\/","title":{"rendered":"Chaussettes Diva Discollab"},"content":{"rendered":"<p>Chaussettes Diva Discollab F\u00e9licie Aussi durable et \u00e9thique \u2713 Livraison rapide &amp; paiement en x3 ou x4.<\/p>\n<p>Pour f\u00eater les 5 ans de Mamamushi sur le theme Disco, nous avons imagin\u00e9 une chaussette avec Felicie Aussi en paillette bien s\u00fbr!<\/p>\n<p>Pour f\u00eater les 5 ans de Mamamushi, nous avons imagin\u00e9 une collection capsule: La Discollab!<\/p>\n<p>Une collection \u00e9manant d&#8217;une collaboration avec dix de nos cr\u00e9ateurs chouchous sur le th\u00e8me Disco.<\/p>\n<p>Faites place \u00e0 la f\u00eate, aux strass et aux paillettes !!! <\/p>\n<p class=\"p2\">\n<p class=\"p2\">Nous avons imagin\u00e9 une chaussette avec Felicie Aussi en paillette bien s\u00fbr!<\/p>\n<p class=\"p2\">\n<p class=\"p2\">Chaussettes en coton\u00a0douillet bleu fabriqu\u00e9es\u00a0en France !<\/p>\n<p class=\"p2\">\u2022 Taille unique (convient du 36 au 40) !<br \/>\u2022 Laver \u00e0 l&#8217;envers.<\/p>\n<p><span><span>Marque:\u00a0F\u00e9licie Aussi<\/span><\/span><\/p>\n","protected":false},"excerpt":{"rendered":"<p>Chaussettes Diva Discollab F\u00e9licie Aussi durable et \u00e9thique \u2713 Livraison rapide &amp; paiement en x3 ou x4. Pour f\u00eater les 5 ans de Mamamushi sur le theme Disco, nous avons imagin\u00e9 une chaussette avec Felicie Aussi en paillette bien s\u00fbr! Pour f\u00eater les 5 ans de Mamamushi, nous avons imagin\u00e9 une collection capsule: La Discollab! [&hellip;]<\/p>\n","protected":false},"featured_media":703122,"comment_status":"open","ping_status":"closed","template":"","meta":[],"product_brand":[],"product_cat":[1756,1764],"product_tag":[2244],"acf":[],"_links":{"self":[{"href":"https:\/\/streetmarkets.fr\/app\/wp-json\/wp\/v2\/product\/703121"}],"collection":[{"href":"https:\/\/streetmarkets.fr\/app\/wp-json\/wp\/v2\/product"}],"about":[{"href":"https:\/\/streetmarkets.fr\/app\/wp-json\/wp\/v2\/types\/product"}],"replies":[{"embeddable":true,"href":"https:\/\/streetmarkets.fr\/app\/wp-json\/wp\/v2\/comments?post=703121"}],"wp:featuredmedia":[{"embeddable":true,"href":"https:\/\/streetmarkets.fr\/app\/wp-json\/wp\/v2\/media\/703122"}],"wp:attachment":[{"href":"https:\/\/streetmarkets.fr\/app\/wp-json\/wp\/v2\/media?parent=703121"}],"wp:term":[{"taxonomy":"product_brand","embeddable":true,"href":"https:\/\/streetmarkets.fr\/app\/wp-json\/wp\/v2\/product_brand?post=703121"},{"taxonomy":"product_cat","embeddable":true,"href":"https:\/\/streetmarkets.fr\/app\/wp-json\/wp\/v2\/product_cat?post=703121"},{"taxonomy":"product_tag","embeddable":true,"href":"https:\/\/streetmarkets.fr\/app\/wp-json\/wp\/v2\/product_tag?post=703121"}],"curies":[{"name":"wp","href":"https:\/\/api.w.org\/{rel}","templated":true}]}}