{"id":703064,"date":"2024-10-15T10:30:54","date_gmt":"2024-10-15T08:30:54","guid":{"rendered":"https:\/\/streetmarkets.fr\/app\/produit\/robe-julina\/"},"modified":"2024-10-15T10:31:43","modified_gmt":"2024-10-15T08:31:43","slug":"robe-julina","status":"publish","type":"product","link":"https:\/\/streetmarkets.fr\/app\/produit\/robe-julina\/","title":{"rendered":"Robe Julina"},"content":{"rendered":"<p>Robe Julina Artlove durable et \u00e9thique \u2713 Livraison rapide &amp; paiement en x3 ou x4.<\/p>\n<p style=\"margin:0px;font-size:13px;line-height:normal;font-family:'Helvetica Neue'\">Robe longue \u00e0 bretelles, col v, d\u00e9tails broderies fleuries, coupe classique<\/p>\n<p style=\"margin:0px;font-size:13px;line-height:normal;font-family:'Helvetica Neue';min-height:15px\">\n<p style=\"margin:0px;font-size:13px;line-height:normal;font-family:'Helvetica Neue'\"><b>Composition<\/b><\/p>\n<p style=\"margin:0px;font-size:13px;line-height:normal;font-family:'Helvetica Neue';min-height:15px\">\n<p style=\"margin:0px;font-size:13px;line-height:normal;font-family:'Helvetica Neue'\">100% Polyester<\/p>\n<p style=\"margin:0px;font-size:13px;line-height:normal;font-family:'Helvetica Neue';min-height:15px\">\n<p style=\"margin:0px;font-size:13px;line-height:normal;font-family:'Helvetica Neue'\"><b>Entretien<\/b><\/p>\n<p style=\"margin:0px;font-size:13px;line-height:normal;font-family:'Helvetica Neue';min-height:15px\">\n<p style=\"margin:0px;font-size:13px;line-height:normal;font-family:'Helvetica Neue'\">Lavage d\u00e9licat \u00e0 30 \u00b0 C, action m\u00e9canique r\u00e9duite, rincage \u00e0 temp\u00e9rature d\u00e9croissante et essorage r\u00e9duit. Ne pas blanchir. Ne pas s\u00e9cher en machine. Repassage au fer temp\u00e9rature maximum \u00e0 110\u00b0C. Ne pas nettoyer \u00e0 sec.<\/p>\n","protected":false},"excerpt":{"rendered":"<p>Robe Julina Artlove durable et \u00e9thique \u2713 Livraison rapide &amp; paiement en x3 ou x4. Robe longue \u00e0 bretelles, col v, d\u00e9tails broderies fleuries, coupe classique Composition 100% Polyester Entretien Lavage d\u00e9licat \u00e0 30 \u00b0 C, action m\u00e9canique r\u00e9duite, rincage \u00e0 temp\u00e9rature d\u00e9croissante et essorage r\u00e9duit. Ne pas blanchir. Ne pas s\u00e9cher en machine. Repassage [&hellip;]<\/p>\n","protected":false},"featured_media":703065,"comment_status":"open","ping_status":"closed","template":"","meta":[],"product_brand":[],"product_cat":[1756,1758],"product_tag":[2244],"acf":[],"_links":{"self":[{"href":"https:\/\/streetmarkets.fr\/app\/wp-json\/wp\/v2\/product\/703064"}],"collection":[{"href":"https:\/\/streetmarkets.fr\/app\/wp-json\/wp\/v2\/product"}],"about":[{"href":"https:\/\/streetmarkets.fr\/app\/wp-json\/wp\/v2\/types\/product"}],"replies":[{"embeddable":true,"href":"https:\/\/streetmarkets.fr\/app\/wp-json\/wp\/v2\/comments?post=703064"}],"wp:featuredmedia":[{"embeddable":true,"href":"https:\/\/streetmarkets.fr\/app\/wp-json\/wp\/v2\/media\/703065"}],"wp:attachment":[{"href":"https:\/\/streetmarkets.fr\/app\/wp-json\/wp\/v2\/media?parent=703064"}],"wp:term":[{"taxonomy":"product_brand","embeddable":true,"href":"https:\/\/streetmarkets.fr\/app\/wp-json\/wp\/v2\/product_brand?post=703064"},{"taxonomy":"product_cat","embeddable":true,"href":"https:\/\/streetmarkets.fr\/app\/wp-json\/wp\/v2\/product_cat?post=703064"},{"taxonomy":"product_tag","embeddable":true,"href":"https:\/\/streetmarkets.fr\/app\/wp-json\/wp\/v2\/product_tag?post=703064"}],"curies":[{"name":"wp","href":"https:\/\/api.w.org\/{rel}","templated":true}]}}