{"id":703019,"date":"2024-10-15T10:30:52","date_gmt":"2024-10-15T08:30:52","guid":{"rendered":"https:\/\/streetmarkets.fr\/app\/produit\/jean-vadley\/"},"modified":"2024-10-15T10:31:43","modified_gmt":"2024-10-15T08:31:43","slug":"jean-vadley","status":"publish","type":"product","link":"https:\/\/streetmarkets.fr\/app\/produit\/jean-vadley\/","title":{"rendered":"Jean Vadley"},"content":{"rendered":"<p>Jean Vadley Tinsels durable et \u00e9thique \u2713 Livraison rapide &amp; paiement en x3 ou x4.<\/p>\n<p style=\"margin:0px;font-size:13px;line-height:normal;font-family:'Helvetica Neue'\">La coupe\u00a0:\u00a0Jean large type 5 poches, taille haute<\/p>\n<p style=\"margin:0px;font-size:13px;line-height:normal;font-family:'Helvetica Neue'\">\n<p style=\"margin:0px;font-size:13px;line-height:normal;font-family:'Helvetica Neue'\">Esprit \u201cFlare\u201d tr\u00e8s 70\u2019s<\/p>\n<p style=\"margin:0px;font-size:13px;line-height:normal;font-family:'Helvetica Neue'\">\n<p style=\"margin:0px;font-size:13px;line-height:normal;font-family:'Helvetica Neue'\">Poches devant et dos, petite broderie \u201ct\u201d \u00e0 la poche dos<\/p>\n<p style=\"margin:0px;font-size:13px;line-height:normal;font-family:'Helvetica Neue'\">\n<p style=\"margin:0px;font-size:13px;line-height:normal;font-family:'Helvetica Neue'\">Les rivets et boutons type denim lui donne son authenticit\u00e9<\/p>\n<p style=\"margin:0px;font-size:13px;line-height:normal;font-family:'Helvetica Neue'\">\n<p style=\"margin:0px;font-size:13px;line-height:normal;font-family:'Helvetica Neue'\">La mati\u00e8re\u00a0: Toile denim brut authentique<\/p>\n<p style=\"margin:0px;font-size:13px;line-height:normal;font-family:'Helvetica Neue'\">\n<p style=\"margin:0px;font-size:13px;line-height:normal;font-family:'Helvetica Neue'\">Composition\u00a0: 100% Coton<\/p>\n<p style=\"margin:0px;font-size:13px;line-height:normal;font-family:'Helvetica Neue'\">\n<p style=\"margin:0px;font-size:13px;line-height:normal;font-family:'Helvetica Neue'\">Entretien :\u00a0Lavage en machine cycle d\u00e9licat 30\u00b0, repassage doux<\/p>\n<p style=\"margin:0px;font-size:13px;line-height:normal;font-family:'Helvetica Neue'\">\n<p style=\"margin:0px;font-size:13px;line-height:normal;font-family:'Helvetica Neue'\">Taille : Flora mesure 1m70 et porte une taille 36.\u00a0<\/p>\n","protected":false},"excerpt":{"rendered":"<p>Jean Vadley Tinsels durable et \u00e9thique \u2713 Livraison rapide &amp; paiement en x3 ou x4. La coupe\u00a0:\u00a0Jean large type 5 poches, taille haute Esprit \u201cFlare\u201d tr\u00e8s 70\u2019s Poches devant et dos, petite broderie \u201ct\u201d \u00e0 la poche dos Les rivets et boutons type denim lui donne son authenticit\u00e9 La mati\u00e8re\u00a0: Toile denim brut authentique Composition\u00a0: [&hellip;]<\/p>\n","protected":false},"featured_media":703020,"comment_status":"open","ping_status":"closed","template":"","meta":[],"product_brand":[],"product_cat":[1756,1758],"product_tag":[2244],"acf":[],"_links":{"self":[{"href":"https:\/\/streetmarkets.fr\/app\/wp-json\/wp\/v2\/product\/703019"}],"collection":[{"href":"https:\/\/streetmarkets.fr\/app\/wp-json\/wp\/v2\/product"}],"about":[{"href":"https:\/\/streetmarkets.fr\/app\/wp-json\/wp\/v2\/types\/product"}],"replies":[{"embeddable":true,"href":"https:\/\/streetmarkets.fr\/app\/wp-json\/wp\/v2\/comments?post=703019"}],"wp:featuredmedia":[{"embeddable":true,"href":"https:\/\/streetmarkets.fr\/app\/wp-json\/wp\/v2\/media\/703020"}],"wp:attachment":[{"href":"https:\/\/streetmarkets.fr\/app\/wp-json\/wp\/v2\/media?parent=703019"}],"wp:term":[{"taxonomy":"product_brand","embeddable":true,"href":"https:\/\/streetmarkets.fr\/app\/wp-json\/wp\/v2\/product_brand?post=703019"},{"taxonomy":"product_cat","embeddable":true,"href":"https:\/\/streetmarkets.fr\/app\/wp-json\/wp\/v2\/product_cat?post=703019"},{"taxonomy":"product_tag","embeddable":true,"href":"https:\/\/streetmarkets.fr\/app\/wp-json\/wp\/v2\/product_tag?post=703019"}],"curies":[{"name":"wp","href":"https:\/\/api.w.org\/{rel}","templated":true}]}}