{"id":702985,"date":"2024-10-15T10:30:51","date_gmt":"2024-10-15T08:30:51","guid":{"rendered":"https:\/\/streetmarkets.fr\/app\/produit\/chemise-vildan\/"},"modified":"2024-10-15T10:31:42","modified_gmt":"2024-10-15T08:31:42","slug":"chemise-vildan","status":"publish","type":"product","link":"https:\/\/streetmarkets.fr\/app\/produit\/chemise-vildan\/","title":{"rendered":"Chemise Vildan"},"content":{"rendered":"<p>Chemise Vildan Tinsels durable et \u00e9thique \u2713 Livraison rapide &amp; paiement en x3 ou x4.<\/p>\n<p style=\"margin:0px;font-size:13px;line-height:normal;font-family:'Helvetica Neue'\"><b>La coupe :\u00a0<\/b><\/p>\n<p style=\"margin:0px;font-size:13px;line-height:normal;font-family:'Helvetica Neue'\">Chemise housse, tr\u00e8s loose, manches courte avec plis creux sur le bas, col chemise, boutonn\u00e9 au devant<\/p>\n<p style=\"margin:0px;font-size:13px;line-height:normal;font-family:'Helvetica Neue'\">\n<p style=\"margin:0px;font-size:13px;line-height:normal;font-family:'Helvetica Neue'\"><b>La mati\u00e8re\u00a0:<\/b> Popeline craquante, motif exclusif TINSELS<\/p>\n<p style=\"margin:0px;font-size:13px;line-height:normal;font-family:'Helvetica Neue'\">\n<p style=\"margin:0px;font-size:13px;line-height:normal;font-family:'Helvetica Neue'\"><b>Composition\u00a0:<\/b> 100 % Coton<\/p>\n<p style=\"margin:0px;font-size:13px;line-height:normal;font-family:'Helvetica Neue'\">\n<p style=\"margin:0px;font-size:13px;line-height:normal;font-family:'Helvetica Neue'\">Entretien :\u00a0Lavage en machine cycle d\u00e9licat 30\u00b0, repassage doux<\/p>\n<p style=\"margin:0px;font-size:13px;line-height:normal;font-family:'Helvetica Neue'\">\n<p style=\"margin:0px;font-size:13px;line-height:normal;font-family:'Helvetica Neue'\"><b>Taille\u00a0:<\/b> Flora mesure 1m70 et porte une taille S.\u00a0<\/p>\n","protected":false},"excerpt":{"rendered":"<p>Chemise Vildan Tinsels durable et \u00e9thique \u2713 Livraison rapide &amp; paiement en x3 ou x4. La coupe :\u00a0 Chemise housse, tr\u00e8s loose, manches courte avec plis creux sur le bas, col chemise, boutonn\u00e9 au devant La mati\u00e8re\u00a0: Popeline craquante, motif exclusif TINSELS Composition\u00a0: 100 % Coton Entretien :\u00a0Lavage en machine cycle d\u00e9licat 30\u00b0, repassage doux [&hellip;]<\/p>\n","protected":false},"featured_media":702986,"comment_status":"open","ping_status":"closed","template":"","meta":[],"product_brand":[],"product_cat":[1756,1758],"product_tag":[2244],"acf":[],"_links":{"self":[{"href":"https:\/\/streetmarkets.fr\/app\/wp-json\/wp\/v2\/product\/702985"}],"collection":[{"href":"https:\/\/streetmarkets.fr\/app\/wp-json\/wp\/v2\/product"}],"about":[{"href":"https:\/\/streetmarkets.fr\/app\/wp-json\/wp\/v2\/types\/product"}],"replies":[{"embeddable":true,"href":"https:\/\/streetmarkets.fr\/app\/wp-json\/wp\/v2\/comments?post=702985"}],"wp:featuredmedia":[{"embeddable":true,"href":"https:\/\/streetmarkets.fr\/app\/wp-json\/wp\/v2\/media\/702986"}],"wp:attachment":[{"href":"https:\/\/streetmarkets.fr\/app\/wp-json\/wp\/v2\/media?parent=702985"}],"wp:term":[{"taxonomy":"product_brand","embeddable":true,"href":"https:\/\/streetmarkets.fr\/app\/wp-json\/wp\/v2\/product_brand?post=702985"},{"taxonomy":"product_cat","embeddable":true,"href":"https:\/\/streetmarkets.fr\/app\/wp-json\/wp\/v2\/product_cat?post=702985"},{"taxonomy":"product_tag","embeddable":true,"href":"https:\/\/streetmarkets.fr\/app\/wp-json\/wp\/v2\/product_tag?post=702985"}],"curies":[{"name":"wp","href":"https:\/\/api.w.org\/{rel}","templated":true}]}}