{"id":702976,"date":"2024-10-15T10:30:50","date_gmt":"2024-10-15T08:30:50","guid":{"rendered":"https:\/\/streetmarkets.fr\/app\/produit\/robe-longue-anna\/"},"modified":"2024-10-15T10:31:42","modified_gmt":"2024-10-15T08:31:42","slug":"robe-longue-anna","status":"publish","type":"product","link":"https:\/\/streetmarkets.fr\/app\/produit\/robe-longue-anna\/","title":{"rendered":"Robe longue Anna"},"content":{"rendered":"<p>Robe longue Anna Karma Koma durable et \u00e9thique \u2713 Livraison rapide &amp; paiement en x3 ou x4.<\/p>\n<p><span style=\"color:#282828;font-family:Raleway, '-apple-system', BlinkMacSystemFont, 'Segoe UI', Roboto, 'Helvetica Neue', Arial, sans-serif, 'Apple Color Emoji', 'Segoe UI Emoji', 'Segoe UI Symbol';font-size:14px;background-color:#ffffff\">Robe dos nu ajust\u00e9e \u00e0 la taille avec un effet drap\u00e9.<\/span><br style=\"color:#282828;font-family:Raleway, '-apple-system', BlinkMacSystemFont, 'Segoe UI', Roboto, 'Helvetica Neue', Arial, sans-serif, 'Apple Color Emoji', 'Segoe UI Emoji', 'Segoe UI Symbol';font-size:14px\" \/><span style=\"color:#282828;font-family:Raleway, '-apple-system', BlinkMacSystemFont, 'Segoe UI', Roboto, 'Helvetica Neue', Arial, sans-serif, 'Apple Color Emoji', 'Segoe UI Emoji', 'Segoe UI Symbol';font-size:14px;background-color:#ffffff\">&#8211; Dos nu<\/span><br style=\"color:#282828;font-family:Raleway, '-apple-system', BlinkMacSystemFont, 'Segoe UI', Roboto, 'Helvetica Neue', Arial, sans-serif, 'Apple Color Emoji', 'Segoe UI Emoji', 'Segoe UI Symbol';font-size:14px\" \/><span style=\"color:#282828;font-family:Raleway, '-apple-system', BlinkMacSystemFont, 'Segoe UI', Roboto, 'Helvetica Neue', Arial, sans-serif, 'Apple Color Emoji', 'Segoe UI Emoji', 'Segoe UI Symbol';font-size:14px;background-color:#ffffff\">&#8211; Fines bretelles<\/span><br style=\"color:#282828;font-family:Raleway, '-apple-system', BlinkMacSystemFont, 'Segoe UI', Roboto, 'Helvetica Neue', Arial, sans-serif, 'Apple Color Emoji', 'Segoe UI Emoji', 'Segoe UI Symbol';font-size:14px\" \/><span style=\"color:#282828;font-family:Raleway, '-apple-system', BlinkMacSystemFont, 'Segoe UI', Roboto, 'Helvetica Neue', Arial, sans-serif, 'Apple Color Emoji', 'Segoe UI Emoji', 'Segoe UI Symbol';font-size:14px;background-color:#ffffff\">&#8211; Ceintur\u00e9e \u00e0 la taille<\/span><\/p>\n","protected":false},"excerpt":{"rendered":"<p>Robe longue Anna Karma Koma durable et \u00e9thique \u2713 Livraison rapide &amp; paiement en x3 ou x4. Robe dos nu ajust\u00e9e \u00e0 la taille avec un effet drap\u00e9.&#8211; Dos nu&#8211; Fines bretelles&#8211; Ceintur\u00e9e \u00e0 la taille<\/p>\n","protected":false},"featured_media":702977,"comment_status":"open","ping_status":"closed","template":"","meta":[],"product_brand":[],"product_cat":[1756,1758],"product_tag":[2244],"acf":[],"_links":{"self":[{"href":"https:\/\/streetmarkets.fr\/app\/wp-json\/wp\/v2\/product\/702976"}],"collection":[{"href":"https:\/\/streetmarkets.fr\/app\/wp-json\/wp\/v2\/product"}],"about":[{"href":"https:\/\/streetmarkets.fr\/app\/wp-json\/wp\/v2\/types\/product"}],"replies":[{"embeddable":true,"href":"https:\/\/streetmarkets.fr\/app\/wp-json\/wp\/v2\/comments?post=702976"}],"wp:featuredmedia":[{"embeddable":true,"href":"https:\/\/streetmarkets.fr\/app\/wp-json\/wp\/v2\/media\/702977"}],"wp:attachment":[{"href":"https:\/\/streetmarkets.fr\/app\/wp-json\/wp\/v2\/media?parent=702976"}],"wp:term":[{"taxonomy":"product_brand","embeddable":true,"href":"https:\/\/streetmarkets.fr\/app\/wp-json\/wp\/v2\/product_brand?post=702976"},{"taxonomy":"product_cat","embeddable":true,"href":"https:\/\/streetmarkets.fr\/app\/wp-json\/wp\/v2\/product_cat?post=702976"},{"taxonomy":"product_tag","embeddable":true,"href":"https:\/\/streetmarkets.fr\/app\/wp-json\/wp\/v2\/product_tag?post=702976"}],"curies":[{"name":"wp","href":"https:\/\/api.w.org\/{rel}","templated":true}]}}