{"id":702966,"date":"2024-10-15T10:30:15","date_gmt":"2024-10-15T08:30:15","guid":{"rendered":"https:\/\/streetmarkets.fr\/app\/produit\/robe-longue-blake-orage\/"},"modified":"2024-10-15T10:30:48","modified_gmt":"2024-10-15T08:30:48","slug":"robe-longue-blake-orage","status":"publish","type":"product","link":"https:\/\/streetmarkets.fr\/app\/produit\/robe-longue-blake-orage\/","title":{"rendered":"Robe longue Blake orage"},"content":{"rendered":"<p>Robe longue Blake orage Karma Koma durable et \u00e9thique \u2713 Livraison rapide &amp; paiement en x3 ou x4.<\/p>\n<p style=\"margin:0px;font-size:13px;line-height:normal;font-family:'Helvetica Neue'\">La robe longue Blake revient cette saison ! Le mod\u00e8le pr\u00e9sente une coupe droite avec un l\u00e9ger d\u00e9collet\u00e9 en V. Les bretelles fines et discr\u00e8tes laissent place \u00e0 un dos nu plongeant \u00e0 la forme arrondie. Le bas de la robe est fendu \u00e0 l&#8217;arri\u00e8re pour vous laisser libre \u00e0 vos mouvements.\u00a0<\/p>\n<p style=\"margin:0px;font-size:13px;line-height:normal;font-family:'Helvetica Neue'\">Si vous h\u00e9sitez entre deux tailles, choisissez la taille au-dessus. Sinon, choisissez votre taille habituelle.<\/p>\n<p style=\"margin:0px;font-size:13px;line-height:normal;font-family:'Helvetica Neue'\">\n<p style=\"margin-top:0px;margin-bottom:0.5rem;color:#282828;font-family:Raleway, '-apple-system', BlinkMacSystemFont, 'Segoe UI', Roboto, 'Helvetica Neue', Arial, sans-serif, 'Apple Color Emoji', 'Segoe UI Emoji', 'Segoe UI Symbol';font-size:14px\"><u>Mati\u00e8re<\/u><\/p>\n<p style=\"margin-top:0px;margin-bottom:0.5rem;color:#282828;font-family:Raleway, '-apple-system', BlinkMacSystemFont, 'Segoe UI', Roboto, 'Helvetica Neue', Arial, sans-serif, 'Apple Color Emoji', 'Segoe UI Emoji', 'Segoe UI Symbol';font-size:14px\">Mati\u00e8re principale:<br \/>100% Rayonne<\/p>\n<p style=\"margin-top:0px;margin-bottom:0.5rem;color:#282828;font-family:Raleway, '-apple-system', BlinkMacSystemFont, 'Segoe UI', Roboto, 'Helvetica Neue', Arial, sans-serif, 'Apple Color Emoji', 'Segoe UI Emoji', 'Segoe UI Symbol';font-size:14px\">Doublure:<br \/>100% Rayonne<\/p>\n<p style=\"margin-top:0px;margin-bottom:0.5rem;color:#282828;font-family:Raleway, '-apple-system', BlinkMacSystemFont, 'Segoe UI', Roboto, 'Helvetica Neue', Arial, sans-serif, 'Apple Color Emoji', 'Segoe UI Emoji', 'Segoe UI Symbol';font-size:14px\"><u>Entretien<\/u><\/p>\n<p style=\"margin-top:0px;margin-bottom:0.5rem;color:#282828;font-family:Raleway, '-apple-system', BlinkMacSystemFont, 'Segoe UI', Roboto, 'Helvetica Neue', Arial, sans-serif, 'Apple Color Emoji', 'Segoe UI Emoji', 'Segoe UI Symbol';font-size:14px\">Lavage 30\u00b0<br \/>Pas de blanchissement<br \/>Pas de s\u00e9chage en tambour<br \/>Repassage \u00e0 temp\u00e9rature faible<\/p>\n","protected":false},"excerpt":{"rendered":"<p>Robe longue Blake orage Karma Koma durable et \u00e9thique \u2713 Livraison rapide &amp; paiement en x3 ou x4. La robe longue Blake revient cette saison ! Le mod\u00e8le pr\u00e9sente une coupe droite avec un l\u00e9ger d\u00e9collet\u00e9 en V. Les bretelles fines et discr\u00e8tes laissent place \u00e0 un dos nu plongeant \u00e0 la forme arrondie. Le [&hellip;]<\/p>\n","protected":false},"featured_media":702967,"comment_status":"open","ping_status":"closed","template":"","meta":[],"product_brand":[],"product_cat":[1756,1762],"product_tag":[2244],"acf":[],"_links":{"self":[{"href":"https:\/\/streetmarkets.fr\/app\/wp-json\/wp\/v2\/product\/702966"}],"collection":[{"href":"https:\/\/streetmarkets.fr\/app\/wp-json\/wp\/v2\/product"}],"about":[{"href":"https:\/\/streetmarkets.fr\/app\/wp-json\/wp\/v2\/types\/product"}],"replies":[{"embeddable":true,"href":"https:\/\/streetmarkets.fr\/app\/wp-json\/wp\/v2\/comments?post=702966"}],"wp:featuredmedia":[{"embeddable":true,"href":"https:\/\/streetmarkets.fr\/app\/wp-json\/wp\/v2\/media\/702967"}],"wp:attachment":[{"href":"https:\/\/streetmarkets.fr\/app\/wp-json\/wp\/v2\/media?parent=702966"}],"wp:term":[{"taxonomy":"product_brand","embeddable":true,"href":"https:\/\/streetmarkets.fr\/app\/wp-json\/wp\/v2\/product_brand?post=702966"},{"taxonomy":"product_cat","embeddable":true,"href":"https:\/\/streetmarkets.fr\/app\/wp-json\/wp\/v2\/product_cat?post=702966"},{"taxonomy":"product_tag","embeddable":true,"href":"https:\/\/streetmarkets.fr\/app\/wp-json\/wp\/v2\/product_tag?post=702966"}],"curies":[{"name":"wp","href":"https:\/\/api.w.org\/{rel}","templated":true}]}}