{"id":702957,"date":"2024-10-15T10:30:15","date_gmt":"2024-10-15T08:30:15","guid":{"rendered":"https:\/\/streetmarkets.fr\/app\/produit\/pantalon-pakol-klein\/"},"modified":"2024-10-15T10:30:48","modified_gmt":"2024-10-15T08:30:48","slug":"pantalon-pakol-klein","status":"publish","type":"product","link":"https:\/\/streetmarkets.fr\/app\/produit\/pantalon-pakol-klein\/","title":{"rendered":"Pantalon Pakol Klein"},"content":{"rendered":"<p>Pantalon Pakol Klein Tinsels durable et \u00e9thique \u2713 Livraison rapide &amp; paiement en x3 ou x4.<\/p>\n<p style=\"margin:0px 0px 9.5px;color:#777777;font-size:18px;font-family:'Function Pro'\">PAKOL est un pantalon simple et confortable dont vous appr\u00e9cierez \u00e0 la fois sa coupe impeccable et sa mati\u00e8re fluide et tr\u00e8s confortable.<\/p>\n<p style=\"margin:0px 0px 9.5px;color:#777777;font-size:18px;font-family:'Function Pro'\"><span>La coupe<\/span>\u00a0: Pantalon taille normale, ceinture \u00e9lastiqu\u00e9e, coupe droite. Avec des poches italiennes.<\/p>\n<p style=\"margin:0px 0px 9.5px;color:#777777;font-size:18px;font-family:'Function Pro'\"><span>La mati\u00e8re<\/span>\u00a0: Un lainage fin et doux, les bourrettes de soie lui donnent ce c\u00f4t\u00e9 authentique<\/p>\n<p style=\"margin:0px 0px 9.5px;color:#777777;font-size:18px;font-family:'Function Pro'\"><span>Composition<\/span>\u00a0: un satin Viscose fluide et f\u00e9minin<\/p>\n<p style=\"margin:0px 0px 9.5px;color:#777777;font-size:18px;font-family:'Function Pro'\"><span>Entretien<\/span>\u00a0: Lavage \u00e0 30\u00b0 delicat, repassage doux.<\/p>\n<p style=\"margin:0px 0px 9.5px;color:#777777;font-size:18px;font-family:'Function Pro'\">\u00a0Fabrication en Tunisie<\/p><\/p>\n","protected":false},"excerpt":{"rendered":"<p>Pantalon Pakol Klein Tinsels durable et \u00e9thique \u2713 Livraison rapide &amp; paiement en x3 ou x4. PAKOL est un pantalon simple et confortable dont vous appr\u00e9cierez \u00e0 la fois sa coupe impeccable et sa mati\u00e8re fluide et tr\u00e8s confortable. La coupe\u00a0: Pantalon taille normale, ceinture \u00e9lastiqu\u00e9e, coupe droite. Avec des poches italiennes. La mati\u00e8re\u00a0: Un [&hellip;]<\/p>\n","protected":false},"featured_media":702958,"comment_status":"open","ping_status":"closed","template":"","meta":[],"product_brand":[],"product_cat":[1756,1762],"product_tag":[2244],"acf":[],"_links":{"self":[{"href":"https:\/\/streetmarkets.fr\/app\/wp-json\/wp\/v2\/product\/702957"}],"collection":[{"href":"https:\/\/streetmarkets.fr\/app\/wp-json\/wp\/v2\/product"}],"about":[{"href":"https:\/\/streetmarkets.fr\/app\/wp-json\/wp\/v2\/types\/product"}],"replies":[{"embeddable":true,"href":"https:\/\/streetmarkets.fr\/app\/wp-json\/wp\/v2\/comments?post=702957"}],"wp:featuredmedia":[{"embeddable":true,"href":"https:\/\/streetmarkets.fr\/app\/wp-json\/wp\/v2\/media\/702958"}],"wp:attachment":[{"href":"https:\/\/streetmarkets.fr\/app\/wp-json\/wp\/v2\/media?parent=702957"}],"wp:term":[{"taxonomy":"product_brand","embeddable":true,"href":"https:\/\/streetmarkets.fr\/app\/wp-json\/wp\/v2\/product_brand?post=702957"},{"taxonomy":"product_cat","embeddable":true,"href":"https:\/\/streetmarkets.fr\/app\/wp-json\/wp\/v2\/product_cat?post=702957"},{"taxonomy":"product_tag","embeddable":true,"href":"https:\/\/streetmarkets.fr\/app\/wp-json\/wp\/v2\/product_tag?post=702957"}],"curies":[{"name":"wp","href":"https:\/\/api.w.org\/{rel}","templated":true}]}}