{"id":702931,"date":"2024-10-15T10:30:13","date_gmt":"2024-10-15T08:30:13","guid":{"rendered":"https:\/\/streetmarkets.fr\/app\/produit\/combinaison-vannari-printemps\/"},"modified":"2024-10-15T10:30:48","modified_gmt":"2024-10-15T08:30:48","slug":"combinaison-vannari-printemps","status":"publish","type":"product","link":"https:\/\/streetmarkets.fr\/app\/produit\/combinaison-vannari-printemps\/","title":{"rendered":"Combinaison Vannari Printemps"},"content":{"rendered":"<p>Combinaison Vannari Printemps Tinsels durable et \u00e9thique \u2713 Livraison rapide &amp; paiement en x3 ou x4.<\/p>\n<p style=\"margin:0px 0px 9.5px;color:#777777;font-size:18px;font-family:'Function Pro'\">Mati\u00e8re Fran\u00e7aise\u00a0 \u00a0 \u00a0Fabrication en Tunisie<\/p>\n<p style=\"margin:0px 0px 9.5px;color:#777777;font-size:18px;font-family:'Function Pro'\">\u00a0<\/p>\n<p style=\"margin:0px 0px 9.5px;color:#777777;font-size:18px;font-family:'Function Pro'\"><span>La coupe<\/span>\u00a0: Combinaison fine bretelle r\u00e9glables par un nouage dans le dos, coupe droite et loose, jambe large, zip invisible au c\u00f4t\u00e9.<\/p>\n<p style=\"margin:0px 0px 9.5px;color:#777777;font-size:18px;font-family:'Function Pro'\">\u00a0<\/p>\n<p style=\"margin:0px 0px 9.5px;color:#777777;font-size:18px;font-family:'Function Pro'\"><span>La mati\u00e8re<\/span>\u00a0: Un cr\u00eape souple, qui ne se froisse pas.<\/p>\n<p style=\"margin:0px 0px 9.5px;color:#777777;font-size:18px;font-family:'Function Pro'\"><span>Composition<\/span>\u00a0:98% Polyester 2% Elasthanne<\/p>\n<p style=\"margin:0px 0px 9.5px;color:#777777;font-size:18px;font-family:'Function Pro'\"><span>Entretien<\/span>\u00a0: Lavage machine 30\u00b0 d\u00e9licat, repassage doux.<\/p>\n","protected":false},"excerpt":{"rendered":"<p>Combinaison Vannari Printemps Tinsels durable et \u00e9thique \u2713 Livraison rapide &amp; paiement en x3 ou x4. Mati\u00e8re Fran\u00e7aise\u00a0 \u00a0 \u00a0Fabrication en Tunisie \u00a0 La coupe\u00a0: Combinaison fine bretelle r\u00e9glables par un nouage dans le dos, coupe droite et loose, jambe large, zip invisible au c\u00f4t\u00e9. \u00a0 La mati\u00e8re\u00a0: Un cr\u00eape souple, qui ne se froisse [&hellip;]<\/p>\n","protected":false},"featured_media":702932,"comment_status":"open","ping_status":"closed","template":"","meta":[],"product_brand":[],"product_cat":[1756,1762],"product_tag":[2244],"acf":[],"_links":{"self":[{"href":"https:\/\/streetmarkets.fr\/app\/wp-json\/wp\/v2\/product\/702931"}],"collection":[{"href":"https:\/\/streetmarkets.fr\/app\/wp-json\/wp\/v2\/product"}],"about":[{"href":"https:\/\/streetmarkets.fr\/app\/wp-json\/wp\/v2\/types\/product"}],"replies":[{"embeddable":true,"href":"https:\/\/streetmarkets.fr\/app\/wp-json\/wp\/v2\/comments?post=702931"}],"wp:featuredmedia":[{"embeddable":true,"href":"https:\/\/streetmarkets.fr\/app\/wp-json\/wp\/v2\/media\/702932"}],"wp:attachment":[{"href":"https:\/\/streetmarkets.fr\/app\/wp-json\/wp\/v2\/media?parent=702931"}],"wp:term":[{"taxonomy":"product_brand","embeddable":true,"href":"https:\/\/streetmarkets.fr\/app\/wp-json\/wp\/v2\/product_brand?post=702931"},{"taxonomy":"product_cat","embeddable":true,"href":"https:\/\/streetmarkets.fr\/app\/wp-json\/wp\/v2\/product_cat?post=702931"},{"taxonomy":"product_tag","embeddable":true,"href":"https:\/\/streetmarkets.fr\/app\/wp-json\/wp\/v2\/product_tag?post=702931"}],"curies":[{"name":"wp","href":"https:\/\/api.w.org\/{rel}","templated":true}]}}