{"id":702923,"date":"2024-10-15T10:30:12","date_gmt":"2024-10-15T08:30:12","guid":{"rendered":"https:\/\/streetmarkets.fr\/app\/produit\/robe-vida-turtle-purple\/"},"modified":"2024-10-15T10:30:48","modified_gmt":"2024-10-15T08:30:48","slug":"robe-vida-turtle-purple","status":"publish","type":"product","link":"https:\/\/streetmarkets.fr\/app\/produit\/robe-vida-turtle-purple\/","title":{"rendered":"Robe Vida Turtle Purple"},"content":{"rendered":"<p>Robe Vida Turtle Purple Tinsels durable et \u00e9thique \u2713 Livraison rapide &amp; paiement en x3 ou x4.<\/p>\n<p style=\"margin:0px 0px 9.5px;color:#777777;font-size:18px;font-family:'Function Pro'\">Fabrication en Tunisie<\/p>\n<p style=\"margin:0px 0px 9.5px;color:#777777;font-size:18px;font-family:'Function Pro'\"><span>La coupe :\u00a0<\/span><\/p>\n<p style=\"margin:0px 0px 9.5px;color:#777777;font-size:18px;font-family:'Function Pro'\">Robe longue et f\u00e9minine, pr\u00e8s du corps, fines bretelles en coton cir\u00e9, r\u00e9glables dans le dos par nouage<\/p>\n<p style=\"margin:0px 0px 9.5px;color:#777777;font-size:18px;font-family:'Function Pro'\"><span>La mati\u00e8re\u00a0:<\/span>\u00a0Voile de Viscose armur\u00e9, fluide et f\u00e9minin, motif exclusif Tinsels<\/p>\n<p style=\"margin:0px 0px 9.5px;color:#777777;font-size:18px;font-family:'Function Pro'\"><span>Composition\u00a0:<\/span>\u00a0100% Viscose<\/p>\n<p style=\"margin:0px 0px 9.5px;color:#777777;font-size:18px;font-family:'Function Pro'\"><span>Entretien :\u00a0<\/span>Lavage en machine \u00e0 30\u00b0 d\u00e9licat, repassage doux<\/p>\n","protected":false},"excerpt":{"rendered":"<p>Robe Vida Turtle Purple Tinsels durable et \u00e9thique \u2713 Livraison rapide &amp; paiement en x3 ou x4. Fabrication en Tunisie La coupe :\u00a0 Robe longue et f\u00e9minine, pr\u00e8s du corps, fines bretelles en coton cir\u00e9, r\u00e9glables dans le dos par nouage La mati\u00e8re\u00a0:\u00a0Voile de Viscose armur\u00e9, fluide et f\u00e9minin, motif exclusif Tinsels Composition\u00a0:\u00a0100% Viscose Entretien [&hellip;]<\/p>\n","protected":false},"featured_media":702924,"comment_status":"open","ping_status":"closed","template":"","meta":[],"product_brand":[],"product_cat":[1756,1762],"product_tag":[2244],"acf":[],"_links":{"self":[{"href":"https:\/\/streetmarkets.fr\/app\/wp-json\/wp\/v2\/product\/702923"}],"collection":[{"href":"https:\/\/streetmarkets.fr\/app\/wp-json\/wp\/v2\/product"}],"about":[{"href":"https:\/\/streetmarkets.fr\/app\/wp-json\/wp\/v2\/types\/product"}],"replies":[{"embeddable":true,"href":"https:\/\/streetmarkets.fr\/app\/wp-json\/wp\/v2\/comments?post=702923"}],"wp:featuredmedia":[{"embeddable":true,"href":"https:\/\/streetmarkets.fr\/app\/wp-json\/wp\/v2\/media\/702924"}],"wp:attachment":[{"href":"https:\/\/streetmarkets.fr\/app\/wp-json\/wp\/v2\/media?parent=702923"}],"wp:term":[{"taxonomy":"product_brand","embeddable":true,"href":"https:\/\/streetmarkets.fr\/app\/wp-json\/wp\/v2\/product_brand?post=702923"},{"taxonomy":"product_cat","embeddable":true,"href":"https:\/\/streetmarkets.fr\/app\/wp-json\/wp\/v2\/product_cat?post=702923"},{"taxonomy":"product_tag","embeddable":true,"href":"https:\/\/streetmarkets.fr\/app\/wp-json\/wp\/v2\/product_tag?post=702923"}],"curies":[{"name":"wp","href":"https:\/\/api.w.org\/{rel}","templated":true}]}}