{"id":702896,"date":"2024-10-15T10:30:11","date_gmt":"2024-10-15T08:30:11","guid":{"rendered":"https:\/\/streetmarkets.fr\/app\/produit\/robe-debbie\/"},"modified":"2024-10-15T10:30:47","modified_gmt":"2024-10-15T08:30:47","slug":"robe-debbie","status":"publish","type":"product","link":"https:\/\/streetmarkets.fr\/app\/produit\/robe-debbie\/","title":{"rendered":"Robe Debbie"},"content":{"rendered":"<p>Robe Debbie sacr\u00e9coeur durable et \u00e9thique \u2713 Livraison rapide &amp; paiement en x3 ou x4.<\/p>\n<p style=\"border:0px;margin:0px;padding:0px;vertical-align:baseline;font-family:arial, '\uff4d\uff53 \uff50\u30b4\u30b7\u30c3\u30af', 'ms pgothic', '\ub3cb\uc6c0', dotum, helvetica, sans-serif;font-size:15px;line-height:inherit;color:#1a1a1a\">Robe d\u00e9bardeur simple, longue et unie.<\/p>\n<p style=\"border:0px;margin:0px;padding:0px;vertical-align:baseline;font-family:arial, '\uff4d\uff53 \uff50\u30b4\u30b7\u30c3\u30af', 'ms pgothic', '\ub3cb\uc6c0', dotum, helvetica, sans-serif;font-size:15px;line-height:inherit;color:#1a1a1a\">\n<p style=\"border:0px;margin:0px;padding:0px;vertical-align:baseline;font-family:arial, '\uff4d\uff53 \uff50\u30b4\u30b7\u30c3\u30af', 'ms pgothic', '\ub3cb\uc6c0', dotum, helvetica, sans-serif;font-size:15px;line-height:inherit;color:#1a1a1a\">En toile de viscose lin. Tiss\u00e9e en France.<\/p>\n<ul style=\"border:0px;margin:0px 0px 0px 1em;padding:0px 0px 0px 40px;vertical-align:baseline;font-family:arial, '\uff4d\uff53 \uff50\u30b4\u30b7\u30c3\u30af', 'ms pgothic', '\ub3cb\uc6c0', dotum, helvetica, sans-serif;font-size:15px;line-height:inherit;color:#1a1a1a\">\n<li style=\"border:0px;margin:0px;padding:0px;vertical-align:baseline;font-family:inherit;font-size:inherit;font-style:inherit;line-height:inherit\">D\u00e9collet\u00e9 rond.<\/li>\n<li style=\"border:0px;margin:0px;padding:0px;vertical-align:baseline;font-family:inherit;font-size:inherit;font-style:inherit;line-height:inherit\">Poches dans la couture.<\/li>\n<li style=\"border:0px;margin:0px;padding:0px;vertical-align:baseline;font-family:inherit;font-size:inherit;font-style:inherit;line-height:inherit\">Longueur cheville.<\/li>\n<li style=\"border:0px;margin:0px;padding:0px;vertical-align:baseline;font-family:inherit;font-size:inherit;font-style:inherit;line-height:inherit\">Fentes c\u00f4t\u00e9.<\/li>\n<li style=\"border:0px;margin:0px;padding:0px;vertical-align:baseline;font-family:inherit;font-size:inherit;font-style:inherit;line-height:inherit\">Pinces poitrine.<\/li>\n<\/ul>\n<p style=\"border:0px;margin:0px;padding:0px;vertical-align:baseline;font-family:arial, '\uff4d\uff53 \uff50\u30b4\u30b7\u30c3\u30af', 'ms pgothic', '\ub3cb\uc6c0', dotum, helvetica, sans-serif;font-size:15px;line-height:inherit;color:#1a1a1a\">\n<p style=\"border:0px;margin:0px;padding:0px;vertical-align:baseline;font-family:arial, '\uff4d\uff53 \uff50\u30b4\u30b7\u30c3\u30af', 'ms pgothic', '\ub3cb\uc6c0', dotum, helvetica, sans-serif;font-size:15px;line-height:inherit;color:#1a1a1a\">Coupe minimaliste<\/p>\n<p class=\"p1\" style=\"margin:0px;font-size:13px;line-height:normal;font-family:'Helvetica Neue'\">\u00a0<\/p>\n<p class=\"p2\" style=\"margin:0px;font-size:13px;line-height:normal;font-family:'Helvetica Neue';min-height:15px\">\n<p class=\"p1\" style=\"margin:0px;font-size:13px;line-height:normal;font-family:'Helvetica Neue'\">Composition :\u00a0<\/p>\n<p class=\"p2\" style=\"margin:0px;font-size:13px;line-height:normal;font-family:'Helvetica Neue';min-height:15px\">\n<p class=\"p1\" style=\"margin:0px;font-size:13px;line-height:normal;font-family:'Helvetica Neue'\">\n","protected":false},"excerpt":{"rendered":"<p>Robe Debbie sacr\u00e9coeur durable et \u00e9thique \u2713 Livraison rapide &amp; paiement en x3 ou x4. Robe d\u00e9bardeur simple, longue et unie. En toile de viscose lin. Tiss\u00e9e en France. D\u00e9collet\u00e9 rond. Poches dans la couture. Longueur cheville. Fentes c\u00f4t\u00e9. Pinces poitrine. Coupe minimaliste \u00a0 Composition :\u00a0<\/p>\n","protected":false},"featured_media":702897,"comment_status":"open","ping_status":"closed","template":"","meta":[],"product_brand":[],"product_cat":[1756,1762],"product_tag":[2244],"acf":[],"_links":{"self":[{"href":"https:\/\/streetmarkets.fr\/app\/wp-json\/wp\/v2\/product\/702896"}],"collection":[{"href":"https:\/\/streetmarkets.fr\/app\/wp-json\/wp\/v2\/product"}],"about":[{"href":"https:\/\/streetmarkets.fr\/app\/wp-json\/wp\/v2\/types\/product"}],"replies":[{"embeddable":true,"href":"https:\/\/streetmarkets.fr\/app\/wp-json\/wp\/v2\/comments?post=702896"}],"wp:featuredmedia":[{"embeddable":true,"href":"https:\/\/streetmarkets.fr\/app\/wp-json\/wp\/v2\/media\/702897"}],"wp:attachment":[{"href":"https:\/\/streetmarkets.fr\/app\/wp-json\/wp\/v2\/media?parent=702896"}],"wp:term":[{"taxonomy":"product_brand","embeddable":true,"href":"https:\/\/streetmarkets.fr\/app\/wp-json\/wp\/v2\/product_brand?post=702896"},{"taxonomy":"product_cat","embeddable":true,"href":"https:\/\/streetmarkets.fr\/app\/wp-json\/wp\/v2\/product_cat?post=702896"},{"taxonomy":"product_tag","embeddable":true,"href":"https:\/\/streetmarkets.fr\/app\/wp-json\/wp\/v2\/product_tag?post=702896"}],"curies":[{"name":"wp","href":"https:\/\/api.w.org\/{rel}","templated":true}]}}