{"id":702878,"date":"2024-10-15T10:30:10","date_gmt":"2024-10-15T08:30:10","guid":{"rendered":"https:\/\/streetmarkets.fr\/app\/produit\/chemise-juliette-au-choix\/"},"modified":"2024-10-15T10:30:47","modified_gmt":"2024-10-15T08:30:47","slug":"chemise-juliette-au-choix","status":"publish","type":"product","link":"https:\/\/streetmarkets.fr\/app\/produit\/chemise-juliette-au-choix\/","title":{"rendered":"Chemise Juliette (au choix)"},"content":{"rendered":"<p>Chemise Juliette (au choix) sacr\u00e9coeur durable et \u00e9thique \u2713 Livraison rapide &amp; paiement en x3 ou x4.<\/p>\n<p class=\"p1\" style=\"margin:0px;font-size:13px;line-height:normal;font-family:'Helvetica Neue'\">Chemise en popeline unie, classique.<\/p>\n<p class=\"p2\" style=\"margin:0px;font-size:13px;line-height:normal;font-family:'Helvetica Neue';min-height:15px\">\n<p class=\"p1\" style=\"margin:0px;font-size:13px;line-height:normal;font-family:'Helvetica Neue'\">En popeline de coton bci. Teinture en plong\u00e9e.<\/p>\n<p class=\"p1\" style=\"margin:0px;font-size:13px;line-height:normal;font-family:'Helvetica Neue'\">\u00a0<\/p>\n<p class=\"p1\" style=\"margin:0px;font-size:13px;line-height:normal;font-family:'Helvetica Neue'\">&#8211; Col chemise classique.<\/p>\n<p class=\"p1\" style=\"margin:0px;font-size:13px;line-height:normal;font-family:'Helvetica Neue'\">&#8211; Boutons apparents.<\/p>\n<p class=\"p1\" style=\"margin:0px;font-size:13px;line-height:normal;font-family:'Helvetica Neue'\">&#8211; D\u00e9tail pli creux dos.<\/p>\n<p class=\"p1\" style=\"margin:0px;font-size:13px;line-height:normal;font-family:'Helvetica Neue'\">&#8211; Bas de v\u00eatement arrondi.<\/p>\n<p class=\"p1\" style=\"margin:0px;font-size:13px;line-height:normal;font-family:'Helvetica Neue'\">&#8211; Poignets boutonn\u00e9s, patte capucin.<\/p>\n<p class=\"p1\" style=\"margin:0px;font-size:13px;line-height:normal;font-family:'Helvetica Neue'\">\u00a0<\/p>\n<p class=\"p1\" style=\"margin:0px;font-size:13px;line-height:normal;font-family:'Helvetica Neue'\">Coupe l\u00e9g\u00e8rement oversize.<\/p>\n<p class=\"p1\" style=\"margin:0px;font-size:13px;line-height:normal;font-family:'Helvetica Neue'\">\u00a0<\/p>\n<p class=\"p1\" style=\"margin:0px;font-size:13px;line-height:normal;font-family:'Helvetica Neue'\">Le mannequin mesure 175 cm et porte une taille S.<\/p>\n<p class=\"p2\" style=\"margin:0px;font-size:13px;line-height:normal;font-family:'Helvetica Neue';min-height:15px\">\n<p class=\"p1\" style=\"margin:0px;font-size:13px;line-height:normal;font-family:'Helvetica Neue'\">Composition : 100% coton bic<span class=\"Apple-converted-space\">\u00a0<\/span><\/p>\n<p class=\"p2\" style=\"margin:0px;font-size:13px;line-height:normal;font-family:'Helvetica Neue';min-height:15px\">\n<p class=\"p1\" style=\"margin:0px;font-size:13px;line-height:normal;font-family:'Helvetica Neue'\">Fabriqu\u00e9e en Tunisie<span class=\"Apple-converted-space\">\u00a0<\/span><\/p>\n<p class=\"p2\" style=\"margin:0px;font-size:13px;line-height:normal;font-family:'Helvetica Neue';min-height:15px\">\n<p class=\"p1\" style=\"margin:0px;font-size:13px;line-height:normal;font-family:'Helvetica Neue'\">Conseils d\u2019entretien :<\/p>\n<p class=\"p1\" style=\"margin:0px;font-size:13px;line-height:normal;font-family:'Helvetica Neue'\">&#8211; Laver s\u00e9par\u00e9ment<\/p>\n<p class=\"p1\" style=\"margin:0px;font-size:13px;line-height:normal;font-family:'Helvetica Neue'\">&#8211; Chlore interdit<\/p>\n<p class=\"p1\" style=\"margin:0px;font-size:13px;line-height:normal;font-family:'Helvetica Neue'\">&#8211; S\u00e9chage en tambour interdit<\/p>\n<p class=\"p1\" style=\"margin:0px;font-size:13px;line-height:normal;font-family:'Helvetica Neue'\">&#8211; Repassage doux<\/p>\n<p class=\"p1\" style=\"margin:0px;font-size:13px;line-height:normal;font-family:'Helvetica Neue'\">&#8211; Nettoyage \u00e0 sec possible<\/p>\n","protected":false},"excerpt":{"rendered":"<p>Chemise Juliette (au choix) sacr\u00e9coeur durable et \u00e9thique \u2713 Livraison rapide &amp; paiement en x3 ou x4. Chemise en popeline unie, classique. En popeline de coton bci. Teinture en plong\u00e9e. \u00a0 &#8211; Col chemise classique. &#8211; Boutons apparents. &#8211; D\u00e9tail pli creux dos. &#8211; Bas de v\u00eatement arrondi. &#8211; Poignets boutonn\u00e9s, patte capucin. \u00a0 Coupe [&hellip;]<\/p>\n","protected":false},"featured_media":702879,"comment_status":"open","ping_status":"closed","template":"","meta":[],"product_brand":[],"product_cat":[1756,1762],"product_tag":[2244],"acf":[],"_links":{"self":[{"href":"https:\/\/streetmarkets.fr\/app\/wp-json\/wp\/v2\/product\/702878"}],"collection":[{"href":"https:\/\/streetmarkets.fr\/app\/wp-json\/wp\/v2\/product"}],"about":[{"href":"https:\/\/streetmarkets.fr\/app\/wp-json\/wp\/v2\/types\/product"}],"replies":[{"embeddable":true,"href":"https:\/\/streetmarkets.fr\/app\/wp-json\/wp\/v2\/comments?post=702878"}],"wp:featuredmedia":[{"embeddable":true,"href":"https:\/\/streetmarkets.fr\/app\/wp-json\/wp\/v2\/media\/702879"}],"wp:attachment":[{"href":"https:\/\/streetmarkets.fr\/app\/wp-json\/wp\/v2\/media?parent=702878"}],"wp:term":[{"taxonomy":"product_brand","embeddable":true,"href":"https:\/\/streetmarkets.fr\/app\/wp-json\/wp\/v2\/product_brand?post=702878"},{"taxonomy":"product_cat","embeddable":true,"href":"https:\/\/streetmarkets.fr\/app\/wp-json\/wp\/v2\/product_cat?post=702878"},{"taxonomy":"product_tag","embeddable":true,"href":"https:\/\/streetmarkets.fr\/app\/wp-json\/wp\/v2\/product_tag?post=702878"}],"curies":[{"name":"wp","href":"https:\/\/api.w.org\/{rel}","templated":true}]}}