{"id":702864,"date":"2024-10-15T10:30:09","date_gmt":"2024-10-15T08:30:09","guid":{"rendered":"https:\/\/streetmarkets.fr\/app\/produit\/chemise-peyton\/"},"modified":"2024-10-15T10:30:47","modified_gmt":"2024-10-15T08:30:47","slug":"chemise-peyton","status":"publish","type":"product","link":"https:\/\/streetmarkets.fr\/app\/produit\/chemise-peyton\/","title":{"rendered":"Chemise Peyton"},"content":{"rendered":"<p>Chemise Peyton sacr\u00e9coeur durable et \u00e9thique \u2713 Livraison rapide &amp; paiement en x3 ou x4.<\/p>\n<p class=\"p1\" style=\"margin:0px;font-size:13px;line-height:normal;font-family:'Helvetica Neue'\">Chemisier manches courtes imprim\u00e9.<\/p>\n<p class=\"p1\" style=\"margin:0px;font-size:13px;line-height:normal;font-family:'Helvetica Neue'\">\u00a0<\/p>\n<p class=\"p1\" style=\"margin:0px;font-size:13px;line-height:normal;font-family:'Helvetica Neue'\">En percale de ramie viscose lav\u00e9e. Imprim\u00e9 exclusif Sacr\u00e9coeur.<\/p>\n<p class=\"p1\" style=\"margin:0px;font-size:13px;line-height:normal;font-family:'Helvetica Neue'\">\u00a0<\/p>\n<p class=\"p1\" style=\"margin:0px;font-size:13px;line-height:normal;font-family:'Helvetica Neue'\">&#8211; Col tailleur<\/p>\n<p class=\"p1\" style=\"margin:0px;font-size:13px;line-height:normal;font-family:'Helvetica Neue'\">&#8211; D\u00e9tail pli creux dos<\/p>\n<p class=\"p1\" style=\"margin:0px;font-size:13px;line-height:normal;font-family:'Helvetica Neue'\">&#8211; Boutons apparents<\/p>\n<p class=\"p1\" style=\"margin:0px;font-size:13px;line-height:normal;font-family:'Helvetica Neue'\">&#8211; Bas de v\u00eatement arrondi<\/p>\n<p class=\"p1\" style=\"margin:0px;font-size:13px;line-height:normal;font-family:'Helvetica Neue'\">\u00a0<\/p>\n<p class=\"p1\" style=\"margin:0px;font-size:13px;line-height:normal;font-family:'Helvetica Neue'\">Coupe ajust\u00e9<\/p>\n<p class=\"p1\" style=\"margin:0px;font-size:13px;line-height:normal;font-family:'Helvetica Neue'\">\u00a0<\/p>\n<p class=\"p1\" style=\"margin:0px;font-size:13px;line-height:normal;font-family:'Helvetica Neue'\">Le mannequin mesure 175 cm et porte une taille S.<\/p>\n<p class=\"p2\" style=\"margin:0px;font-size:13px;line-height:normal;font-family:'Helvetica Neue';min-height:15px\">\n<p class=\"p1\" style=\"margin:0px;font-size:13px;line-height:normal;font-family:'Helvetica Neue'\">Composition : 45% viscose 55% ramie<\/p>\n<p class=\"p2\" style=\"margin:0px;font-size:13px;line-height:normal;font-family:'Helvetica Neue';min-height:15px\">\n<p class=\"p1\" style=\"margin:0px;font-size:13px;line-height:normal;font-family:'Helvetica Neue'\">Fabriqu\u00e9e en Tunisie<span class=\"Apple-converted-space\">\u00a0<\/span><\/p>\n<p class=\"p2\" style=\"margin:0px;font-size:13px;line-height:normal;font-family:'Helvetica Neue';min-height:15px\">\n<p class=\"p1\" style=\"margin:0px;font-size:13px;line-height:normal;font-family:'Helvetica Neue'\">Conseils d\u2019entretien :<\/p>\n<p class=\"p1\" style=\"margin:0px;font-size:13px;line-height:normal;font-family:'Helvetica Neue'\">&#8211; Lavage cycle d\u00e9licat 30\u00b0<\/p>\n<p class=\"p1\" style=\"margin:0px;font-size:13px;line-height:normal;font-family:'Helvetica Neue'\">&#8211; Chlore interdit<\/p>\n<p class=\"p1\" style=\"margin:0px;font-size:13px;line-height:normal;font-family:'Helvetica Neue'\">&#8211; S\u00e9chage en tambour interdit<\/p>\n<p class=\"p1\" style=\"margin:0px;font-size:13px;line-height:normal;font-family:'Helvetica Neue'\">&#8211; Repassage doux<\/p>\n","protected":false},"excerpt":{"rendered":"<p>Chemise Peyton sacr\u00e9coeur durable et \u00e9thique \u2713 Livraison rapide &amp; paiement en x3 ou x4. Chemisier manches courtes imprim\u00e9. \u00a0 En percale de ramie viscose lav\u00e9e. Imprim\u00e9 exclusif Sacr\u00e9coeur. \u00a0 &#8211; Col tailleur &#8211; D\u00e9tail pli creux dos &#8211; Boutons apparents &#8211; Bas de v\u00eatement arrondi \u00a0 Coupe ajust\u00e9 \u00a0 Le mannequin mesure 175 cm [&hellip;]<\/p>\n","protected":false},"featured_media":702865,"comment_status":"open","ping_status":"closed","template":"","meta":[],"product_brand":[],"product_cat":[1756,1762],"product_tag":[2244],"acf":[],"_links":{"self":[{"href":"https:\/\/streetmarkets.fr\/app\/wp-json\/wp\/v2\/product\/702864"}],"collection":[{"href":"https:\/\/streetmarkets.fr\/app\/wp-json\/wp\/v2\/product"}],"about":[{"href":"https:\/\/streetmarkets.fr\/app\/wp-json\/wp\/v2\/types\/product"}],"replies":[{"embeddable":true,"href":"https:\/\/streetmarkets.fr\/app\/wp-json\/wp\/v2\/comments?post=702864"}],"wp:featuredmedia":[{"embeddable":true,"href":"https:\/\/streetmarkets.fr\/app\/wp-json\/wp\/v2\/media\/702865"}],"wp:attachment":[{"href":"https:\/\/streetmarkets.fr\/app\/wp-json\/wp\/v2\/media?parent=702864"}],"wp:term":[{"taxonomy":"product_brand","embeddable":true,"href":"https:\/\/streetmarkets.fr\/app\/wp-json\/wp\/v2\/product_brand?post=702864"},{"taxonomy":"product_cat","embeddable":true,"href":"https:\/\/streetmarkets.fr\/app\/wp-json\/wp\/v2\/product_cat?post=702864"},{"taxonomy":"product_tag","embeddable":true,"href":"https:\/\/streetmarkets.fr\/app\/wp-json\/wp\/v2\/product_tag?post=702864"}],"curies":[{"name":"wp","href":"https:\/\/api.w.org\/{rel}","templated":true}]}}