{"id":702803,"date":"2024-10-15T10:30:07","date_gmt":"2024-10-15T08:30:07","guid":{"rendered":"https:\/\/streetmarkets.fr\/app\/produit\/chemise-louisa-au-choix\/"},"modified":"2024-10-15T10:30:47","modified_gmt":"2024-10-15T08:30:47","slug":"chemise-louisa-au-choix","status":"publish","type":"product","link":"https:\/\/streetmarkets.fr\/app\/produit\/chemise-louisa-au-choix\/","title":{"rendered":"Chemise Louisa (au choix)"},"content":{"rendered":"<p>Chemise Louisa (au choix) sacr\u00e9coeur durable et \u00e9thique \u2713 Livraison rapide &amp; paiement en x3 ou x4.<\/p>\n<p class=\"p1\" style=\"margin:0px;font-weight:400;line-height:normal\">Top manches courtes imprim\u00e9, l\u00e9g\u00e8rement oversize.<\/p>\n<p class=\"p2\" style=\"margin:0px;font-weight:400;line-height:normal;min-height:15px\">\n<p class=\"p1\" style=\"margin:0px;font-weight:400;line-height:normal\">En voile de coton bci. Imprim\u00e9 exclusif Sacr\u00e9coeur.<\/p>\n<p class=\"p2\" style=\"margin:0px;font-weight:400;line-height:normal;min-height:15px\">\n<p class=\"p1\" style=\"margin:0px;font-weight:400;line-height:normal\">-Emmanchures kimono.<\/p>\n<p class=\"p1\" style=\"margin:0px;font-weight:400;line-height:normal\">-Col chemise classique.<\/p>\n<p class=\"p1\" style=\"margin:0px;font-weight:400;line-height:normal\">-Rayures fines<\/p>\n<p class=\"p1\" style=\"margin:0px;font-weight:400;line-height:normal\">-Boutons apparents<\/p>\n<p class=\"p1\" style=\"margin:0px;font-weight:400;line-height:normal\">-Coupe ample.<\/p>\n<p class=\"p1\" style=\"margin:0px;font-weight:400;line-height:normal\">\u00a0<\/p>\n<p class=\"p1\" style=\"margin:0px;font-weight:400;line-height:normal\">Le mannequin mesure 175 cm et porte une taille S.<\/p>\n<p class=\"p1\" style=\"margin:0px;font-weight:400;line-height:normal\">\n<p class=\"p1\" style=\"margin:0px;font-weight:400;line-height:normal\">Composition : 100% coton bci, et 100% lin pour le mod\u00e8le Nadiad brod\u00e9.\u00a0<\/p>\n<p class=\"p1\" style=\"margin:0px;font-weight:400;line-height:normal\">\n<p class=\"p1\" style=\"margin:0px;font-weight:400;line-height:normal\">Conseils d&#8217;entretien :\u00a0<\/p>\n<p class=\"p1\" style=\"margin:0px;font-weight:400;line-height:normal\">-Lavage cycle d\u00e9licat 30\u00b0<\/p>\n<p class=\"p1\" style=\"margin:0px;font-weight:400;line-height:normal\">-Chlore interdit<\/p>\n<p class=\"p1\" style=\"margin:0px;font-weight:400;line-height:normal\">-S\u00e9chage en tambour interdit<\/p>\n<p class=\"p1\" style=\"margin:0px;font-weight:400;line-height:normal\">-Repassage doux<\/p>\n<p class=\"p2\" style=\"margin:0px;font-weight:400;line-height:normal;min-height:15px\">\n<p class=\"p1\" style=\"margin:0px;font-weight:400;line-height:normal\">Fabriqu\u00e9 en Tunisie\u00a0<\/p>\n","protected":false},"excerpt":{"rendered":"<p>Chemise Louisa (au choix) sacr\u00e9coeur durable et \u00e9thique \u2713 Livraison rapide &amp; paiement en x3 ou x4. Top manches courtes imprim\u00e9, l\u00e9g\u00e8rement oversize. En voile de coton bci. Imprim\u00e9 exclusif Sacr\u00e9coeur. -Emmanchures kimono. -Col chemise classique. -Rayures fines -Boutons apparents -Coupe ample. \u00a0 Le mannequin mesure 175 cm et porte une taille S. Composition : [&hellip;]<\/p>\n","protected":false},"featured_media":702804,"comment_status":"open","ping_status":"closed","template":"","meta":[],"product_brand":[],"product_cat":[1756,1762],"product_tag":[2244],"acf":[],"_links":{"self":[{"href":"https:\/\/streetmarkets.fr\/app\/wp-json\/wp\/v2\/product\/702803"}],"collection":[{"href":"https:\/\/streetmarkets.fr\/app\/wp-json\/wp\/v2\/product"}],"about":[{"href":"https:\/\/streetmarkets.fr\/app\/wp-json\/wp\/v2\/types\/product"}],"replies":[{"embeddable":true,"href":"https:\/\/streetmarkets.fr\/app\/wp-json\/wp\/v2\/comments?post=702803"}],"wp:featuredmedia":[{"embeddable":true,"href":"https:\/\/streetmarkets.fr\/app\/wp-json\/wp\/v2\/media\/702804"}],"wp:attachment":[{"href":"https:\/\/streetmarkets.fr\/app\/wp-json\/wp\/v2\/media?parent=702803"}],"wp:term":[{"taxonomy":"product_brand","embeddable":true,"href":"https:\/\/streetmarkets.fr\/app\/wp-json\/wp\/v2\/product_brand?post=702803"},{"taxonomy":"product_cat","embeddable":true,"href":"https:\/\/streetmarkets.fr\/app\/wp-json\/wp\/v2\/product_cat?post=702803"},{"taxonomy":"product_tag","embeddable":true,"href":"https:\/\/streetmarkets.fr\/app\/wp-json\/wp\/v2\/product_tag?post=702803"}],"curies":[{"name":"wp","href":"https:\/\/api.w.org\/{rel}","templated":true}]}}