{"id":702793,"date":"2024-10-15T10:30:06","date_gmt":"2024-10-15T08:30:06","guid":{"rendered":"https:\/\/streetmarkets.fr\/app\/produit\/combinaison-laurena-violine\/"},"modified":"2024-10-15T10:30:46","modified_gmt":"2024-10-15T08:30:46","slug":"combinaison-laurena-violine","status":"publish","type":"product","link":"https:\/\/streetmarkets.fr\/app\/produit\/combinaison-laurena-violine\/","title":{"rendered":"Combinaison Laurena Violine"},"content":{"rendered":"<p>D\u00e9couvrez cette magnifique combinaison Laurena violine de la marque FRNCH chez Mamamushi.<br \/>\nClick and collect disponible, livraison &amp; paiement s\u00e9curis\u00e9.<\/p>\n<p>Combi-pantalon, Patte de boutonnage avant, poches plaqu\u00e9es avant et ceinture amovible<\/p>\n<p>Entre sobri\u00e9t\u00e9 et \u00e9l\u00e9gance, Laurena est l\u2019indispensable de la saison ! Confectionn\u00e9e dans un pur coton, sa coupe casual est rehauss\u00e9e d\u2019une touche de f\u00e9minit\u00e9 gr\u00e2ce \u00e0 sa taille marqu\u00e9e et d&#8217;un joli d\u00e9collet\u00e9 V \u00e0 l\u2019avant et \u00e0 l\u2019arri\u00e8re de la pi\u00e8ce. On aime aussi ses jambes larges qui allongent subtilement la silhouette. Laurena se porte en toutes circonstances, aussi bien avec des sandales qu\u2019avec une jolie paire de baskets. <\/p>\n<p>&#8211; Combi-pantalon<br \/>&#8211; Patte de boutonnage avant, poches plaqu\u00e9es avant et ceinture amovible<br \/>&#8211; 100% Coton<\/p>\n","protected":false},"excerpt":{"rendered":"<p>D\u00e9couvrez cette magnifique combinaison Laurena violine de la marque FRNCH chez Mamamushi. Click and collect disponible, livraison &amp; paiement s\u00e9curis\u00e9. Combi-pantalon, Patte de boutonnage avant, poches plaqu\u00e9es avant et ceinture amovible Entre sobri\u00e9t\u00e9 et \u00e9l\u00e9gance, Laurena est l\u2019indispensable de la saison ! Confectionn\u00e9e dans un pur coton, sa coupe casual est rehauss\u00e9e d\u2019une touche de [&hellip;]<\/p>\n","protected":false},"featured_media":702794,"comment_status":"open","ping_status":"closed","template":"","meta":[],"product_brand":[],"product_cat":[1756,1762],"product_tag":[2244],"acf":[],"_links":{"self":[{"href":"https:\/\/streetmarkets.fr\/app\/wp-json\/wp\/v2\/product\/702793"}],"collection":[{"href":"https:\/\/streetmarkets.fr\/app\/wp-json\/wp\/v2\/product"}],"about":[{"href":"https:\/\/streetmarkets.fr\/app\/wp-json\/wp\/v2\/types\/product"}],"replies":[{"embeddable":true,"href":"https:\/\/streetmarkets.fr\/app\/wp-json\/wp\/v2\/comments?post=702793"}],"wp:featuredmedia":[{"embeddable":true,"href":"https:\/\/streetmarkets.fr\/app\/wp-json\/wp\/v2\/media\/702794"}],"wp:attachment":[{"href":"https:\/\/streetmarkets.fr\/app\/wp-json\/wp\/v2\/media?parent=702793"}],"wp:term":[{"taxonomy":"product_brand","embeddable":true,"href":"https:\/\/streetmarkets.fr\/app\/wp-json\/wp\/v2\/product_brand?post=702793"},{"taxonomy":"product_cat","embeddable":true,"href":"https:\/\/streetmarkets.fr\/app\/wp-json\/wp\/v2\/product_cat?post=702793"},{"taxonomy":"product_tag","embeddable":true,"href":"https:\/\/streetmarkets.fr\/app\/wp-json\/wp\/v2\/product_tag?post=702793"}],"curies":[{"name":"wp","href":"https:\/\/api.w.org\/{rel}","templated":true}]}}