{"id":702790,"date":"2024-10-15T10:30:06","date_gmt":"2024-10-15T08:30:06","guid":{"rendered":"https:\/\/streetmarkets.fr\/app\/produit\/bague-skylar-corail-mimi-et-toi\/"},"modified":"2026-05-03T08:37:49","modified_gmt":"2026-05-03T06:37:49","slug":"bague-skylar-corail-mimi-et-toi","status":"publish","type":"product","link":"https:\/\/streetmarkets.fr\/app\/produit\/bague-skylar-corail-mimi-et-toi\/","title":{"rendered":"Bague Skylar Corail &#8211; MIMI ET TOI"},"content":{"rendered":"<div class=\"flex flex-grow flex-col max-w-full\">\n<div data-message-author-role=\"assistant\" data-message-id=\"5800ffbd-aad4-442e-9e32-1c6e8264ecea\" dir=\"auto\" class=\"min-h-[20px] text-message flex w-full flex-col items-end gap-2 whitespace-pre-wrap break-words [.text-message+&amp;]:mt-5 overflow-x-auto\">\n<div class=\"flex w-full flex-col gap-1 empty:hidden first:pt-[3px]\">\n<div class=\"markdown prose w-full break-words dark:prose-invert dark\">\n<p>Ces bagues arc-en-ciel en r\u00e9sine, agr\u00e9ment\u00e9es de d\u00e9tails plaqu\u00e9s or, peuvent \u00eatre port\u00e9es seules ou combin\u00e9es avec d&#8217;autres couleurs pour un look audacieux et moderne.<\/p>\n<\/div>\n<\/div>\n<\/div>\n<\/div>\n<p><\/p>\n","protected":false},"excerpt":{"rendered":"<p>Ces bagues arc-en-ciel en r\u00e9sine, agr\u00e9ment\u00e9es de d\u00e9tails plaqu\u00e9s or, peuvent \u00eatre port\u00e9es seules ou combin\u00e9es avec d&#8217;autres couleurs pour un look audacieux et moderne.<\/p>\n","protected":false},"featured_media":702791,"comment_status":"open","ping_status":"closed","template":"","meta":[],"product_brand":[],"product_cat":[1807,1756],"product_tag":[2244],"acf":[],"_links":{"self":[{"href":"https:\/\/streetmarkets.fr\/app\/wp-json\/wp\/v2\/product\/702790"}],"collection":[{"href":"https:\/\/streetmarkets.fr\/app\/wp-json\/wp\/v2\/product"}],"about":[{"href":"https:\/\/streetmarkets.fr\/app\/wp-json\/wp\/v2\/types\/product"}],"replies":[{"embeddable":true,"href":"https:\/\/streetmarkets.fr\/app\/wp-json\/wp\/v2\/comments?post=702790"}],"wp:featuredmedia":[{"embeddable":true,"href":"https:\/\/streetmarkets.fr\/app\/wp-json\/wp\/v2\/media\/702791"}],"wp:attachment":[{"href":"https:\/\/streetmarkets.fr\/app\/wp-json\/wp\/v2\/media?parent=702790"}],"wp:term":[{"taxonomy":"product_brand","embeddable":true,"href":"https:\/\/streetmarkets.fr\/app\/wp-json\/wp\/v2\/product_brand?post=702790"},{"taxonomy":"product_cat","embeddable":true,"href":"https:\/\/streetmarkets.fr\/app\/wp-json\/wp\/v2\/product_cat?post=702790"},{"taxonomy":"product_tag","embeddable":true,"href":"https:\/\/streetmarkets.fr\/app\/wp-json\/wp\/v2\/product_tag?post=702790"}],"curies":[{"name":"wp","href":"https:\/\/api.w.org\/{rel}","templated":true}]}}