{"id":702775,"date":"2024-10-15T10:30:06","date_gmt":"2024-10-15T08:30:06","guid":{"rendered":"https:\/\/streetmarkets.fr\/app\/produit\/pantalon-gerard-au-choix\/"},"modified":"2024-10-15T10:30:46","modified_gmt":"2024-10-15T08:30:46","slug":"pantalon-gerard-au-choix","status":"publish","type":"product","link":"https:\/\/streetmarkets.fr\/app\/produit\/pantalon-gerard-au-choix\/","title":{"rendered":"Pantalon G\u00e9rard (au choix)"},"content":{"rendered":"<p>Pantalon G\u00e9rard (au choix) Grace &amp; Mila durable et \u00e9thique \u2713 Livraison rapide &amp; paiement en x3 ou x4.<\/p>\n<p><span style=\"color:#666666;font-family:Montserrat;font-size:13px;background-color:#ffffff\">La silhouette : Ultra confortable, ce pantalon est id\u00e9al \u00e0 porter tout au long de l&#8217;ann\u00e9e. On aime son c\u00f4t\u00e9 casual pour des looks de tous les jours. Cette pi\u00e8ce rejoint notre gamme en fibres naturelles Un brin de vert avec son tissu en coton.<\/span><br style=\"color:#666666;font-family:Montserrat;font-size:13px\" \/><br style=\"color:#666666;font-family:Montserrat;font-size:13px\" \/><span style=\"color:#666666;font-family:Montserrat;font-size:13px;background-color:#ffffff\">On aime le porter avec : Un top \u00e0 fines bretelles, un gilet, un bonnet et des bottines pour une allure tendance en cette saison !<\/span><br style=\"color:#666666;font-family:Montserrat;font-size:13px\" \/><br style=\"color:#666666;font-family:Montserrat;font-size:13px\" \/><span style=\"color:#666666;font-family:Montserrat;font-size:13px;background-color:#ffffff\">Le conseil sizing : Taille normalement. Prenez votre taille habituelle. La mannequin mesure 1m70 pour 59 cm de tour de taille, 87 cm de tour de hanches et porte une taille S.<\/span><\/p>\n","protected":false},"excerpt":{"rendered":"<p>Pantalon G\u00e9rard (au choix) Grace &amp; Mila durable et \u00e9thique \u2713 Livraison rapide &amp; paiement en x3 ou x4. La silhouette : Ultra confortable, ce pantalon est id\u00e9al \u00e0 porter tout au long de l&#8217;ann\u00e9e. On aime son c\u00f4t\u00e9 casual pour des looks de tous les jours. Cette pi\u00e8ce rejoint notre gamme en fibres naturelles [&hellip;]<\/p>\n","protected":false},"featured_media":702776,"comment_status":"open","ping_status":"closed","template":"","meta":[],"product_brand":[],"product_cat":[1756,1762],"product_tag":[2244],"acf":[],"_links":{"self":[{"href":"https:\/\/streetmarkets.fr\/app\/wp-json\/wp\/v2\/product\/702775"}],"collection":[{"href":"https:\/\/streetmarkets.fr\/app\/wp-json\/wp\/v2\/product"}],"about":[{"href":"https:\/\/streetmarkets.fr\/app\/wp-json\/wp\/v2\/types\/product"}],"replies":[{"embeddable":true,"href":"https:\/\/streetmarkets.fr\/app\/wp-json\/wp\/v2\/comments?post=702775"}],"wp:featuredmedia":[{"embeddable":true,"href":"https:\/\/streetmarkets.fr\/app\/wp-json\/wp\/v2\/media\/702776"}],"wp:attachment":[{"href":"https:\/\/streetmarkets.fr\/app\/wp-json\/wp\/v2\/media?parent=702775"}],"wp:term":[{"taxonomy":"product_brand","embeddable":true,"href":"https:\/\/streetmarkets.fr\/app\/wp-json\/wp\/v2\/product_brand?post=702775"},{"taxonomy":"product_cat","embeddable":true,"href":"https:\/\/streetmarkets.fr\/app\/wp-json\/wp\/v2\/product_cat?post=702775"},{"taxonomy":"product_tag","embeddable":true,"href":"https:\/\/streetmarkets.fr\/app\/wp-json\/wp\/v2\/product_tag?post=702775"}],"curies":[{"name":"wp","href":"https:\/\/api.w.org\/{rel}","templated":true}]}}