{"id":702764,"date":"2024-10-15T10:30:06","date_gmt":"2024-10-15T08:30:06","guid":{"rendered":"https:\/\/streetmarkets.fr\/app\/produit\/jean-80-noir\/"},"modified":"2024-10-15T10:30:46","modified_gmt":"2024-10-15T08:30:46","slug":"jean-80-noir","status":"publish","type":"product","link":"https:\/\/streetmarkets.fr\/app\/produit\/jean-80-noir\/","title":{"rendered":"Jean 80 noir"},"content":{"rendered":"<p>Jean 80 noir Grace &amp; Mila durable et \u00e9thique \u2713 Livraison rapide &amp; paiement en x3 ou x4.<\/p>\n<p><span style=\"color:#666666;font-family:Montserrat;font-size:13px;background-color:#ffffff\">La silhouette : Ce jean est un intemporel de la garde-robe. On aime son allure \u00e0 la fois casual et trendy des eighties. Cette pi\u00e8ce certifi\u00e9e OEKO-TEX rejoint notre gamme \u00e9co-responsable avec son tissu coton bio made in Turquie.\u00a0<\/span><br style=\"color:#666666;font-family:Montserrat;font-size:13px\" \/><br style=\"color:#666666;font-family:Montserrat;font-size:13px\" \/><span style=\"color:#666666;font-family:Montserrat;font-size:13px;background-color:#ffffff\">On aime le porter avec : Un tee-shirt rentr\u00e9 dans le jean ou un body et des baskets blanches pour un look casual.<\/span><br style=\"color:#666666;font-family:Montserrat;font-size:13px\" \/><br style=\"color:#666666;font-family:Montserrat;font-size:13px\" \/><span style=\"color:#666666;font-family:Montserrat;font-size:13px;background-color:#ffffff\">Le conseil sizing : Disponible du XS au XL pour s&#8217;adapter aux courbes de chacune. Prenez votre taille habituelle. La \u00a0mannequin mesure 1m75 pour 61 cm de tour de taille, 88 cm de tour de hanches et porte une taille S.<\/span><\/p>\n","protected":false},"excerpt":{"rendered":"<p>Jean 80 noir Grace &amp; Mila durable et \u00e9thique \u2713 Livraison rapide &amp; paiement en x3 ou x4. La silhouette : Ce jean est un intemporel de la garde-robe. On aime son allure \u00e0 la fois casual et trendy des eighties. Cette pi\u00e8ce certifi\u00e9e OEKO-TEX rejoint notre gamme \u00e9co-responsable avec son tissu coton bio made [&hellip;]<\/p>\n","protected":false},"featured_media":702765,"comment_status":"open","ping_status":"closed","template":"","meta":[],"product_brand":[],"product_cat":[1756,1762],"product_tag":[2244],"acf":[],"_links":{"self":[{"href":"https:\/\/streetmarkets.fr\/app\/wp-json\/wp\/v2\/product\/702764"}],"collection":[{"href":"https:\/\/streetmarkets.fr\/app\/wp-json\/wp\/v2\/product"}],"about":[{"href":"https:\/\/streetmarkets.fr\/app\/wp-json\/wp\/v2\/types\/product"}],"replies":[{"embeddable":true,"href":"https:\/\/streetmarkets.fr\/app\/wp-json\/wp\/v2\/comments?post=702764"}],"wp:featuredmedia":[{"embeddable":true,"href":"https:\/\/streetmarkets.fr\/app\/wp-json\/wp\/v2\/media\/702765"}],"wp:attachment":[{"href":"https:\/\/streetmarkets.fr\/app\/wp-json\/wp\/v2\/media?parent=702764"}],"wp:term":[{"taxonomy":"product_brand","embeddable":true,"href":"https:\/\/streetmarkets.fr\/app\/wp-json\/wp\/v2\/product_brand?post=702764"},{"taxonomy":"product_cat","embeddable":true,"href":"https:\/\/streetmarkets.fr\/app\/wp-json\/wp\/v2\/product_cat?post=702764"},{"taxonomy":"product_tag","embeddable":true,"href":"https:\/\/streetmarkets.fr\/app\/wp-json\/wp\/v2\/product_tag?post=702764"}],"curies":[{"name":"wp","href":"https:\/\/api.w.org\/{rel}","templated":true}]}}