{"id":702734,"date":"2024-10-15T10:30:05","date_gmt":"2024-10-15T08:30:05","guid":{"rendered":"https:\/\/streetmarkets.fr\/app\/produit\/pull-galvin\/"},"modified":"2024-10-15T10:30:46","modified_gmt":"2024-10-15T08:30:46","slug":"pull-galvin","status":"publish","type":"product","link":"https:\/\/streetmarkets.fr\/app\/produit\/pull-galvin\/","title":{"rendered":"Pull Galvin"},"content":{"rendered":"<p>Pull Galvin Grace &amp; Mila durable et \u00e9thique \u2713 Livraison rapide &amp; paiement en x3 ou x4.<\/p>\n<p><span style=\"color:#666666;font-family:Montserrat;font-size:13px;background-color:#ffffff\">La silhouette : Ce joli pull compos\u00e9 de 59% de polyester recycl\u00e9 rejoint notre gamme Collective. GALVIN donne une allure f\u00e9minine \u00e0 votre silhouette gr\u00e2ce \u00e0 son encolure V.<\/span><br style=\"color:#666666;font-family:Montserrat;font-size:13px\" \/><br style=\"color:#666666;font-family:Montserrat;font-size:13px\" \/><span style=\"color:#666666;font-family:Montserrat;font-size:13px;background-color:#ffffff\">On aime le porter avec : Un jean taille haute et des bottines pour un look casual.<\/span><br style=\"color:#666666;font-family:Montserrat;font-size:13px\" \/><br style=\"color:#666666;font-family:Montserrat;font-size:13px\" \/><span style=\"color:#666666;font-family:Montserrat;font-size:13px;background-color:#ffffff\">Le conseil sizing : Taille normalement. Prenez votre taille habituelle. La mannequin mesure 1m75 pour 61 cm de tour de taille, 88 cm de tour de hanches et porte une taille S.<\/span><\/p>\n","protected":false},"excerpt":{"rendered":"<p>Pull Galvin Grace &amp; Mila durable et \u00e9thique \u2713 Livraison rapide &amp; paiement en x3 ou x4. La silhouette : Ce joli pull compos\u00e9 de 59% de polyester recycl\u00e9 rejoint notre gamme Collective. GALVIN donne une allure f\u00e9minine \u00e0 votre silhouette gr\u00e2ce \u00e0 son encolure V.On aime le porter avec : Un jean taille haute [&hellip;]<\/p>\n","protected":false},"featured_media":702735,"comment_status":"open","ping_status":"closed","template":"","meta":[],"product_brand":[],"product_cat":[1756,1762],"product_tag":[2244],"acf":[],"_links":{"self":[{"href":"https:\/\/streetmarkets.fr\/app\/wp-json\/wp\/v2\/product\/702734"}],"collection":[{"href":"https:\/\/streetmarkets.fr\/app\/wp-json\/wp\/v2\/product"}],"about":[{"href":"https:\/\/streetmarkets.fr\/app\/wp-json\/wp\/v2\/types\/product"}],"replies":[{"embeddable":true,"href":"https:\/\/streetmarkets.fr\/app\/wp-json\/wp\/v2\/comments?post=702734"}],"wp:featuredmedia":[{"embeddable":true,"href":"https:\/\/streetmarkets.fr\/app\/wp-json\/wp\/v2\/media\/702735"}],"wp:attachment":[{"href":"https:\/\/streetmarkets.fr\/app\/wp-json\/wp\/v2\/media?parent=702734"}],"wp:term":[{"taxonomy":"product_brand","embeddable":true,"href":"https:\/\/streetmarkets.fr\/app\/wp-json\/wp\/v2\/product_brand?post=702734"},{"taxonomy":"product_cat","embeddable":true,"href":"https:\/\/streetmarkets.fr\/app\/wp-json\/wp\/v2\/product_cat?post=702734"},{"taxonomy":"product_tag","embeddable":true,"href":"https:\/\/streetmarkets.fr\/app\/wp-json\/wp\/v2\/product_tag?post=702734"}],"curies":[{"name":"wp","href":"https:\/\/api.w.org\/{rel}","templated":true}]}}