{"id":702712,"date":"2024-10-15T10:30:03","date_gmt":"2024-10-15T08:30:03","guid":{"rendered":"https:\/\/streetmarkets.fr\/app\/produit\/t-shirt-henri\/"},"modified":"2024-10-15T10:30:45","modified_gmt":"2024-10-15T08:30:45","slug":"t-shirt-henri","status":"publish","type":"product","link":"https:\/\/streetmarkets.fr\/app\/produit\/t-shirt-henri\/","title":{"rendered":"T-shirt Henri"},"content":{"rendered":"<p>T-shirt Henri Grace &amp; Mila durable et \u00e9thique \u2713 Livraison rapide &amp; paiement en x3 ou x4.<\/p>\n<p><span style=\"color:#666666;font-family:Montserrat;font-size:13px;background-color:#ffffff\">La silhouette : Ce tee-shirt est un basique de la garde-robe r\u00e9confortant lorsque les temp\u00e9ratures sont en baisse. Sa coupe ajust\u00e9e met en valeur le haut de votre silhouette. Cette pi\u00e8ce rejoint gamme Un Brin de Vert.\u00a0<\/span><br style=\"color:#666666;font-family:Montserrat;font-size:13px\" \/><br style=\"color:#666666;font-family:Montserrat;font-size:13px\" \/><span style=\"color:#666666;font-family:Montserrat;font-size:13px;background-color:#ffffff\">On aime le porter avec : Un jupe taille haute, une ceinture et des bottes pour une allure boh\u00e8me. Ou avec un short taille haute et des bottines pour un style tendance.<\/span><br style=\"color:#666666;font-family:Montserrat;font-size:13px\" \/><br style=\"color:#666666;font-family:Montserrat;font-size:13px\" \/><span style=\"color:#666666;font-family:Montserrat;font-size:13px;background-color:#ffffff\">Le conseil sizing : Taille normalement. Prenez votre taille habituelle. La mannequin mesure 1m70 pour 59 cm de tour de taille, 87 cm de tour de hanches et porte une taille S.<\/span><\/p>\n","protected":false},"excerpt":{"rendered":"<p>T-shirt Henri Grace &amp; Mila durable et \u00e9thique \u2713 Livraison rapide &amp; paiement en x3 ou x4. La silhouette : Ce tee-shirt est un basique de la garde-robe r\u00e9confortant lorsque les temp\u00e9ratures sont en baisse. Sa coupe ajust\u00e9e met en valeur le haut de votre silhouette. Cette pi\u00e8ce rejoint gamme Un Brin de Vert.\u00a0On aime [&hellip;]<\/p>\n","protected":false},"featured_media":702713,"comment_status":"open","ping_status":"closed","template":"","meta":[],"product_brand":[],"product_cat":[1756,1762],"product_tag":[2244],"acf":[],"_links":{"self":[{"href":"https:\/\/streetmarkets.fr\/app\/wp-json\/wp\/v2\/product\/702712"}],"collection":[{"href":"https:\/\/streetmarkets.fr\/app\/wp-json\/wp\/v2\/product"}],"about":[{"href":"https:\/\/streetmarkets.fr\/app\/wp-json\/wp\/v2\/types\/product"}],"replies":[{"embeddable":true,"href":"https:\/\/streetmarkets.fr\/app\/wp-json\/wp\/v2\/comments?post=702712"}],"wp:featuredmedia":[{"embeddable":true,"href":"https:\/\/streetmarkets.fr\/app\/wp-json\/wp\/v2\/media\/702713"}],"wp:attachment":[{"href":"https:\/\/streetmarkets.fr\/app\/wp-json\/wp\/v2\/media?parent=702712"}],"wp:term":[{"taxonomy":"product_brand","embeddable":true,"href":"https:\/\/streetmarkets.fr\/app\/wp-json\/wp\/v2\/product_brand?post=702712"},{"taxonomy":"product_cat","embeddable":true,"href":"https:\/\/streetmarkets.fr\/app\/wp-json\/wp\/v2\/product_cat?post=702712"},{"taxonomy":"product_tag","embeddable":true,"href":"https:\/\/streetmarkets.fr\/app\/wp-json\/wp\/v2\/product_tag?post=702712"}],"curies":[{"name":"wp","href":"https:\/\/api.w.org\/{rel}","templated":true}]}}