{"id":702697,"date":"2024-10-15T10:30:03","date_gmt":"2024-10-15T08:30:03","guid":{"rendered":"https:\/\/streetmarkets.fr\/app\/produit\/body-hiro\/"},"modified":"2024-10-15T10:30:45","modified_gmt":"2024-10-15T08:30:45","slug":"body-hiro","status":"publish","type":"product","link":"https:\/\/streetmarkets.fr\/app\/produit\/body-hiro\/","title":{"rendered":"Body Hiro"},"content":{"rendered":"<p>Body Hiro Grace &amp; Mila durable et \u00e9thique \u2713 Livraison rapide &amp; paiement en x3 ou x4.<\/p>\n<p><span style=\"color:#666666;font-family:Montserrat;font-size:13px;background-color:#ffffff\">La silhouette : Nous avons revisit\u00e9 notre body. Il se pare de touche de lumi\u00e8re et se met en mode f\u00eate ! L&#8217;encolure V d\u00e9voile votre sublime buste. Des d\u00e9coupes arrondies et fronc\u00e9es sous la poitrine mettent en valeur le haut de votre silhouette.\u00a0<\/span><br style=\"color:#666666;font-family:Montserrat;font-size:13px\" \/><br style=\"color:#666666;font-family:Montserrat;font-size:13px\" \/><span style=\"color:#666666;font-family:Montserrat;font-size:13px;background-color:#ffffff\">On aime le porter avec : Un pantalon taille haute et des sandales pour une allure festive. Ou avec une jupe et des bottines pour un style tendance !<\/span><br style=\"color:#666666;font-family:Montserrat;font-size:13px\" \/><br style=\"color:#666666;font-family:Montserrat;font-size:13px\" \/><span style=\"color:#666666;font-family:Montserrat;font-size:13px;background-color:#ffffff\">Le conseil sizing : Taille normalement. Prenez votre taille habituelle. La mannequin mesure 1m70 pour 59 cm de tour de taille, 87 cm de tour de hanches et porte une taille S.<\/span><\/p>\n","protected":false},"excerpt":{"rendered":"<p>Body Hiro Grace &amp; Mila durable et \u00e9thique \u2713 Livraison rapide &amp; paiement en x3 ou x4. La silhouette : Nous avons revisit\u00e9 notre body. Il se pare de touche de lumi\u00e8re et se met en mode f\u00eate ! L&#8217;encolure V d\u00e9voile votre sublime buste. Des d\u00e9coupes arrondies et fronc\u00e9es sous la poitrine mettent en [&hellip;]<\/p>\n","protected":false},"featured_media":702698,"comment_status":"open","ping_status":"closed","template":"","meta":[],"product_brand":[],"product_cat":[1756,1762],"product_tag":[2244],"acf":[],"_links":{"self":[{"href":"https:\/\/streetmarkets.fr\/app\/wp-json\/wp\/v2\/product\/702697"}],"collection":[{"href":"https:\/\/streetmarkets.fr\/app\/wp-json\/wp\/v2\/product"}],"about":[{"href":"https:\/\/streetmarkets.fr\/app\/wp-json\/wp\/v2\/types\/product"}],"replies":[{"embeddable":true,"href":"https:\/\/streetmarkets.fr\/app\/wp-json\/wp\/v2\/comments?post=702697"}],"wp:featuredmedia":[{"embeddable":true,"href":"https:\/\/streetmarkets.fr\/app\/wp-json\/wp\/v2\/media\/702698"}],"wp:attachment":[{"href":"https:\/\/streetmarkets.fr\/app\/wp-json\/wp\/v2\/media?parent=702697"}],"wp:term":[{"taxonomy":"product_brand","embeddable":true,"href":"https:\/\/streetmarkets.fr\/app\/wp-json\/wp\/v2\/product_brand?post=702697"},{"taxonomy":"product_cat","embeddable":true,"href":"https:\/\/streetmarkets.fr\/app\/wp-json\/wp\/v2\/product_cat?post=702697"},{"taxonomy":"product_tag","embeddable":true,"href":"https:\/\/streetmarkets.fr\/app\/wp-json\/wp\/v2\/product_tag?post=702697"}],"curies":[{"name":"wp","href":"https:\/\/api.w.org\/{rel}","templated":true}]}}