{"id":702695,"date":"2024-10-15T10:30:03","date_gmt":"2024-10-15T08:30:03","guid":{"rendered":"https:\/\/streetmarkets.fr\/app\/produit\/cabas-kamara-naturel-lagon-a-point-etc\/"},"modified":"2026-05-10T08:37:21","modified_gmt":"2026-05-10T06:37:21","slug":"cabas-kamara-naturel-lagon-a-point-etc","status":"publish","type":"product","link":"https:\/\/streetmarkets.fr\/app\/produit\/cabas-kamara-naturel-lagon-a-point-etc\/","title":{"rendered":"Cabas Kamara Naturel &amp; Lagon &#8211; A Point ETC"},"content":{"rendered":"<p>\u00a0<\/p>\n<p data-mce-fragment=\"1\"><strong>Sac cabas en raphia\u00a0coloris\u00a0naturel et lagon.<\/strong>\u00a0<\/p>\n<p data-mce-fragment=\"1\">Anses en raphia, poche int\u00e9rieur et ext\u00e9rieur<\/p>\n<p data-mce-fragment=\"1\">Ce cabas se porte aussi bien \u00e0 l&#8217; \u00e9paule qu&#8217;\u00e0 la main.<\/p>\n","protected":false},"excerpt":{"rendered":"<p>\u00a0 Sac cabas en raphia\u00a0coloris\u00a0naturel et lagon.\u00a0 Anses en raphia, poche int\u00e9rieur et ext\u00e9rieur Ce cabas se porte aussi bien \u00e0 l&#8217; \u00e9paule qu&#8217;\u00e0 la main.<\/p>\n","protected":false},"featured_media":702696,"comment_status":"open","ping_status":"closed","template":"","meta":[],"product_brand":[],"product_cat":[1756,1764],"product_tag":[2244],"acf":[],"_links":{"self":[{"href":"https:\/\/streetmarkets.fr\/app\/wp-json\/wp\/v2\/product\/702695"}],"collection":[{"href":"https:\/\/streetmarkets.fr\/app\/wp-json\/wp\/v2\/product"}],"about":[{"href":"https:\/\/streetmarkets.fr\/app\/wp-json\/wp\/v2\/types\/product"}],"replies":[{"embeddable":true,"href":"https:\/\/streetmarkets.fr\/app\/wp-json\/wp\/v2\/comments?post=702695"}],"wp:featuredmedia":[{"embeddable":true,"href":"https:\/\/streetmarkets.fr\/app\/wp-json\/wp\/v2\/media\/702696"}],"wp:attachment":[{"href":"https:\/\/streetmarkets.fr\/app\/wp-json\/wp\/v2\/media?parent=702695"}],"wp:term":[{"taxonomy":"product_brand","embeddable":true,"href":"https:\/\/streetmarkets.fr\/app\/wp-json\/wp\/v2\/product_brand?post=702695"},{"taxonomy":"product_cat","embeddable":true,"href":"https:\/\/streetmarkets.fr\/app\/wp-json\/wp\/v2\/product_cat?post=702695"},{"taxonomy":"product_tag","embeddable":true,"href":"https:\/\/streetmarkets.fr\/app\/wp-json\/wp\/v2\/product_tag?post=702695"}],"curies":[{"name":"wp","href":"https:\/\/api.w.org\/{rel}","templated":true}]}}