{"id":702612,"date":"2024-10-15T10:29:59","date_gmt":"2024-10-15T08:29:59","guid":{"rendered":"https:\/\/streetmarkets.fr\/app\/produit\/pantalon-pierrot\/"},"modified":"2024-10-15T10:30:45","modified_gmt":"2024-10-15T08:30:45","slug":"pantalon-pierrot","status":"publish","type":"product","link":"https:\/\/streetmarkets.fr\/app\/produit\/pantalon-pierrot\/","title":{"rendered":"Pantalon Pierrot"},"content":{"rendered":"<p>Pantalon Pierrot Karma Koma durable et \u00e9thique \u2713 Livraison rapide &amp; paiement en x3 ou x4.<\/p>\n<p style=\"margin-top:0px;margin-bottom:0.5rem;color:#282828;font-family:Raleway, '-apple-system', BlinkMacSystemFont, 'Segoe UI', Roboto, 'Helvetica Neue', Arial, sans-serif, 'Apple Color Emoji', 'Segoe UI Emoji', 'Segoe UI Symbol';font-size:14px\">Le pantalon PIERROT allie<span>\u00a0confort<\/span>\u00a0et style. Il pr\u00e9sente une taille marqu\u00e9e par une\u00a0<span>ceinture \u00e9lastique<\/span>. Sa coupe loose et droite associ\u00e9e au\u00a0<span>velours<\/span>, offre un rendu d\u00e9contract\u00e9. Sa mati\u00e8re lui conf\u00e8re toute son originalit\u00e9 ! Pi\u00e8ce ma\u00eetresse d&#8217;un look, associez-le en toute simplicit\u00e9 \u00e0 notre\u00a0<a href=\"https:\/\/www.karmakoma.fr\/fr\/Collections\/1000005215-birkin-pull.html\" style=\"color:#282828;text-decoration:none\"><span style=\"text-decoration:underline\"><span>pull BIRKIN<\/span><\/span><\/a>. C&#8217;est un pantalon qui se marie tr\u00e8s bien avec notre ligne en soie pour contraster avec son allure casual.<\/p>\n<p style=\"margin-top:0px;margin-bottom:0.5rem;color:#282828;font-family:Raleway, '-apple-system', BlinkMacSystemFont, 'Segoe UI', Roboto, 'Helvetica Neue', Arial, sans-serif, 'Apple Color Emoji', 'Segoe UI Emoji', 'Segoe UI Symbol';font-size:14px\">Si vous h\u00e9sitez entre deux tailles, choisissez la taille au-dessus. Sinon, choisissez votre taille habituelle.<\/p>\n<p><span style=\"color:#282828;font-family:Raleway, '-apple-system', BlinkMacSystemFont, 'Segoe UI', Roboto, 'Helvetica Neue', Arial, sans-serif, 'Apple Color Emoji', 'Segoe UI Emoji', 'Segoe UI Symbol';font-size:14px;background-color:#ffffff\">Pantalon en velours.<\/span><br style=\"color:#282828;font-family:Raleway, '-apple-system', BlinkMacSystemFont, 'Segoe UI', Roboto, 'Helvetica Neue', Arial, sans-serif, 'Apple Color Emoji', 'Segoe UI Emoji', 'Segoe UI Symbol';font-size:14px\" \/><span style=\"color:#282828;font-family:Raleway, '-apple-system', BlinkMacSystemFont, 'Segoe UI', Roboto, 'Helvetica Neue', Arial, sans-serif, 'Apple Color Emoji', 'Segoe UI Emoji', 'Segoe UI Symbol';font-size:14px;background-color:#ffffff\">&#8211; Coupe loose et droite<\/span><br style=\"color:#282828;font-family:Raleway, '-apple-system', BlinkMacSystemFont, 'Segoe UI', Roboto, 'Helvetica Neue', Arial, sans-serif, 'Apple Color Emoji', 'Segoe UI Emoji', 'Segoe UI Symbol';font-size:14px\" \/><span style=\"color:#282828;font-family:Raleway, '-apple-system', BlinkMacSystemFont, 'Segoe UI', Roboto, 'Helvetica Neue', Arial, sans-serif, 'Apple Color Emoji', 'Segoe UI Emoji', 'Segoe UI Symbol';font-size:14px;background-color:#ffffff\">&#8211; Ceinture \u00e9lastique<\/span><br style=\"color:#282828;font-family:Raleway, '-apple-system', BlinkMacSystemFont, 'Segoe UI', Roboto, 'Helvetica Neue', Arial, sans-serif, 'Apple Color Emoji', 'Segoe UI Emoji', 'Segoe UI Symbol';font-size:14px\" \/><span style=\"color:#282828;font-family:Raleway, '-apple-system', BlinkMacSystemFont, 'Segoe UI', Roboto, 'Helvetica Neue', Arial, sans-serif, 'Apple Color Emoji', 'Segoe UI Emoji', 'Segoe UI Symbol';font-size:14px;background-color:#ffffff\">&#8211; Poches fendues sur les c\u00f4t\u00e9s<\/span><\/p>\n<p style=\"margin-top:0px;margin-bottom:0.5rem;color:#282828;font-family:Raleway, '-apple-system', BlinkMacSystemFont, 'Segoe UI', Roboto, 'Helvetica Neue', Arial, sans-serif, 'Apple Color Emoji', 'Segoe UI Emoji', 'Segoe UI Symbol';font-size:14px\"><u>Composition :\u00a0<br \/><\/u><\/p>\n<p style=\"margin-top:0px;margin-bottom:0.5rem;color:#282828;font-family:Raleway, '-apple-system', BlinkMacSystemFont, 'Segoe UI', Roboto, 'Helvetica Neue', Arial, sans-serif, 'Apple Color Emoji', 'Segoe UI Emoji', 'Segoe UI Symbol';font-size:14px\">Mati\u00e8re principale :<br \/>90% Polyester<br \/>10% Elasthane<\/p>\n<p style=\"margin-top:0px;margin-bottom:0.5rem;color:#282828;font-family:Raleway, '-apple-system', BlinkMacSystemFont, 'Segoe UI', Roboto, 'Helvetica Neue', Arial, sans-serif, 'Apple Color Emoji', 'Segoe UI Emoji', 'Segoe UI Symbol';font-size:14px\">Doublure (Uniquement sur le fond de poche) :<br \/>100% Rayonne<\/p>\n<p style=\"margin-top:0px;margin-bottom:0.5rem;color:#282828;font-family:Raleway, '-apple-system', BlinkMacSystemFont, 'Segoe UI', Roboto, 'Helvetica Neue', Arial, sans-serif, 'Apple Color Emoji', 'Segoe UI Emoji', 'Segoe UI Symbol';font-size:14px\">\n<div class=\"row medfeaturespictures\" style=\"margin-right:-15px;margin-left:-15px;color:#282828;font-family:Raleway, '-apple-system', BlinkMacSystemFont, 'Segoe UI', Roboto, 'Helvetica Neue', Arial, sans-serif, 'Apple Color Emoji', 'Segoe UI Emoji', 'Segoe UI Symbol';font-size:14px\">\n<p class=\"col-xs-12\" style=\"margin-top:0px;margin-bottom:0.5rem;width:646px;padding-right:15px;padding-left:15px;max-width:100%\"><u>Entretien<\/u><u><\/u><\/p>\n<div class=\"col-xs-12 col-sm-12 col-md-12 col-lg-12\" style=\"width:646px;padding-right:15px;padding-left:15px;max-width:100%\"><span class=\"clearfix col-xs-12\" style=\"width:616px;padding-right:15px;padding-left:15px;max-width:100%\">Lavage 30\u00b0 d\u00e9licat<\/span><\/div>\n<div class=\"col-xs-12 col-sm-12 col-md-12 col-lg-12\" style=\"width:646px;padding-right:15px;padding-left:15px;max-width:100%\"><span class=\"clearfix col-xs-12\" style=\"width:616px;padding-right:15px;padding-left:15px;max-width:100%\">Pas de blanchissement<\/span><\/div>\n<div class=\"col-xs-12 col-sm-12 col-md-12 col-lg-12\" style=\"width:646px;padding-right:15px;padding-left:15px;max-width:100%\"><span class=\"clearfix col-xs-12\" style=\"width:616px;padding-right:15px;padding-left:15px;max-width:100%\">Pas de s\u00e9chage en tambour<\/span><\/div>\n<div class=\"col-xs-12 col-sm-12 col-md-12 col-lg-12\" style=\"width:646px;padding-right:15px;padding-left:15px;max-width:100%\"><span class=\"clearfix col-xs-12\" style=\"width:616px;padding-right:15px;padding-left:15px;max-width:100%\">Pas de repassage<\/span><\/div>\n<\/div>\n","protected":false},"excerpt":{"rendered":"<p>Pantalon Pierrot Karma Koma durable et \u00e9thique \u2713 Livraison rapide &amp; paiement en x3 ou x4. Le pantalon PIERROT allie\u00a0confort\u00a0et style. Il pr\u00e9sente une taille marqu\u00e9e par une\u00a0ceinture \u00e9lastique. Sa coupe loose et droite associ\u00e9e au\u00a0velours, offre un rendu d\u00e9contract\u00e9. Sa mati\u00e8re lui conf\u00e8re toute son originalit\u00e9 ! Pi\u00e8ce ma\u00eetresse d&#8217;un look, associez-le en toute [&hellip;]<\/p>\n","protected":false},"featured_media":702613,"comment_status":"open","ping_status":"closed","template":"","meta":[],"product_brand":[],"product_cat":[1756,1762],"product_tag":[2244],"acf":[],"_links":{"self":[{"href":"https:\/\/streetmarkets.fr\/app\/wp-json\/wp\/v2\/product\/702612"}],"collection":[{"href":"https:\/\/streetmarkets.fr\/app\/wp-json\/wp\/v2\/product"}],"about":[{"href":"https:\/\/streetmarkets.fr\/app\/wp-json\/wp\/v2\/types\/product"}],"replies":[{"embeddable":true,"href":"https:\/\/streetmarkets.fr\/app\/wp-json\/wp\/v2\/comments?post=702612"}],"wp:featuredmedia":[{"embeddable":true,"href":"https:\/\/streetmarkets.fr\/app\/wp-json\/wp\/v2\/media\/702613"}],"wp:attachment":[{"href":"https:\/\/streetmarkets.fr\/app\/wp-json\/wp\/v2\/media?parent=702612"}],"wp:term":[{"taxonomy":"product_brand","embeddable":true,"href":"https:\/\/streetmarkets.fr\/app\/wp-json\/wp\/v2\/product_brand?post=702612"},{"taxonomy":"product_cat","embeddable":true,"href":"https:\/\/streetmarkets.fr\/app\/wp-json\/wp\/v2\/product_cat?post=702612"},{"taxonomy":"product_tag","embeddable":true,"href":"https:\/\/streetmarkets.fr\/app\/wp-json\/wp\/v2\/product_tag?post=702612"}],"curies":[{"name":"wp","href":"https:\/\/api.w.org\/{rel}","templated":true}]}}