{"id":702585,"date":"2024-10-15T10:29:57","date_gmt":"2024-10-15T08:29:57","guid":{"rendered":"https:\/\/streetmarkets.fr\/app\/produit\/blouse-claudia-stuart\/"},"modified":"2024-10-15T10:30:44","modified_gmt":"2024-10-15T08:30:44","slug":"blouse-claudia-stuart","status":"publish","type":"product","link":"https:\/\/streetmarkets.fr\/app\/produit\/blouse-claudia-stuart\/","title":{"rendered":"Blouse Claudia Stuart"},"content":{"rendered":"<p>D\u00e9couvrez cette magnifique Blouse Claudia Stuart de la ma marque Sacr\u00e9coeur chez Mamamushi. Click and collect disponible, livraison &amp; paiement s\u00e9curis\u00e9.<\/p>\n<p class=\"p1\" style=\"font-size:16px;border:0px;margin:0px;padding:0px;vertical-align:baseline;line-height:26px;color:#2d2d2d;font-family:Montserrat, sans-serif;background-position:0px 0px\">Blouse f\u00e9minine \u00e0 carreaux, fluide et chaleureuse.<\/p>\n<p style=\"font-size:16px;border:0px;margin:0px;padding:0px;vertical-align:baseline;line-height:26px;color:#2d2d2d;font-family:Montserrat, sans-serif;background-position:0px 0px\">\u00a0<\/p>\n<p class=\"p1\" style=\"font-size:16px;border:0px;margin:0px;padding:0px;vertical-align:baseline;line-height:26px;color:#2d2d2d;font-family:Montserrat, sans-serif;background-position:0px 0px\"><span style=\"border:0px;margin:0px;padding:0px;vertical-align:baseline;color:#000000;background-position:0px 0px\">En carreaux \u00e9tamine de viscose \u2013 laine. Tiss\u00e9s en Italie.<\/span><\/p>\n<p style=\"font-size:16px;border:0px;margin:0px;padding:0px;vertical-align:baseline;line-height:26px;color:#2d2d2d;font-family:Montserrat, sans-serif;background-position:0px 0px\">\u00a0<\/p>\n<ul style=\"border:0px;margin:15px 0px;padding:0px;vertical-align:baseline;font-family:Montserrat, sans-serif;font-size:15px;background-position:0px 0px\">\n<li class=\"p1\" style=\"border:0px;margin:0px;padding:0px;vertical-align:baseline;background-position:0px 0px\">Manches raglan.<\/li>\n<li style=\"border:0px;margin:0px;padding:0px;vertical-align:baseline;background-position:0px 0px\">Fronces au col et bas de manches.<\/li>\n<li style=\"border:0px;margin:0px;padding:0px;vertical-align:baseline;background-position:0px 0px\">Patte de boutonnage courte.<\/li>\n<li class=\"p1\" style=\"border:0px;margin:0px;padding:0px;vertical-align:baseline;background-position:0px 0px\">Boutons apparents.<\/li>\n<li style=\"border:0px;margin:0px;padding:0px;vertical-align:baseline;background-position:0px 0px\">Petit col mao.<\/li>\n<li style=\"border:0px;margin:0px;padding:0px;vertical-align:baseline;background-position:0px 0px\">Poignets fins.<\/li>\n<\/ul>\n<p style=\"font-size:16px;border:0px;margin:0px;padding:0px;vertical-align:baseline;line-height:26px;color:#2d2d2d;font-family:Montserrat, sans-serif;background-position:0px 0px\">\u00a0<\/p>\n<p class=\"p1\" style=\"font-size:16px;border:0px;margin:0px;padding:0px;vertical-align:baseline;line-height:26px;color:#2d2d2d;font-family:Montserrat, sans-serif;background-position:0px 0px\">Coupe f\u00e9minine et ample.<\/p>\n","protected":false},"excerpt":{"rendered":"<p>D\u00e9couvrez cette magnifique Blouse Claudia Stuart de la ma marque Sacr\u00e9coeur chez Mamamushi. Click and collect disponible, livraison &amp; paiement s\u00e9curis\u00e9. Blouse f\u00e9minine \u00e0 carreaux, fluide et chaleureuse. \u00a0 En carreaux \u00e9tamine de viscose \u2013 laine. Tiss\u00e9s en Italie. \u00a0 Manches raglan. Fronces au col et bas de manches. Patte de boutonnage courte. Boutons apparents. [&hellip;]<\/p>\n","protected":false},"featured_media":702586,"comment_status":"open","ping_status":"closed","template":"","meta":[],"product_brand":[],"product_cat":[1756,1762],"product_tag":[2244],"acf":[],"_links":{"self":[{"href":"https:\/\/streetmarkets.fr\/app\/wp-json\/wp\/v2\/product\/702585"}],"collection":[{"href":"https:\/\/streetmarkets.fr\/app\/wp-json\/wp\/v2\/product"}],"about":[{"href":"https:\/\/streetmarkets.fr\/app\/wp-json\/wp\/v2\/types\/product"}],"replies":[{"embeddable":true,"href":"https:\/\/streetmarkets.fr\/app\/wp-json\/wp\/v2\/comments?post=702585"}],"wp:featuredmedia":[{"embeddable":true,"href":"https:\/\/streetmarkets.fr\/app\/wp-json\/wp\/v2\/media\/702586"}],"wp:attachment":[{"href":"https:\/\/streetmarkets.fr\/app\/wp-json\/wp\/v2\/media?parent=702585"}],"wp:term":[{"taxonomy":"product_brand","embeddable":true,"href":"https:\/\/streetmarkets.fr\/app\/wp-json\/wp\/v2\/product_brand?post=702585"},{"taxonomy":"product_cat","embeddable":true,"href":"https:\/\/streetmarkets.fr\/app\/wp-json\/wp\/v2\/product_cat?post=702585"},{"taxonomy":"product_tag","embeddable":true,"href":"https:\/\/streetmarkets.fr\/app\/wp-json\/wp\/v2\/product_tag?post=702585"}],"curies":[{"name":"wp","href":"https:\/\/api.w.org\/{rel}","templated":true}]}}