{"id":702577,"date":"2024-10-15T10:29:57","date_gmt":"2024-10-15T08:29:57","guid":{"rendered":"https:\/\/streetmarkets.fr\/app\/produit\/ceinture-palmyro-camel-chocolat-mare-di-latte\/"},"modified":"2026-05-12T08:37:39","modified_gmt":"2026-05-12T06:37:39","slug":"ceinture-palmyro-camel-chocolat-mare-di-latte","status":"publish","type":"product","link":"https:\/\/streetmarkets.fr\/app\/produit\/ceinture-palmyro-camel-chocolat-mare-di-latte\/","title":{"rendered":"Ceinture Palmyro Camel Chocolat &#8211; Mare Di Latte"},"content":{"rendered":"<p><span data-mce-fragment=\"1\">Compos\u00e9e de diff\u00e9rentes pastilles de cuir assembl\u00e9es et tress\u00e9es, cette ceinture en cuir habillera toutes vos tenues, du par\u00e9o malin \u00e0 la robe chemise ou sur un pantalon.<\/span><\/p>\n<p><span data-mce-fragment=\"1\">Ceinture \u00e0 nouer<\/span><\/p>\n<p><span data-mce-fragment=\"1\"><\/span>Taille unique<\/p>\n<p>\u00a0<\/p>\n","protected":false},"excerpt":{"rendered":"<p>Compos\u00e9e de diff\u00e9rentes pastilles de cuir assembl\u00e9es et tress\u00e9es, cette ceinture en cuir habillera toutes vos tenues, du par\u00e9o malin \u00e0 la robe chemise ou sur un pantalon. Ceinture \u00e0 nouer Taille unique \u00a0<\/p>\n","protected":false},"featured_media":702578,"comment_status":"open","ping_status":"closed","template":"","meta":[],"product_brand":[],"product_cat":[1756,1764],"product_tag":[2244],"acf":[],"_links":{"self":[{"href":"https:\/\/streetmarkets.fr\/app\/wp-json\/wp\/v2\/product\/702577"}],"collection":[{"href":"https:\/\/streetmarkets.fr\/app\/wp-json\/wp\/v2\/product"}],"about":[{"href":"https:\/\/streetmarkets.fr\/app\/wp-json\/wp\/v2\/types\/product"}],"replies":[{"embeddable":true,"href":"https:\/\/streetmarkets.fr\/app\/wp-json\/wp\/v2\/comments?post=702577"}],"wp:featuredmedia":[{"embeddable":true,"href":"https:\/\/streetmarkets.fr\/app\/wp-json\/wp\/v2\/media\/702578"}],"wp:attachment":[{"href":"https:\/\/streetmarkets.fr\/app\/wp-json\/wp\/v2\/media?parent=702577"}],"wp:term":[{"taxonomy":"product_brand","embeddable":true,"href":"https:\/\/streetmarkets.fr\/app\/wp-json\/wp\/v2\/product_brand?post=702577"},{"taxonomy":"product_cat","embeddable":true,"href":"https:\/\/streetmarkets.fr\/app\/wp-json\/wp\/v2\/product_cat?post=702577"},{"taxonomy":"product_tag","embeddable":true,"href":"https:\/\/streetmarkets.fr\/app\/wp-json\/wp\/v2\/product_tag?post=702577"}],"curies":[{"name":"wp","href":"https:\/\/api.w.org\/{rel}","templated":true}]}}