{"id":702567,"date":"2024-10-15T10:29:15","date_gmt":"2024-10-15T08:29:15","guid":{"rendered":"https:\/\/streetmarkets.fr\/app\/produit\/blouse-claudia-ble\/"},"modified":"2024-10-15T10:29:56","modified_gmt":"2024-10-15T08:29:56","slug":"blouse-claudia-ble","status":"publish","type":"product","link":"https:\/\/streetmarkets.fr\/app\/produit\/blouse-claudia-ble\/","title":{"rendered":"Blouse Claudia Ble"},"content":{"rendered":"<p>D\u00e9couvrez cette magnifique blouse Claudia de la marque Sacr\u00e9coeur chez Mamamushi. Click and collect disponible, livraison &amp; paiement s\u00e9curis\u00e9.<\/p>\n<p class=\"p1\" style=\"font-size:16px;border:0px;margin:0px;padding:0px;vertical-align:baseline;line-height:26px;color:#2d2d2d;font-family:Montserrat, sans-serif;background-position:0px 0px\">Blouse fluide brod\u00e9e ton sur ton, esprit linge ancien.<\/p>\n<p style=\"font-size:16px;border:0px;margin:0px;padding:0px;vertical-align:baseline;line-height:26px;color:#2d2d2d;font-family:Montserrat, sans-serif;background-position:0px 0px\">\u00a0<\/p>\n<p class=\"p1\" style=\"font-size:16px;border:0px;margin:0px;padding:0px;vertical-align:baseline;line-height:26px;color:#2d2d2d;font-family:Montserrat, sans-serif;background-position:0px 0px\"><span style=\"border:0px;margin:0px;padding:0px;vertical-align:baseline;color:#000000;background-position:0px 0px\">En popeline de coton \u2013 viscose rebrod\u00e9e. Tiss\u00e9e et brod\u00e9e en Italie.<\/span><\/p>\n<p style=\"font-size:16px;border:0px;margin:0px;padding:0px;vertical-align:baseline;line-height:26px;color:#2d2d2d;font-family:Montserrat, sans-serif;background-position:0px 0px\">\u00a0<\/p>\n<ul style=\"border:0px;margin:15px 0px;padding:0px;vertical-align:baseline;font-family:Montserrat, sans-serif;font-size:15px;background-position:0px 0px\">\n<li class=\"p1\" style=\"border:0px;margin:0px;padding:0px;vertical-align:baseline;background-position:0px 0px\">Manches raglan.<\/li>\n<li style=\"border:0px;margin:0px;padding:0px;vertical-align:baseline;background-position:0px 0px\">Fronces au col et bas de manches.<\/li>\n<li style=\"border:0px;margin:0px;padding:0px;vertical-align:baseline;background-position:0px 0px\">Patte de boutonnage courte.<\/li>\n<li class=\"p1\" style=\"border:0px;margin:0px;padding:0px;vertical-align:baseline;background-position:0px 0px\">Boutons apparents.<\/li>\n<li style=\"border:0px;margin:0px;padding:0px;vertical-align:baseline;background-position:0px 0px\">Petit col mao.<\/li>\n<li style=\"border:0px;margin:0px;padding:0px;vertical-align:baseline;background-position:0px 0px\">Poignets fins.<\/li>\n<\/ul>\n<p style=\"font-size:16px;border:0px;margin:0px;padding:0px;vertical-align:baseline;line-height:26px;color:#2d2d2d;font-family:Montserrat, sans-serif;background-position:0px 0px\">\u00a0<\/p>\n<p class=\"p1\" style=\"font-size:16px;border:0px;margin:0px;padding:0px;vertical-align:baseline;line-height:26px;color:#2d2d2d;font-family:Montserrat, sans-serif;background-position:0px 0px\">Coupe f\u00e9minine et ample.<\/p>\n","protected":false},"excerpt":{"rendered":"<p>D\u00e9couvrez cette magnifique blouse Claudia de la marque Sacr\u00e9coeur chez Mamamushi. Click and collect disponible, livraison &amp; paiement s\u00e9curis\u00e9. Blouse fluide brod\u00e9e ton sur ton, esprit linge ancien. \u00a0 En popeline de coton \u2013 viscose rebrod\u00e9e. Tiss\u00e9e et brod\u00e9e en Italie. \u00a0 Manches raglan. Fronces au col et bas de manches. Patte de boutonnage courte. [&hellip;]<\/p>\n","protected":false},"featured_media":702568,"comment_status":"open","ping_status":"closed","template":"","meta":[],"product_brand":[],"product_cat":[1756,1762],"product_tag":[2244],"acf":[],"_links":{"self":[{"href":"https:\/\/streetmarkets.fr\/app\/wp-json\/wp\/v2\/product\/702567"}],"collection":[{"href":"https:\/\/streetmarkets.fr\/app\/wp-json\/wp\/v2\/product"}],"about":[{"href":"https:\/\/streetmarkets.fr\/app\/wp-json\/wp\/v2\/types\/product"}],"replies":[{"embeddable":true,"href":"https:\/\/streetmarkets.fr\/app\/wp-json\/wp\/v2\/comments?post=702567"}],"wp:featuredmedia":[{"embeddable":true,"href":"https:\/\/streetmarkets.fr\/app\/wp-json\/wp\/v2\/media\/702568"}],"wp:attachment":[{"href":"https:\/\/streetmarkets.fr\/app\/wp-json\/wp\/v2\/media?parent=702567"}],"wp:term":[{"taxonomy":"product_brand","embeddable":true,"href":"https:\/\/streetmarkets.fr\/app\/wp-json\/wp\/v2\/product_brand?post=702567"},{"taxonomy":"product_cat","embeddable":true,"href":"https:\/\/streetmarkets.fr\/app\/wp-json\/wp\/v2\/product_cat?post=702567"},{"taxonomy":"product_tag","embeddable":true,"href":"https:\/\/streetmarkets.fr\/app\/wp-json\/wp\/v2\/product_tag?post=702567"}],"curies":[{"name":"wp","href":"https:\/\/api.w.org\/{rel}","templated":true}]}}