{"id":702541,"date":"2024-10-15T10:29:14","date_gmt":"2024-10-15T08:29:14","guid":{"rendered":"https:\/\/streetmarkets.fr\/app\/produit\/chemise-anita-stewart\/"},"modified":"2024-10-15T10:29:55","modified_gmt":"2024-10-15T08:29:55","slug":"chemise-anita-stewart","status":"publish","type":"product","link":"https:\/\/streetmarkets.fr\/app\/produit\/chemise-anita-stewart\/","title":{"rendered":"Chemise Anita Stewart"},"content":{"rendered":"<p>D\u00e9couvrez la chemise Anita Stewart de la marque Sacr\u00e9coeur chez Mamamushi. Click and collect disponible, livraison &amp; paiement s\u00e9curis\u00e9.<\/p>\n<p class=\"p1\" style=\"font-size:16px;border:0px;margin:0px;padding:0px;vertical-align:baseline;line-height:26px;color:#2d2d2d;font-family:Montserrat, sans-serif;background-position:0px 0px\">Chemise blanche floqu\u00e9e, motif carreaux, inspiration chemise d\u2019homme.<\/p>\n<p style=\"font-size:16px;border:0px;margin:0px;padding:0px;vertical-align:baseline;line-height:26px;color:#2d2d2d;font-family:Montserrat, sans-serif;background-position:0px 0px\">\u00a0<\/p>\n<p class=\"p1\" style=\"font-size:16px;border:0px;margin:0px;padding:0px;vertical-align:baseline;line-height:26px;color:#2d2d2d;font-family:Montserrat, sans-serif;background-position:0px 0px\"><span style=\"border:0px;margin:0px;padding:0px;vertical-align:baseline;color:#000000;background-position:0px 0px\">En satin de coton. Tiss\u00e9 et floqu\u00e9 en France.<\/span><\/p>\n<p style=\"font-size:16px;border:0px;margin:0px;padding:0px;vertical-align:baseline;line-height:26px;color:#2d2d2d;font-family:Montserrat, sans-serif;background-position:0px 0px\">\u00a0<\/p>\n<ul style=\"border:0px;margin:15px 0px;padding:0px;vertical-align:baseline;font-family:Montserrat, sans-serif;font-size:15px;background-position:0px 0px\">\n<li class=\"p1\" style=\"border:0px;margin:0px;padding:0px;vertical-align:baseline;background-position:0px 0px\">Emmanchure l\u00e9g\u00e8rement basse.<\/li>\n<li class=\"p1\" style=\"border:0px;margin:0px;padding:0px;vertical-align:baseline;background-position:0px 0px\">Col chemise classique.<\/li>\n<li style=\"border:0px;margin:0px;padding:0px;vertical-align:baseline;background-position:0px 0px\">Poche poitrine plaqu\u00e9e.<\/li>\n<li class=\"p1\" style=\"border:0px;margin:0px;padding:0px;vertical-align:baseline;background-position:0px 0px\">Boutons apparents, patte capucin.<\/li>\n<\/ul>\n<p style=\"font-size:16px;border:0px;margin:0px;padding:0px;vertical-align:baseline;line-height:26px;color:#2d2d2d;font-family:Montserrat, sans-serif;background-position:0px 0px\">\u00a0<\/p>\n<p class=\"p1\" style=\"font-size:16px;border:0px;margin:0px;padding:0px;vertical-align:baseline;line-height:26px;color:#2d2d2d;font-family:Montserrat, sans-serif;background-position:0px 0px\">Coupe f\u00e9minine, tr\u00e8s l\u00e9g\u00e8rement oversize.<\/p>\n","protected":false},"excerpt":{"rendered":"<p>D\u00e9couvrez la chemise Anita Stewart de la marque Sacr\u00e9coeur chez Mamamushi. Click and collect disponible, livraison &amp; paiement s\u00e9curis\u00e9. Chemise blanche floqu\u00e9e, motif carreaux, inspiration chemise d\u2019homme. \u00a0 En satin de coton. Tiss\u00e9 et floqu\u00e9 en France. \u00a0 Emmanchure l\u00e9g\u00e8rement basse. Col chemise classique. Poche poitrine plaqu\u00e9e. Boutons apparents, patte capucin. \u00a0 Coupe f\u00e9minine, tr\u00e8s [&hellip;]<\/p>\n","protected":false},"featured_media":702542,"comment_status":"open","ping_status":"closed","template":"","meta":[],"product_brand":[],"product_cat":[1756,1762],"product_tag":[2244],"acf":[],"_links":{"self":[{"href":"https:\/\/streetmarkets.fr\/app\/wp-json\/wp\/v2\/product\/702541"}],"collection":[{"href":"https:\/\/streetmarkets.fr\/app\/wp-json\/wp\/v2\/product"}],"about":[{"href":"https:\/\/streetmarkets.fr\/app\/wp-json\/wp\/v2\/types\/product"}],"replies":[{"embeddable":true,"href":"https:\/\/streetmarkets.fr\/app\/wp-json\/wp\/v2\/comments?post=702541"}],"wp:featuredmedia":[{"embeddable":true,"href":"https:\/\/streetmarkets.fr\/app\/wp-json\/wp\/v2\/media\/702542"}],"wp:attachment":[{"href":"https:\/\/streetmarkets.fr\/app\/wp-json\/wp\/v2\/media?parent=702541"}],"wp:term":[{"taxonomy":"product_brand","embeddable":true,"href":"https:\/\/streetmarkets.fr\/app\/wp-json\/wp\/v2\/product_brand?post=702541"},{"taxonomy":"product_cat","embeddable":true,"href":"https:\/\/streetmarkets.fr\/app\/wp-json\/wp\/v2\/product_cat?post=702541"},{"taxonomy":"product_tag","embeddable":true,"href":"https:\/\/streetmarkets.fr\/app\/wp-json\/wp\/v2\/product_tag?post=702541"}],"curies":[{"name":"wp","href":"https:\/\/api.w.org\/{rel}","templated":true}]}}