{"id":702513,"date":"2024-10-15T10:29:13","date_gmt":"2024-10-15T08:29:13","guid":{"rendered":"https:\/\/streetmarkets.fr\/app\/produit\/chaussettes-cerise\/"},"modified":"2024-10-15T10:29:55","modified_gmt":"2024-10-15T08:29:55","slug":"chaussettes-cerise","status":"publish","type":"product","link":"https:\/\/streetmarkets.fr\/app\/produit\/chaussettes-cerise\/","title":{"rendered":"Chaussettes Cerise"},"content":{"rendered":"<p>D\u00e9couvrez les magnifiques chaussettes \u00e0 motifs de cerise de la marque fran\u00e7aise Coucou Suzette chez Mamamushi.<br \/>\nClick and collect disponible, livraison &amp; paiement s\u00e9curis\u00e9.<\/p>\n<p>D\u2019adorables chaussettes mauves couvertes de petites cerises trop choux pour un look estival et color\u00e9 !<\/p>\n<\/p>\n<p>Leur petit air r\u00e9gressif nous rappelle de chouettes souvenirs d\u2019enfance d\u2019\u00e9t\u00e9 et nous font compl\u00e8tement craquer.<\/p>\n<\/p>\n<p>Marque: Coucou Suzette<\/p>\n","protected":false},"excerpt":{"rendered":"<p>D\u00e9couvrez les magnifiques chaussettes \u00e0 motifs de cerise de la marque fran\u00e7aise Coucou Suzette chez Mamamushi. Click and collect disponible, livraison &amp; paiement s\u00e9curis\u00e9. D\u2019adorables chaussettes mauves couvertes de petites cerises trop choux pour un look estival et color\u00e9 ! Leur petit air r\u00e9gressif nous rappelle de chouettes souvenirs d\u2019enfance d\u2019\u00e9t\u00e9 et nous font compl\u00e8tement [&hellip;]<\/p>\n","protected":false},"featured_media":702514,"comment_status":"open","ping_status":"closed","template":"","meta":[],"product_brand":[],"product_cat":[1756,1764],"product_tag":[2244],"acf":[],"_links":{"self":[{"href":"https:\/\/streetmarkets.fr\/app\/wp-json\/wp\/v2\/product\/702513"}],"collection":[{"href":"https:\/\/streetmarkets.fr\/app\/wp-json\/wp\/v2\/product"}],"about":[{"href":"https:\/\/streetmarkets.fr\/app\/wp-json\/wp\/v2\/types\/product"}],"replies":[{"embeddable":true,"href":"https:\/\/streetmarkets.fr\/app\/wp-json\/wp\/v2\/comments?post=702513"}],"wp:featuredmedia":[{"embeddable":true,"href":"https:\/\/streetmarkets.fr\/app\/wp-json\/wp\/v2\/media\/702514"}],"wp:attachment":[{"href":"https:\/\/streetmarkets.fr\/app\/wp-json\/wp\/v2\/media?parent=702513"}],"wp:term":[{"taxonomy":"product_brand","embeddable":true,"href":"https:\/\/streetmarkets.fr\/app\/wp-json\/wp\/v2\/product_brand?post=702513"},{"taxonomy":"product_cat","embeddable":true,"href":"https:\/\/streetmarkets.fr\/app\/wp-json\/wp\/v2\/product_cat?post=702513"},{"taxonomy":"product_tag","embeddable":true,"href":"https:\/\/streetmarkets.fr\/app\/wp-json\/wp\/v2\/product_tag?post=702513"}],"curies":[{"name":"wp","href":"https:\/\/api.w.org\/{rel}","templated":true}]}}