{"id":702510,"date":"2024-10-15T10:29:13","date_gmt":"2024-10-15T08:29:13","guid":{"rendered":"https:\/\/streetmarkets.fr\/app\/produit\/jupe-noir-et-blanche-fish-club\/"},"modified":"2026-05-08T08:37:26","modified_gmt":"2026-05-08T06:37:26","slug":"jupe-noir-et-blanche-fish-club","status":"publish","type":"product","link":"https:\/\/streetmarkets.fr\/app\/produit\/jupe-noir-et-blanche-fish-club\/","title":{"rendered":"Jupe marron et \u00e9cru &#8211; Fish Club"},"content":{"rendered":"<p>Jupe longue \u00e9vas\u00e9e \u00e0 carreaux, taille \u00e9lastique.\u00a0<\/p>\n<p data-mce-fragment=\"1\">Taille unique\u00a0<\/p>\n<p data-mce-fragment=\"1\">Composition : 100% coton<\/p>\n<p data-mce-fragment=\"1\">Conseil d&#8217;entretien : Lavage en machine \u00e0 30\u00b0<\/p>\n<p><strong><\/strong>Cr\u00e9atrice Fran\u00e7aise, univers rock, r\u00e9gressive et r\u00e9tro !\u00a0<\/p>\n","protected":false},"excerpt":{"rendered":"<p>Jupe longue \u00e9vas\u00e9e \u00e0 carreaux, taille \u00e9lastique.\u00a0 Taille unique\u00a0 Composition : 100% coton Conseil d&#8217;entretien : Lavage en machine \u00e0 30\u00b0 Cr\u00e9atrice Fran\u00e7aise, univers rock, r\u00e9gressive et r\u00e9tro !\u00a0<\/p>\n","protected":false},"featured_media":702511,"comment_status":"open","ping_status":"closed","template":"","meta":[],"product_brand":[],"product_cat":[1756,1762],"product_tag":[2244],"acf":[],"_links":{"self":[{"href":"https:\/\/streetmarkets.fr\/app\/wp-json\/wp\/v2\/product\/702510"}],"collection":[{"href":"https:\/\/streetmarkets.fr\/app\/wp-json\/wp\/v2\/product"}],"about":[{"href":"https:\/\/streetmarkets.fr\/app\/wp-json\/wp\/v2\/types\/product"}],"replies":[{"embeddable":true,"href":"https:\/\/streetmarkets.fr\/app\/wp-json\/wp\/v2\/comments?post=702510"}],"wp:featuredmedia":[{"embeddable":true,"href":"https:\/\/streetmarkets.fr\/app\/wp-json\/wp\/v2\/media\/702511"}],"wp:attachment":[{"href":"https:\/\/streetmarkets.fr\/app\/wp-json\/wp\/v2\/media?parent=702510"}],"wp:term":[{"taxonomy":"product_brand","embeddable":true,"href":"https:\/\/streetmarkets.fr\/app\/wp-json\/wp\/v2\/product_brand?post=702510"},{"taxonomy":"product_cat","embeddable":true,"href":"https:\/\/streetmarkets.fr\/app\/wp-json\/wp\/v2\/product_cat?post=702510"},{"taxonomy":"product_tag","embeddable":true,"href":"https:\/\/streetmarkets.fr\/app\/wp-json\/wp\/v2\/product_tag?post=702510"}],"curies":[{"name":"wp","href":"https:\/\/api.w.org\/{rel}","templated":true}]}}