{"id":702492,"date":"2024-10-15T10:29:12","date_gmt":"2024-10-15T08:29:12","guid":{"rendered":"https:\/\/streetmarkets.fr\/app\/produit\/veste-elsa-au-choix\/"},"modified":"2024-10-15T10:29:55","modified_gmt":"2024-10-15T08:29:55","slug":"veste-elsa-au-choix","status":"publish","type":"product","link":"https:\/\/streetmarkets.fr\/app\/produit\/veste-elsa-au-choix\/","title":{"rendered":"Veste Elsa (Au choix)"},"content":{"rendered":"<p>Veste Elsa (Au choix) Grace &amp; Mila durable et \u00e9thique \u2713 Livraison rapide &amp; paiement en x3 ou x4.<\/p>\n<p>ELSA est une surchemise en denim \u00e0 manches longues avec des poignets boutonn\u00e9s, un col chemise classique, une patte de boutonnage sur le devant.<\/p>\n<p>ELSA est une surchemise en denim \u00e0 manches longues avec des poignets boutonn\u00e9s, un col chemise classique, une patte de boutonnage sur le devant et des double poches plaqu\u00e9es sur la poitrine.<\/p>\n<p>L\u00e9g\u00e8rement oversize avec une emmanchure basse pour un effet loose, cette pi\u00e8ce intemporelle apporte un c\u00f4t\u00e9 d\u00e9contract\u00e9 \u00e0 vos tenues du quotidien.<\/p>\n<p>Composition: 100% Coton<\/p>\n<p>Marque: Grace &amp; Mila<\/p>\n","protected":false},"excerpt":{"rendered":"<p>Veste Elsa (Au choix) Grace &amp; Mila durable et \u00e9thique \u2713 Livraison rapide &amp; paiement en x3 ou x4. ELSA est une surchemise en denim \u00e0 manches longues avec des poignets boutonn\u00e9s, un col chemise classique, une patte de boutonnage sur le devant. ELSA est une surchemise en denim \u00e0 manches longues avec des poignets [&hellip;]<\/p>\n","protected":false},"featured_media":702493,"comment_status":"open","ping_status":"closed","template":"","meta":[],"product_brand":[],"product_cat":[1756,1764],"product_tag":[2244],"acf":[],"_links":{"self":[{"href":"https:\/\/streetmarkets.fr\/app\/wp-json\/wp\/v2\/product\/702492"}],"collection":[{"href":"https:\/\/streetmarkets.fr\/app\/wp-json\/wp\/v2\/product"}],"about":[{"href":"https:\/\/streetmarkets.fr\/app\/wp-json\/wp\/v2\/types\/product"}],"replies":[{"embeddable":true,"href":"https:\/\/streetmarkets.fr\/app\/wp-json\/wp\/v2\/comments?post=702492"}],"wp:featuredmedia":[{"embeddable":true,"href":"https:\/\/streetmarkets.fr\/app\/wp-json\/wp\/v2\/media\/702493"}],"wp:attachment":[{"href":"https:\/\/streetmarkets.fr\/app\/wp-json\/wp\/v2\/media?parent=702492"}],"wp:term":[{"taxonomy":"product_brand","embeddable":true,"href":"https:\/\/streetmarkets.fr\/app\/wp-json\/wp\/v2\/product_brand?post=702492"},{"taxonomy":"product_cat","embeddable":true,"href":"https:\/\/streetmarkets.fr\/app\/wp-json\/wp\/v2\/product_cat?post=702492"},{"taxonomy":"product_tag","embeddable":true,"href":"https:\/\/streetmarkets.fr\/app\/wp-json\/wp\/v2\/product_tag?post=702492"}],"curies":[{"name":"wp","href":"https:\/\/api.w.org\/{rel}","templated":true}]}}