{"id":702474,"date":"2024-10-15T10:29:12","date_gmt":"2024-10-15T08:29:12","guid":{"rendered":"https:\/\/streetmarkets.fr\/app\/produit\/short-gwenaelle-au-choix\/"},"modified":"2024-10-15T10:29:55","modified_gmt":"2024-10-15T08:29:55","slug":"short-gwenaelle-au-choix","status":"publish","type":"product","link":"https:\/\/streetmarkets.fr\/app\/produit\/short-gwenaelle-au-choix\/","title":{"rendered":"Short Gwenaelle (Au choix)"},"content":{"rendered":"<p>D\u00e9couvrez ce magnifique short Gwenaelle de la marque ARTLOVE chez Mamamushi.<br \/>\nClick and collect disponible, livraison &amp; paiement s\u00e9curis\u00e9.<\/p>\n<p>Short Gwenaelle ample, ceinture \u00e0 nouer, poches sur les c\u00f4t\u00e9s, poches arri\u00e8res<\/p>\n<\/p>\n<p>Short ample<\/p>\n<\/p>\n<ul style=\"list-style-type:disc\">\n<li>Ceinture \u00e0 nouer<\/li>\n<li>Poches sur les c\u00f4t\u00e9s<\/li>\n<li>Poches arri\u00e8res<\/li>\n<\/ul>\n<p>Composition: 75% Viscose et 25% Polyamide<\/p>\n<p>Marque: Artlove<\/p><\/p>\n","protected":false},"excerpt":{"rendered":"<p>D\u00e9couvrez ce magnifique short Gwenaelle de la marque ARTLOVE chez Mamamushi. Click and collect disponible, livraison &amp; paiement s\u00e9curis\u00e9. Short Gwenaelle ample, ceinture \u00e0 nouer, poches sur les c\u00f4t\u00e9s, poches arri\u00e8res Short ample Ceinture \u00e0 nouer Poches sur les c\u00f4t\u00e9s Poches arri\u00e8res Composition: 75% Viscose et 25% Polyamide Marque: Artlove<\/p>\n","protected":false},"featured_media":702475,"comment_status":"open","ping_status":"closed","template":"","meta":[],"product_brand":[],"product_cat":[1756,1762],"product_tag":[2244],"acf":[],"_links":{"self":[{"href":"https:\/\/streetmarkets.fr\/app\/wp-json\/wp\/v2\/product\/702474"}],"collection":[{"href":"https:\/\/streetmarkets.fr\/app\/wp-json\/wp\/v2\/product"}],"about":[{"href":"https:\/\/streetmarkets.fr\/app\/wp-json\/wp\/v2\/types\/product"}],"replies":[{"embeddable":true,"href":"https:\/\/streetmarkets.fr\/app\/wp-json\/wp\/v2\/comments?post=702474"}],"wp:featuredmedia":[{"embeddable":true,"href":"https:\/\/streetmarkets.fr\/app\/wp-json\/wp\/v2\/media\/702475"}],"wp:attachment":[{"href":"https:\/\/streetmarkets.fr\/app\/wp-json\/wp\/v2\/media?parent=702474"}],"wp:term":[{"taxonomy":"product_brand","embeddable":true,"href":"https:\/\/streetmarkets.fr\/app\/wp-json\/wp\/v2\/product_brand?post=702474"},{"taxonomy":"product_cat","embeddable":true,"href":"https:\/\/streetmarkets.fr\/app\/wp-json\/wp\/v2\/product_cat?post=702474"},{"taxonomy":"product_tag","embeddable":true,"href":"https:\/\/streetmarkets.fr\/app\/wp-json\/wp\/v2\/product_tag?post=702474"}],"curies":[{"name":"wp","href":"https:\/\/api.w.org\/{rel}","templated":true}]}}