{"id":702437,"date":"2024-10-15T10:29:11","date_gmt":"2024-10-15T08:29:11","guid":{"rendered":"https:\/\/streetmarkets.fr\/app\/produit\/robe-longue-maeva-au-choix\/"},"modified":"2024-10-15T10:29:54","modified_gmt":"2024-10-15T08:29:54","slug":"robe-longue-maeva-au-choix","status":"publish","type":"product","link":"https:\/\/streetmarkets.fr\/app\/produit\/robe-longue-maeva-au-choix\/","title":{"rendered":"Robe longue Maeva (au choix)"},"content":{"rendered":"<p>Robe longue Maeva (au choix) Karma Koma durable et \u00e9thique \u2713 Livraison rapide &amp; paiement en x3 ou x4.<\/p>\n<p><span style=\"font-size:16px;color:#212529;font-family:Muli, '-apple-system', BlinkMacSystemFont, 'Segoe UI', Roboto, 'Helvetica Neue', Arial, sans-serif, 'Apple Color Emoji', 'Segoe UI Emoji', 'Segoe UI Symbol';background-color:#ffffff\">Robe fluide \u00e0 col V sur la poitrine et plongeant dans le dos, fendue sur les c\u00f4t\u00e9s avec un \u00e9lastique sur les hanches.<\/span><\/p>\n<p>Mati\u00e8re: 100% viscose<\/p>\n<p>Marque: Karma Koma<\/p>\n<p>Existe \u00e9galement en d&#8217;autres coloris.<\/p><\/p>\n","protected":false},"excerpt":{"rendered":"<p>Robe longue Maeva (au choix) Karma Koma durable et \u00e9thique \u2713 Livraison rapide &amp; paiement en x3 ou x4. Robe fluide \u00e0 col V sur la poitrine et plongeant dans le dos, fendue sur les c\u00f4t\u00e9s avec un \u00e9lastique sur les hanches. Mati\u00e8re: 100% viscose Marque: Karma Koma Existe \u00e9galement en d&#8217;autres coloris.<\/p>\n","protected":false},"featured_media":702438,"comment_status":"open","ping_status":"closed","template":"","meta":[],"product_brand":[],"product_cat":[1756,1762],"product_tag":[2244],"acf":[],"_links":{"self":[{"href":"https:\/\/streetmarkets.fr\/app\/wp-json\/wp\/v2\/product\/702437"}],"collection":[{"href":"https:\/\/streetmarkets.fr\/app\/wp-json\/wp\/v2\/product"}],"about":[{"href":"https:\/\/streetmarkets.fr\/app\/wp-json\/wp\/v2\/types\/product"}],"replies":[{"embeddable":true,"href":"https:\/\/streetmarkets.fr\/app\/wp-json\/wp\/v2\/comments?post=702437"}],"wp:featuredmedia":[{"embeddable":true,"href":"https:\/\/streetmarkets.fr\/app\/wp-json\/wp\/v2\/media\/702438"}],"wp:attachment":[{"href":"https:\/\/streetmarkets.fr\/app\/wp-json\/wp\/v2\/media?parent=702437"}],"wp:term":[{"taxonomy":"product_brand","embeddable":true,"href":"https:\/\/streetmarkets.fr\/app\/wp-json\/wp\/v2\/product_brand?post=702437"},{"taxonomy":"product_cat","embeddable":true,"href":"https:\/\/streetmarkets.fr\/app\/wp-json\/wp\/v2\/product_cat?post=702437"},{"taxonomy":"product_tag","embeddable":true,"href":"https:\/\/streetmarkets.fr\/app\/wp-json\/wp\/v2\/product_tag?post=702437"}],"curies":[{"name":"wp","href":"https:\/\/api.w.org\/{rel}","templated":true}]}}