{"id":702415,"date":"2024-10-15T10:29:10","date_gmt":"2024-10-15T08:29:10","guid":{"rendered":"https:\/\/streetmarkets.fr\/app\/produit\/bracelet-n183-gold-multicolore-marie-laure-chamorel\/"},"modified":"2026-05-03T08:37:37","modified_gmt":"2026-05-03T06:37:37","slug":"bracelet-n183-gold-multicolore-marie-laure-chamorel","status":"publish","type":"product","link":"https:\/\/streetmarkets.fr\/app\/produit\/bracelet-n183-gold-multicolore-marie-laure-chamorel\/","title":{"rendered":"Bracelet n\u00b0183 Gold &amp; multicolore &#8211; Marie Laure Chamorel"},"content":{"rendered":"<p><strong>Nouveaut\u00e9 !<\/strong><\/p>\n<p>Ce\u00a0bracelet iconique tress\u00e9 \u00e0 la main est compos\u00e9 de cha\u00eenes en argent massif dor\u00e9es \u00e0 l&#8217;or fin et de fils de soie vert, rouge, jaune et bleu. De petites franges de cha\u00eenes et de minuscules perles de cristal viennent parfaire la finition de ce bijou.<\/p>\n<p>Fermeture facile gr\u00e2ce \u00e0 un noeud coulissant sur des cordons de soie de 5 cm pouvant s&#8217;adapter \u00e0 tous types de poignets.<\/p>\n<p>Les bijoux sont fabriqu\u00e9s \u00e0 la main.\u00a0<\/p>\n<p>Retrouvez sur notre eshop une s\u00e9lection des plus belles cr\u00e9ations bijoux de la nouvelle collection de <a href=\"https:\/\/www.joee.fr\/concept-store-chamorel-paris\" target=\"_blank\" rel=\"noopener\">Marie Laure Charmorel.<\/a><\/p>\n<p>\u00a0<\/p>\n","protected":false},"excerpt":{"rendered":"<p>Nouveaut\u00e9 ! Ce\u00a0bracelet iconique tress\u00e9 \u00e0 la main est compos\u00e9 de cha\u00eenes en argent massif dor\u00e9es \u00e0 l&#8217;or fin et de fils de soie vert, rouge, jaune et bleu. De petites franges de cha\u00eenes et de minuscules perles de cristal viennent parfaire la finition de ce bijou. Fermeture facile gr\u00e2ce \u00e0 un noeud coulissant sur [&hellip;]<\/p>\n","protected":false},"featured_media":702416,"comment_status":"open","ping_status":"closed","template":"","meta":[],"product_brand":[],"product_cat":[1807,1756],"product_tag":[2244],"acf":[],"_links":{"self":[{"href":"https:\/\/streetmarkets.fr\/app\/wp-json\/wp\/v2\/product\/702415"}],"collection":[{"href":"https:\/\/streetmarkets.fr\/app\/wp-json\/wp\/v2\/product"}],"about":[{"href":"https:\/\/streetmarkets.fr\/app\/wp-json\/wp\/v2\/types\/product"}],"replies":[{"embeddable":true,"href":"https:\/\/streetmarkets.fr\/app\/wp-json\/wp\/v2\/comments?post=702415"}],"wp:featuredmedia":[{"embeddable":true,"href":"https:\/\/streetmarkets.fr\/app\/wp-json\/wp\/v2\/media\/702416"}],"wp:attachment":[{"href":"https:\/\/streetmarkets.fr\/app\/wp-json\/wp\/v2\/media?parent=702415"}],"wp:term":[{"taxonomy":"product_brand","embeddable":true,"href":"https:\/\/streetmarkets.fr\/app\/wp-json\/wp\/v2\/product_brand?post=702415"},{"taxonomy":"product_cat","embeddable":true,"href":"https:\/\/streetmarkets.fr\/app\/wp-json\/wp\/v2\/product_cat?post=702415"},{"taxonomy":"product_tag","embeddable":true,"href":"https:\/\/streetmarkets.fr\/app\/wp-json\/wp\/v2\/product_tag?post=702415"}],"curies":[{"name":"wp","href":"https:\/\/api.w.org\/{rel}","templated":true}]}}