{"id":702409,"date":"2024-10-15T10:29:09","date_gmt":"2024-10-15T08:29:09","guid":{"rendered":"https:\/\/streetmarkets.fr\/app\/produit\/t-shirt-femme-bamako-gris\/"},"modified":"2024-10-15T10:29:54","modified_gmt":"2024-10-15T08:29:54","slug":"t-shirt-femme-bamako-gris","status":"publish","type":"product","link":"https:\/\/streetmarkets.fr\/app\/produit\/t-shirt-femme-bamako-gris\/","title":{"rendered":"T-shirt femme Bamako gris"},"content":{"rendered":"<p>T-shirt femme Bamako gris Mamamushi Studio durable et \u00e9thique \u2713 Livraison rapide &amp; paiement en x3 ou x4.<\/p>\n<p>Les Tee-shirts en coton Bamako sont les basiques de notre marque.<\/p>\n<p>La poche est r\u00e9alis\u00e9e avec notre tissus en coton. Son motif est imprim\u00e9 au tampon de bois.<\/p>\n<p>Conseils d&#8217;entretient: Lavage en machine 30\u00b0C<\/p>\n<p>Marque : Mamamushi-Studio<\/p>\n<p>La societe de production avec qui collabore Mamamushi pour cette ligne a mis en place un programme de responsabilit\u00e9 sociale proactif en tant que membre de la Fair Wear Foundation depuis d\u00e9but 2006.<\/p>\n<p><\/p>\n","protected":false},"excerpt":{"rendered":"<p>T-shirt femme Bamako gris Mamamushi Studio durable et \u00e9thique \u2713 Livraison rapide &amp; paiement en x3 ou x4. Les Tee-shirts en coton Bamako sont les basiques de notre marque. La poche est r\u00e9alis\u00e9e avec notre tissus en coton. Son motif est imprim\u00e9 au tampon de bois. Conseils d&#8217;entretient: Lavage en machine 30\u00b0C Marque : Mamamushi-Studio [&hellip;]<\/p>\n","protected":false},"featured_media":702410,"comment_status":"open","ping_status":"closed","template":"","meta":[],"product_brand":[],"product_cat":[1756,1762],"product_tag":[2244],"acf":[],"_links":{"self":[{"href":"https:\/\/streetmarkets.fr\/app\/wp-json\/wp\/v2\/product\/702409"}],"collection":[{"href":"https:\/\/streetmarkets.fr\/app\/wp-json\/wp\/v2\/product"}],"about":[{"href":"https:\/\/streetmarkets.fr\/app\/wp-json\/wp\/v2\/types\/product"}],"replies":[{"embeddable":true,"href":"https:\/\/streetmarkets.fr\/app\/wp-json\/wp\/v2\/comments?post=702409"}],"wp:featuredmedia":[{"embeddable":true,"href":"https:\/\/streetmarkets.fr\/app\/wp-json\/wp\/v2\/media\/702410"}],"wp:attachment":[{"href":"https:\/\/streetmarkets.fr\/app\/wp-json\/wp\/v2\/media?parent=702409"}],"wp:term":[{"taxonomy":"product_brand","embeddable":true,"href":"https:\/\/streetmarkets.fr\/app\/wp-json\/wp\/v2\/product_brand?post=702409"},{"taxonomy":"product_cat","embeddable":true,"href":"https:\/\/streetmarkets.fr\/app\/wp-json\/wp\/v2\/product_cat?post=702409"},{"taxonomy":"product_tag","embeddable":true,"href":"https:\/\/streetmarkets.fr\/app\/wp-json\/wp\/v2\/product_tag?post=702409"}],"curies":[{"name":"wp","href":"https:\/\/api.w.org\/{rel}","templated":true}]}}