{"id":702397,"date":"2024-10-15T10:29:09","date_gmt":"2024-10-15T08:29:09","guid":{"rendered":"https:\/\/streetmarkets.fr\/app\/produit\/chaussettes-vin\/"},"modified":"2024-10-15T10:29:54","modified_gmt":"2024-10-15T08:29:54","slug":"chaussettes-vin","status":"publish","type":"product","link":"https:\/\/streetmarkets.fr\/app\/produit\/chaussettes-vin\/","title":{"rendered":"Chaussettes Vin"},"content":{"rendered":"<p>Chaussettes Vin Coucou Suzette durable et \u00e9thique \u2713 Livraison rapide &amp; paiement en x3 ou x4.<\/p>\n<p><span style=\"font-family:'Helvetica Neue';font-size:12px\">Des chaussettes \u00e0 l\u2019effigie de notre fiert\u00e9 nationale : la bouteille de rouge ! Souvent copi\u00e9e, jamais \u00e9gal\u00e9e.<\/span><\/p>\n<p class=\"p1\" style=\"margin:0px;font-size:12px;line-height:normal;font-family:'Helvetica Neue'\">Des chaussettes \u00e0 l\u2019effigie de notre fiert\u00e9 nationale : la bouteille de rouge ! Souvent copi\u00e9e, jamais \u00e9gal\u00e9e. Avec une bonne baguette et un morceau de camembert, le clich\u00e9 est complet mais absolument valid\u00e9 !<\/p>\n<p class=\"p2\" style=\"margin:0px;font-size:12px;line-height:normal;font-family:'Helvetica Neue';min-height:14px\">\n<p class=\"p1\" style=\"margin:0px;font-size:12px;line-height:normal;font-family:'Helvetica Neue'\">Ces chaussettes bleues en coton italien certifi\u00e9 OEKO-TEX\u00ae, \u00e0 motifs verre et bouteille de vin sont mixtes et disponibles en deux tailles, pour que chacun puisse afficher son amour du vin. Et en plus elles sont fabriqu\u00e9es en France, que demande le peuple ?<\/p>\n<p>Marque : Coucou Suzette<\/p>\n","protected":false},"excerpt":{"rendered":"<p>Chaussettes Vin Coucou Suzette durable et \u00e9thique \u2713 Livraison rapide &amp; paiement en x3 ou x4. Des chaussettes \u00e0 l\u2019effigie de notre fiert\u00e9 nationale : la bouteille de rouge ! Souvent copi\u00e9e, jamais \u00e9gal\u00e9e. Des chaussettes \u00e0 l\u2019effigie de notre fiert\u00e9 nationale : la bouteille de rouge ! Souvent copi\u00e9e, jamais \u00e9gal\u00e9e. Avec une bonne [&hellip;]<\/p>\n","protected":false},"featured_media":702398,"comment_status":"open","ping_status":"closed","template":"","meta":[],"product_brand":[],"product_cat":[1756,1764],"product_tag":[2244],"acf":[],"_links":{"self":[{"href":"https:\/\/streetmarkets.fr\/app\/wp-json\/wp\/v2\/product\/702397"}],"collection":[{"href":"https:\/\/streetmarkets.fr\/app\/wp-json\/wp\/v2\/product"}],"about":[{"href":"https:\/\/streetmarkets.fr\/app\/wp-json\/wp\/v2\/types\/product"}],"replies":[{"embeddable":true,"href":"https:\/\/streetmarkets.fr\/app\/wp-json\/wp\/v2\/comments?post=702397"}],"wp:featuredmedia":[{"embeddable":true,"href":"https:\/\/streetmarkets.fr\/app\/wp-json\/wp\/v2\/media\/702398"}],"wp:attachment":[{"href":"https:\/\/streetmarkets.fr\/app\/wp-json\/wp\/v2\/media?parent=702397"}],"wp:term":[{"taxonomy":"product_brand","embeddable":true,"href":"https:\/\/streetmarkets.fr\/app\/wp-json\/wp\/v2\/product_brand?post=702397"},{"taxonomy":"product_cat","embeddable":true,"href":"https:\/\/streetmarkets.fr\/app\/wp-json\/wp\/v2\/product_cat?post=702397"},{"taxonomy":"product_tag","embeddable":true,"href":"https:\/\/streetmarkets.fr\/app\/wp-json\/wp\/v2\/product_tag?post=702397"}],"curies":[{"name":"wp","href":"https:\/\/api.w.org\/{rel}","templated":true}]}}