{"id":702375,"date":"2024-10-15T10:29:08","date_gmt":"2024-10-15T08:29:08","guid":{"rendered":"https:\/\/streetmarkets.fr\/app\/produit\/chaussettes-miaou\/"},"modified":"2024-10-15T10:29:54","modified_gmt":"2024-10-15T08:29:54","slug":"chaussettes-miaou","status":"publish","type":"product","link":"https:\/\/streetmarkets.fr\/app\/produit\/chaussettes-miaou\/","title":{"rendered":"Chaussettes Miaou"},"content":{"rendered":"<p>Chaussettes Miaou Coucou Suzette durable et \u00e9thique \u2713 Livraison rapide &amp; paiement en x3 ou x4.<\/p>\n<p class=\"p1\" style=\"margin:0px;font-size:12px;line-height:normal;font-family:'Helvetica Neue'\">Si vous avez un matou \u00e0 la maison, vous savez qu\u2019ils ont horreur qu\u2019on leur vole la vedette.<\/p>\n<div id=\"product-description-short-288\" class=\"rte-content\"><span class=\"current-price\"><span class=\"product-price\"><\/span><\/span><\/p>\n<div class=\"product-information\">\n<div id=\"product-description-short-318\" class=\"rte-content\">\n<p class=\"p1\" style=\"margin:0px;font-size:12px;line-height:normal;font-family:'Helvetica Neue'\">Si vous avez un matou \u00e0 la maison, vous savez qu\u2019ils ont horreur qu\u2019on leur vole la vedette.<\/p>\n<p class=\"p1\" style=\"margin:0px;font-size:12px;line-height:normal;font-family:'Helvetica Neue'\">\n<p class=\"p1\" style=\"margin:0px;font-size:12px;line-height:normal;font-family:'Helvetica Neue'\">Qu\u2019on soit plut\u00f4t chat tigr\u00e9, chat tachet\u00e9, tricolore ou Siamois, ces chaussettes bleues claires devraient mettre tout le monde d\u2019accord. Du gros f\u00e9lin craquant \u00e0 l\u2019espi\u00e8gle chat du Bengal, il y en a pour tous les go\u00fbts !<\/p>\n<p class=\"p1\" style=\"margin:0px;font-size:12px;line-height:normal;font-family:'Helvetica Neue'\">\n<p class=\"p1\" style=\"margin:0px;font-size:12px;line-height:normal;font-family:'Helvetica Neue'\">Des chaussettes originales mixtes en coton italien certifi\u00e9 OEKO-TEX\u00ae, fabriqu\u00e9es en France et taille unique (convient du 35 au 44).<\/p>\n<\/div>\n<\/div>\n<\/div>\n<div class=\"product-information\">\n<div id=\"product-description-short-49\" class=\"rte-content\">\n<p><span>Marque: Coucou Suzette<\/span><\/p>\n<\/div>\n<\/div>\n","protected":false},"excerpt":{"rendered":"<p>Chaussettes Miaou Coucou Suzette durable et \u00e9thique \u2713 Livraison rapide &amp; paiement en x3 ou x4. Si vous avez un matou \u00e0 la maison, vous savez qu\u2019ils ont horreur qu\u2019on leur vole la vedette. Si vous avez un matou \u00e0 la maison, vous savez qu\u2019ils ont horreur qu\u2019on leur vole la vedette. Qu\u2019on soit plut\u00f4t [&hellip;]<\/p>\n","protected":false},"featured_media":702376,"comment_status":"open","ping_status":"closed","template":"","meta":[],"product_brand":[],"product_cat":[1756,1764],"product_tag":[2244],"acf":[],"_links":{"self":[{"href":"https:\/\/streetmarkets.fr\/app\/wp-json\/wp\/v2\/product\/702375"}],"collection":[{"href":"https:\/\/streetmarkets.fr\/app\/wp-json\/wp\/v2\/product"}],"about":[{"href":"https:\/\/streetmarkets.fr\/app\/wp-json\/wp\/v2\/types\/product"}],"replies":[{"embeddable":true,"href":"https:\/\/streetmarkets.fr\/app\/wp-json\/wp\/v2\/comments?post=702375"}],"wp:featuredmedia":[{"embeddable":true,"href":"https:\/\/streetmarkets.fr\/app\/wp-json\/wp\/v2\/media\/702376"}],"wp:attachment":[{"href":"https:\/\/streetmarkets.fr\/app\/wp-json\/wp\/v2\/media?parent=702375"}],"wp:term":[{"taxonomy":"product_brand","embeddable":true,"href":"https:\/\/streetmarkets.fr\/app\/wp-json\/wp\/v2\/product_brand?post=702375"},{"taxonomy":"product_cat","embeddable":true,"href":"https:\/\/streetmarkets.fr\/app\/wp-json\/wp\/v2\/product_cat?post=702375"},{"taxonomy":"product_tag","embeddable":true,"href":"https:\/\/streetmarkets.fr\/app\/wp-json\/wp\/v2\/product_tag?post=702375"}],"curies":[{"name":"wp","href":"https:\/\/api.w.org\/{rel}","templated":true}]}}