{"id":702349,"date":"2024-10-15T10:29:08","date_gmt":"2024-10-15T08:29:08","guid":{"rendered":"https:\/\/streetmarkets.fr\/app\/produit\/barrettes-corps-au-choix\/"},"modified":"2024-10-15T10:29:54","modified_gmt":"2024-10-15T08:29:54","slug":"barrettes-corps-au-choix","status":"publish","type":"product","link":"https:\/\/streetmarkets.fr\/app\/produit\/barrettes-corps-au-choix\/","title":{"rendered":"Barrettes Corps (au choix)"},"content":{"rendered":"<p>Barrettes Corps (au choix) Coucou Suzette durable et \u00e9thique \u2713 Livraison rapide &amp; paiement en x3 ou x4.<\/p>\n<div class=\"rte\">\n<p class=\"p1\" style=\"margin:0px;font-size:12px;line-height:normal;font-family:'Helvetica Neue'\">Le teckel, v\u00e9ritable petite saucisse star, existait d\u00e9j\u00e0 en pin\u2019s, chaussettes, pince \u00e0 cheveux\u2026 Le voil\u00e0 maintenant en petite barrette !<\/p>\n<\/div>\n<div id=\"product-description-tab-content\" class=\"product-description-tab-content tab-pane active\">\n<div class=\"rte\">\n<p class=\"p1\" style=\"margin:0px;font-size:12px;line-height:normal;font-family:'Helvetica Neue'\">Le teckel, v\u00e9ritable petite saucisse star chez Coucou Suzette, existait d\u00e9j\u00e0 en pin\u2019s, chaussettes, pince \u00e0 cheveux, porte-cl\u00e9\u2026 Le voil\u00e0 maintenant en petite barrette ! En ac\u00e9tate avec de jolis d\u00e9tails dor\u00e9s pour un c\u00f4t\u00e9 adorablement vintage. On vous laisse trancher pour savoir si vous la prenez pour vous ou pour le.la petit.e dernier.e de la famille, dans tous les cas on risque de lui piquer !<\/p>\n<p class=\"p1\" style=\"margin:0px;font-size:12px;line-height:normal;font-family:'Helvetica Neue'\">\n<\/div>\n<div class=\"rte\">Barrette \u00e0 cheveux kitsch et rigolote faite \u00e0 partir d\u2019acetate de cellulose iris\u00e9e recycl\u00e9e &amp; biod\u00e9gradable (eco-friendly).<\/div>\n<div class=\"rte\"><\/div>\n<p>Marque : Coucou Suzette<\/p><\/div>\n","protected":false},"excerpt":{"rendered":"<p>Barrettes Corps (au choix) Coucou Suzette durable et \u00e9thique \u2713 Livraison rapide &amp; paiement en x3 ou x4. Le teckel, v\u00e9ritable petite saucisse star, existait d\u00e9j\u00e0 en pin\u2019s, chaussettes, pince \u00e0 cheveux\u2026 Le voil\u00e0 maintenant en petite barrette ! Le teckel, v\u00e9ritable petite saucisse star chez Coucou Suzette, existait d\u00e9j\u00e0 en pin\u2019s, chaussettes, pince \u00e0 [&hellip;]<\/p>\n","protected":false},"featured_media":702350,"comment_status":"open","ping_status":"closed","template":"","meta":[],"product_brand":[],"product_cat":[1756,1764],"product_tag":[2244],"acf":[],"_links":{"self":[{"href":"https:\/\/streetmarkets.fr\/app\/wp-json\/wp\/v2\/product\/702349"}],"collection":[{"href":"https:\/\/streetmarkets.fr\/app\/wp-json\/wp\/v2\/product"}],"about":[{"href":"https:\/\/streetmarkets.fr\/app\/wp-json\/wp\/v2\/types\/product"}],"replies":[{"embeddable":true,"href":"https:\/\/streetmarkets.fr\/app\/wp-json\/wp\/v2\/comments?post=702349"}],"wp:featuredmedia":[{"embeddable":true,"href":"https:\/\/streetmarkets.fr\/app\/wp-json\/wp\/v2\/media\/702350"}],"wp:attachment":[{"href":"https:\/\/streetmarkets.fr\/app\/wp-json\/wp\/v2\/media?parent=702349"}],"wp:term":[{"taxonomy":"product_brand","embeddable":true,"href":"https:\/\/streetmarkets.fr\/app\/wp-json\/wp\/v2\/product_brand?post=702349"},{"taxonomy":"product_cat","embeddable":true,"href":"https:\/\/streetmarkets.fr\/app\/wp-json\/wp\/v2\/product_cat?post=702349"},{"taxonomy":"product_tag","embeddable":true,"href":"https:\/\/streetmarkets.fr\/app\/wp-json\/wp\/v2\/product_tag?post=702349"}],"curies":[{"name":"wp","href":"https:\/\/api.w.org\/{rel}","templated":true}]}}