{"id":702316,"date":"2024-10-15T10:29:06","date_gmt":"2024-10-15T08:29:06","guid":{"rendered":"https:\/\/streetmarkets.fr\/app\/produit\/bracelet-baby-elon-turquoise-hanka-in\/"},"modified":"2026-05-17T08:37:32","modified_gmt":"2026-05-17T06:37:32","slug":"bracelet-baby-elon-turquoise-hanka-in","status":"publish","type":"product","link":"https:\/\/streetmarkets.fr\/app\/produit\/bracelet-baby-elon-turquoise-hanka-in\/","title":{"rendered":"Bracelet Baby Elon Turquoise &#8211; Hanka In"},"content":{"rendered":"<p>Bracelet dor\u00e9 \u00e0 l&#8217;or fin compos\u00e9 de turquoises rondes et de 3 intercalaires dor\u00e9s &amp;\u00a0 zircons blancs .<\/p>\n<p>Longueur : 17 cm et 2 cm de cha\u00eene r\u00e9glable<\/p>\n<p><strong style=\"font-family: -apple-system, BlinkMacSystemFont, 'San Francisco', 'Segoe UI', Roboto, 'Helvetica Neue', sans-serif;font-size: 0.875rem\">Cr\u00e9atrice fran\u00e7aise<\/strong><span style=\"font-family: -apple-system, BlinkMacSystemFont, 'San Francisco', 'Segoe UI', Roboto, 'Helvetica Neue', sans-serif;font-size: 0.875rem\"> Hanka In<\/span><\/p>\n<p>Les mod\u00e8les sont dessin\u00e9s et fabriqu\u00e9s en France.<\/p>\n","protected":false},"excerpt":{"rendered":"<p>Bracelet dor\u00e9 \u00e0 l&#8217;or fin compos\u00e9 de turquoises rondes et de 3 intercalaires dor\u00e9s &amp;\u00a0 zircons blancs . Longueur : 17 cm et 2 cm de cha\u00eene r\u00e9glable Cr\u00e9atrice fran\u00e7aise Hanka In Les mod\u00e8les sont dessin\u00e9s et fabriqu\u00e9s en France.<\/p>\n","protected":false},"featured_media":702317,"comment_status":"open","ping_status":"closed","template":"","meta":[],"product_brand":[],"product_cat":[1807,1756],"product_tag":[2244],"acf":[],"_links":{"self":[{"href":"https:\/\/streetmarkets.fr\/app\/wp-json\/wp\/v2\/product\/702316"}],"collection":[{"href":"https:\/\/streetmarkets.fr\/app\/wp-json\/wp\/v2\/product"}],"about":[{"href":"https:\/\/streetmarkets.fr\/app\/wp-json\/wp\/v2\/types\/product"}],"replies":[{"embeddable":true,"href":"https:\/\/streetmarkets.fr\/app\/wp-json\/wp\/v2\/comments?post=702316"}],"wp:featuredmedia":[{"embeddable":true,"href":"https:\/\/streetmarkets.fr\/app\/wp-json\/wp\/v2\/media\/702317"}],"wp:attachment":[{"href":"https:\/\/streetmarkets.fr\/app\/wp-json\/wp\/v2\/media?parent=702316"}],"wp:term":[{"taxonomy":"product_brand","embeddable":true,"href":"https:\/\/streetmarkets.fr\/app\/wp-json\/wp\/v2\/product_brand?post=702316"},{"taxonomy":"product_cat","embeddable":true,"href":"https:\/\/streetmarkets.fr\/app\/wp-json\/wp\/v2\/product_cat?post=702316"},{"taxonomy":"product_tag","embeddable":true,"href":"https:\/\/streetmarkets.fr\/app\/wp-json\/wp\/v2\/product_tag?post=702316"}],"curies":[{"name":"wp","href":"https:\/\/api.w.org\/{rel}","templated":true}]}}