{"id":702202,"date":"2024-10-15T10:28:57","date_gmt":"2024-10-15T08:28:57","guid":{"rendered":"https:\/\/streetmarkets.fr\/app\/produit\/top-doremi-plusieurs-couleurs\/"},"modified":"2024-10-15T10:29:53","modified_gmt":"2024-10-15T08:29:53","slug":"top-doremi-plusieurs-couleurs","status":"publish","type":"product","link":"https:\/\/streetmarkets.fr\/app\/produit\/top-doremi-plusieurs-couleurs\/","title":{"rendered":"Top Doremi (plusieurs couleurs)"},"content":{"rendered":"<p>Top Doremi (plusieurs couleurs) Grace &amp; Mila durable et \u00e9thique \u2713 Livraison rapide &amp; paiement en x3 ou x4.<\/p>\n<p class=\"p1\" style=\"margin:0px;font-size:12px;line-height:normal;font-family:'Helvetica Neue'\">DOREMI est un top court. Ses manches longues ballons sont fronc\u00e9es sur les \u00e9paules et s&#8217;ach\u00e8vent par un jeu de volants timides sur les poignets.<\/p>\n<div class=\"_2qtYo fggS- cell\" dir=\"ltr\">\n<div class=\"WncCi\">\n<p class=\"p1\" style=\"margin:0px;font-size:12px;line-height:normal;font-family:'Helvetica Neue'\">DOREMI est un top court en imprim\u00e9 exclusif G&amp;M. Ses manches longues l\u00e9g\u00e8rement ballons sont fronc\u00e9es sur les \u00e9paules et s&#8217;ach\u00e8vent par un jeu de volants timides sur les poignets.<\/p>\n<p class=\"p2\" style=\"margin:0px;font-size:12px;line-height:normal;font-family:'Helvetica Neue';min-height:14px\">\n<p class=\"p1\" style=\"margin:0px;font-size:12px;line-height:normal;font-family:'Helvetica Neue'\">La silhouette : On craque totalement pour ce top totalement 70&#8217;s ! Nouveaut\u00e9 dans le vestiaire Grace &amp; Mila, il \u00e9merveille par son encolure florentine, totalement smock\u00e9e sur le buste. Lumineux, p\u00e9tillant et tellement chic, ce top va ravir celles qui auront la chance de l&#8217;acqu\u00e9rir. On craque pour son effet &#8220;&#8221;top porte-bonheur&#8221;&#8221; et l&#8217;allure qu&#8217;il offre \u00e0 notre silhouette. Vous devriez l&#8217;adorer !<\/p>\n<p class=\"p2\" style=\"margin:0px;font-size:12px;line-height:normal;font-family:'Helvetica Neue';min-height:14px\">\n<p class=\"p1\" style=\"margin:0px;font-size:12px;line-height:normal;font-family:'Helvetica Neue'\">On aime le porter avec : un pantalon fluide tr\u00e8s large ceintur\u00e9e \u00e0 la taille.<\/p>\n<\/div>\n<\/div>\n<dl class=\"data-sheet\">\n<dt class=\"name\">Mati\u00e8re : 55 %\u00a0rayonne, 45 % viscose<\/dt>\n<\/dl>\n<p>Marque: Grace &amp; Mila<\/p>\n","protected":false},"excerpt":{"rendered":"<p>Top Doremi (plusieurs couleurs) Grace &amp; Mila durable et \u00e9thique \u2713 Livraison rapide &amp; paiement en x3 ou x4. DOREMI est un top court. Ses manches longues ballons sont fronc\u00e9es sur les \u00e9paules et s&#8217;ach\u00e8vent par un jeu de volants timides sur les poignets. DOREMI est un top court en imprim\u00e9 exclusif G&amp;M. Ses manches [&hellip;]<\/p>\n","protected":false},"featured_media":702203,"comment_status":"open","ping_status":"closed","template":"","meta":[],"product_brand":[],"product_cat":[1756,1762],"product_tag":[2244],"acf":[],"_links":{"self":[{"href":"https:\/\/streetmarkets.fr\/app\/wp-json\/wp\/v2\/product\/702202"}],"collection":[{"href":"https:\/\/streetmarkets.fr\/app\/wp-json\/wp\/v2\/product"}],"about":[{"href":"https:\/\/streetmarkets.fr\/app\/wp-json\/wp\/v2\/types\/product"}],"replies":[{"embeddable":true,"href":"https:\/\/streetmarkets.fr\/app\/wp-json\/wp\/v2\/comments?post=702202"}],"wp:featuredmedia":[{"embeddable":true,"href":"https:\/\/streetmarkets.fr\/app\/wp-json\/wp\/v2\/media\/702203"}],"wp:attachment":[{"href":"https:\/\/streetmarkets.fr\/app\/wp-json\/wp\/v2\/media?parent=702202"}],"wp:term":[{"taxonomy":"product_brand","embeddable":true,"href":"https:\/\/streetmarkets.fr\/app\/wp-json\/wp\/v2\/product_brand?post=702202"},{"taxonomy":"product_cat","embeddable":true,"href":"https:\/\/streetmarkets.fr\/app\/wp-json\/wp\/v2\/product_cat?post=702202"},{"taxonomy":"product_tag","embeddable":true,"href":"https:\/\/streetmarkets.fr\/app\/wp-json\/wp\/v2\/product_tag?post=702202"}],"curies":[{"name":"wp","href":"https:\/\/api.w.org\/{rel}","templated":true}]}}