{"id":702169,"date":"2024-10-15T10:28:56","date_gmt":"2024-10-15T08:28:56","guid":{"rendered":"https:\/\/streetmarkets.fr\/app\/produit\/casquette-en-velours-au-choix\/"},"modified":"2024-10-15T10:29:53","modified_gmt":"2024-10-15T08:29:53","slug":"casquette-en-velours-au-choix","status":"publish","type":"product","link":"https:\/\/streetmarkets.fr\/app\/produit\/casquette-en-velours-au-choix\/","title":{"rendered":"Casquette en velours (au choix)"},"content":{"rendered":"<p>Casquette en velours (au choix) Le Chapot\u00e9 durable et \u00e9thique \u2713 Livraison rapide &amp; paiement en x3 ou x4.<\/p>\n<p class=\"p1\" style=\"margin:0px;font-size:12px;line-height:normal;font-family:'Helvetica Neue'\">What else? Une casquette baseball chaude &amp; \u00e9pur\u00e9e pour un vestiaire chic.<\/p>\n<p class=\"p1\" style=\"margin:0px;font-size:12px;line-height:normal;font-family:'Helvetica Neue'\">What else? Une casquette baseball chaude &amp; \u00e9pur\u00e9e pour un vestiaire chic.<\/p>\n<p class=\"p1\" style=\"margin:0px;font-size:12px;line-height:normal;font-family:'Helvetica Neue'\">\n<p class=\"p1\" style=\"margin:0px;font-size:12px;line-height:normal;font-family:'Helvetica Neue'\">\n<p class=\"p1\" style=\"margin:0px;font-size:12px;line-height:normal;font-family:'Helvetica Neue'\"><b>\u2022 Entretien \/ Fabrication :<\/b><span class=\"Apple-converted-space\">\u00a0<\/span><\/p>\n<p class=\"p1\" style=\"margin:0px;font-size:12px;line-height:normal;font-family:'Helvetica Neue'\">Laver doucement \u00e0 la main \u00e0 l&#8217;eau froide, s\u00e9chage \u00e0 plat et \u00e0 l\u2019air libre<\/p>\n<p class=\"p1\" style=\"margin:0px;font-size:12px;line-height:normal;font-family:'Helvetica Neue'\">\n<p class=\"p1\" style=\"margin:0px;font-size:12px;line-height:normal;font-family:'Helvetica Neue'\"><b>\u2022 Composition \/ Tissu :<\/b><\/p>\n<p class=\"p1\" style=\"margin:0px;font-size:12px;line-height:normal;font-family:'Helvetica Neue'\">Ext\u00e9rieur : 100% coton<br \/>Int\u00e9rieur : su\u00e9dine\u00a0<\/p>\n<p class=\"p1\" style=\"margin:0px;font-size:12px;line-height:normal;font-family:'Helvetica Neue'\">\n<p class=\"p1\" style=\"margin:0px;font-size:12px;line-height:normal;font-family:'Helvetica Neue'\"><b>\u2022 Tailles :<\/b><\/p>\n<p class=\"p1\" style=\"margin:0px;font-size:12px;line-height:normal;font-family:'Helvetica Neue'\">54\/55cm = taille S<\/p>\n<p class=\"p1\" style=\"margin:0px;font-size:12px;line-height:normal;font-family:'Helvetica Neue'\">56\/57cm = taille M<\/p>\n<p class=\"p1\" style=\"margin:0px;font-size:12px;line-height:normal;font-family:'Helvetica Neue'\">58\/59cm = taille L<\/p>\n<p class=\"p1\" style=\"margin:0px;font-size:12px;line-height:normal;font-family:'Helvetica Neue'\">\n<p class=\"p1\" style=\"margin:0px;font-size:12px;line-height:normal;font-family:'Helvetica Neue'\">\n<p class=\"p1\" style=\"margin:0px;font-size:12px;line-height:normal;font-family:'Helvetica Neue'\">Marque : Le Chapot\u00e9<\/p>\n","protected":false},"excerpt":{"rendered":"<p>Casquette en velours (au choix) Le Chapot\u00e9 durable et \u00e9thique \u2713 Livraison rapide &amp; paiement en x3 ou x4. What else? Une casquette baseball chaude &amp; \u00e9pur\u00e9e pour un vestiaire chic. What else? Une casquette baseball chaude &amp; \u00e9pur\u00e9e pour un vestiaire chic. \u2022 Entretien \/ Fabrication :\u00a0 Laver doucement \u00e0 la main \u00e0 l&#8217;eau [&hellip;]<\/p>\n","protected":false},"featured_media":702170,"comment_status":"open","ping_status":"closed","template":"","meta":[],"product_brand":[],"product_cat":[1756,1764],"product_tag":[2244],"acf":[],"_links":{"self":[{"href":"https:\/\/streetmarkets.fr\/app\/wp-json\/wp\/v2\/product\/702169"}],"collection":[{"href":"https:\/\/streetmarkets.fr\/app\/wp-json\/wp\/v2\/product"}],"about":[{"href":"https:\/\/streetmarkets.fr\/app\/wp-json\/wp\/v2\/types\/product"}],"replies":[{"embeddable":true,"href":"https:\/\/streetmarkets.fr\/app\/wp-json\/wp\/v2\/comments?post=702169"}],"wp:featuredmedia":[{"embeddable":true,"href":"https:\/\/streetmarkets.fr\/app\/wp-json\/wp\/v2\/media\/702170"}],"wp:attachment":[{"href":"https:\/\/streetmarkets.fr\/app\/wp-json\/wp\/v2\/media?parent=702169"}],"wp:term":[{"taxonomy":"product_brand","embeddable":true,"href":"https:\/\/streetmarkets.fr\/app\/wp-json\/wp\/v2\/product_brand?post=702169"},{"taxonomy":"product_cat","embeddable":true,"href":"https:\/\/streetmarkets.fr\/app\/wp-json\/wp\/v2\/product_cat?post=702169"},{"taxonomy":"product_tag","embeddable":true,"href":"https:\/\/streetmarkets.fr\/app\/wp-json\/wp\/v2\/product_tag?post=702169"}],"curies":[{"name":"wp","href":"https:\/\/api.w.org\/{rel}","templated":true}]}}