{"id":702128,"date":"2024-10-15T10:28:53","date_gmt":"2024-10-15T08:28:53","guid":{"rendered":"https:\/\/streetmarkets.fr\/app\/produit\/bob-en-velours-au-choix\/"},"modified":"2024-10-15T10:29:52","modified_gmt":"2024-10-15T08:29:52","slug":"bob-en-velours-au-choix","status":"publish","type":"product","link":"https:\/\/streetmarkets.fr\/app\/produit\/bob-en-velours-au-choix\/","title":{"rendered":"Bob en velours (au choix)"},"content":{"rendered":"<p>Bob en velours (au choix) Le Chapot\u00e9 durable et \u00e9thique \u2713 Livraison rapide &amp; paiement en x3 ou x4.<\/p>\n<p><span style=\"font-family:'Helvetica Neue';font-size:12px\">Le look r\u00e9tro &amp; trendy d&#8217;un \u00e9pais velours c\u00f4tel\u00e9 sur une coupe de couvre-chef entre le bob &amp; le chapeau qui donne un style unique\u00a0et contemporain.<\/span><\/p>\n<p class=\"p1\" style=\"margin:0px;font-size:12px;line-height:normal;font-family:'Helvetica Neue'\">Le look r\u00e9tro &amp; trendy d&#8217;un \u00e9pais velours c\u00f4tel\u00e9 sur une coupe de couvre-chef entre le bob &amp; le chapeau&#8230; Ca donne un style unique tellement contemporain.<\/p>\n<p class=\"p2\" style=\"margin:0px;font-size:12px;line-height:normal;font-family:'Helvetica Neue';min-height:14px\">\n<p class=\"p1\" style=\"margin:0px;font-size:12px;line-height:normal;font-family:'Helvetica Neue'\"><b>\u2022 Entretien \/ Fabrication :<\/b><span class=\"Apple-converted-space\">\u00a0<\/span><\/p>\n<p class=\"p1\" style=\"margin:0px;font-size:12px;line-height:normal;font-family:'Helvetica Neue'\">Laver doucement \u00e0 la main \u00e0 l&#8217;eau froide, s\u00e9chage \u00e0 plat et \u00e0 l\u2019air libre<\/p>\n<p class=\"p1\" style=\"margin:0px;font-size:12px;line-height:normal;font-family:'Helvetica Neue'\">\n<p class=\"p1\" style=\"margin:0px;font-size:12px;line-height:normal;font-family:'Helvetica Neue'\"><b>\u2022 Composition \/ Tissu :<\/b><\/p>\n<p class=\"p1\" style=\"margin:0px;font-size:12px;line-height:normal;font-family:'Helvetica Neue'\">Ext\u00e9rieur : 100% coton<br \/>Int\u00e9rieur :\u00a0su\u00e9dine ou caban<\/p>\n<p class=\"p1\" style=\"margin:0px;font-size:12px;line-height:normal;font-family:'Helvetica Neue'\">\n<p class=\"p1\" style=\"margin:0px;font-size:12px;line-height:normal;font-family:'Helvetica Neue'\"><b>\u2022 Tailles :<\/b><\/p>\n<p class=\"p1\" style=\"margin:0px;font-size:12px;line-height:normal;font-family:'Helvetica Neue'\">55cm = taille S<\/p>\n<p class=\"p1\" style=\"margin:0px;font-size:12px;line-height:normal;font-family:'Helvetica Neue'\">57cm = taille M<\/p>\n<p class=\"p1\" style=\"margin:0px;font-size:12px;line-height:normal;font-family:'Helvetica Neue'\">59cm = taille L<\/p>\n<p class=\"p1\" style=\"margin:0px;font-size:12px;line-height:normal;font-family:'Helvetica Neue'\">\n<p class=\"p1\" style=\"margin:0px;font-size:12px;line-height:normal;font-family:'Helvetica Neue'\">\n<p class=\"p1\" style=\"margin:0px;font-size:12px;line-height:normal;font-family:'Helvetica Neue'\">Marque : Le Chapot\u00e9<\/p>\n","protected":false},"excerpt":{"rendered":"<p>Bob en velours (au choix) Le Chapot\u00e9 durable et \u00e9thique \u2713 Livraison rapide &amp; paiement en x3 ou x4. Le look r\u00e9tro &amp; trendy d&#8217;un \u00e9pais velours c\u00f4tel\u00e9 sur une coupe de couvre-chef entre le bob &amp; le chapeau qui donne un style unique\u00a0et contemporain. Le look r\u00e9tro &amp; trendy d&#8217;un \u00e9pais velours c\u00f4tel\u00e9 sur [&hellip;]<\/p>\n","protected":false},"featured_media":702129,"comment_status":"open","ping_status":"closed","template":"","meta":[],"product_brand":[],"product_cat":[1756,1764],"product_tag":[2244],"acf":[],"_links":{"self":[{"href":"https:\/\/streetmarkets.fr\/app\/wp-json\/wp\/v2\/product\/702128"}],"collection":[{"href":"https:\/\/streetmarkets.fr\/app\/wp-json\/wp\/v2\/product"}],"about":[{"href":"https:\/\/streetmarkets.fr\/app\/wp-json\/wp\/v2\/types\/product"}],"replies":[{"embeddable":true,"href":"https:\/\/streetmarkets.fr\/app\/wp-json\/wp\/v2\/comments?post=702128"}],"wp:featuredmedia":[{"embeddable":true,"href":"https:\/\/streetmarkets.fr\/app\/wp-json\/wp\/v2\/media\/702129"}],"wp:attachment":[{"href":"https:\/\/streetmarkets.fr\/app\/wp-json\/wp\/v2\/media?parent=702128"}],"wp:term":[{"taxonomy":"product_brand","embeddable":true,"href":"https:\/\/streetmarkets.fr\/app\/wp-json\/wp\/v2\/product_brand?post=702128"},{"taxonomy":"product_cat","embeddable":true,"href":"https:\/\/streetmarkets.fr\/app\/wp-json\/wp\/v2\/product_cat?post=702128"},{"taxonomy":"product_tag","embeddable":true,"href":"https:\/\/streetmarkets.fr\/app\/wp-json\/wp\/v2\/product_tag?post=702128"}],"curies":[{"name":"wp","href":"https:\/\/api.w.org\/{rel}","templated":true}]}}