{"id":702118,"date":"2024-10-15T10:28:53","date_gmt":"2024-10-15T08:28:53","guid":{"rendered":"https:\/\/streetmarkets.fr\/app\/produit\/huile-vegetale-pure-30-ml-au-choix\/"},"modified":"2024-10-15T10:29:52","modified_gmt":"2024-10-15T08:29:52","slug":"huile-vegetale-pure-30-ml-au-choix","status":"publish","type":"product","link":"https:\/\/streetmarkets.fr\/app\/produit\/huile-vegetale-pure-30-ml-au-choix\/","title":{"rendered":"Huile v\u00e9g\u00e9tale pure 30 mL (au choix)"},"content":{"rendered":"<p>Huile v\u00e9g\u00e9tale pure 30 mL (au choix) My Mira durable et \u00e9thique \u2713 Livraison rapide &amp; paiement en x3 ou x4.<\/p>\n<p>Huile v\u00e9g\u00e9tales pures de contenance 30 mL.<\/p>\n<ul>\n<li>\n<p class=\"p1\" style=\"margin:0px;font-size:12px;line-height:normal;font-family:'Helvetica Neue'\">Notre s\u00e9rum raffermissant\u00a0<strong style=\"font-family:Verdana, Arial, Helvetica, sans-serif;font-size:11px\">\u00ab\u00a0Rien que pour vos seins<\/strong><b style=\"font-family:Verdana, Arial, Helvetica, sans-serif;font-size:11px\">\u00a0\u00bb\u00a0<\/b>n&#8217;est compos\u00e9 que de 6 ingr\u00e9dients, tous naturels et ultra efficaces. Les vitamines et les acides gras essentiels venus des huiles v\u00e9g\u00e9tales de moringa, de marula et de carthame, associ\u00e9es \u00e0 l&#8217;huile de p\u00e2querettes pour raffermir naturellement vos seins sur le long terme ; et l&#8217;huile essentielle de palmarosa pour la note de rose.<\/p>\n<\/li>\n<li>\n<p class=\"p1\" style=\"margin:0px;font-size:12px;line-height:normal;font-family:'Helvetica Neue'\">Prot\u00e9gez vos pointes de la casse et des fourches avec notre soin r\u00e9parateur sans rin\u00e7age.\u00a0<strong style=\"font-family:Verdana, Arial, Helvetica, sans-serif;font-size:11px\">\u00ab\u00a0L&#8217;huile qui murmurait \u00e0 l&#8217;oreille des cheveux<\/strong><b style=\"font-family:Verdana, Arial, Helvetica, sans-serif;font-size:11px\">\u00a0\u00bb\u00a0<\/b>est une alliance d\u2019huiles pures et essentielles rigoureusement s\u00e9lectionn\u00e9es pour leurs propri\u00e9t\u00e9s hydratantes, nourrissantes et protectrices. Appliquez directement une pipette sur cheveux secs ou humides.<\/p>\n<\/li>\n<li>\n<p class=\"p1\" style=\"margin:0px;font-size:12px;line-height:normal;font-family:'Helvetica Neue'\">Courtes, taill\u00e9es, \u00e9paisses ou en broussaille, barbes de tous horizons, affirmez-vous !<\/p>\n<p class=\"p1\" style=\"margin:0px;font-size:12px;line-height:normal;font-family:'Helvetica Neue'\">Sur une barbe s\u00e8che et propre, appliquez\u00a0<strong style=\"font-family:Verdana, Arial, Helvetica, sans-serif;font-size:11px\">\u00ab\u00a0God of Barbe \u00bb\u00a0<\/strong>par massages circulaires en insistant sur les zones moins fournies. Notre soin compos\u00e9 de quatre ingr\u00e9dients purs et bruts nourrit et donne force et vigueur \u00e0 votre barbe.<\/p>\n<\/li>\n<li>\n<p class=\"p1\"><span class=\"s1\">L&#8217;huile de baobab est excellente pour prendre soin de sa peau. Une huile pure et unique gr\u00e2ce \u00e0 la pr\u00e9servation \u00e7a pulpe, ce qui lui laisse ses propri\u00e9t\u00e9s premi\u00e8res et garantit une efficacit\u00e9 bien plus \u00e9lev\u00e9e que les autres huiles de baobab que vous pourrez trouver ailleurs. Elle vient tout droit de Madagascar, l\u00e0 o\u00f9 ses s\u0153urs proviennent davantage du S\u00e9n\u00e9gal, dont la fili\u00e8re du baobab est plus industrialis\u00e9e.<\/span><\/p>\n<\/li>\n<li><span class=\"s1\">L&#8217;huile de moutarde\u00a0<\/span><strong>\u00ab\u00a0Inglorious Mustard \u00bb<\/strong>\u00a0est l\u00e0 pour gainer vos cheveux, les fortifier et limiter leur chute. Pure, vierge, press\u00e9e \u00e0 froid,\u00a0cette huile s\u2019utilise en masque avant shampoing sur les longueurs pour faire resplendir vos cheveux. L&#8217;huile de moutarde pure est une huile forte, avec une odeur de moutarde marqu\u00e9e, fabriqu\u00e9e en Bourgogne avec passion par Emmanuel. Pour celles et ceux qui aiment les produits bruts, rac\u00e9s ; qui aiment avoir de beaux cheveux, aussi.<\/li>\n<\/ul>\n<ul>\n<li>\n<p class=\"p1\" style=\"margin:0px;font-size:12px;line-height:normal;font-family:'Helvetica Neue'\">La peau du visage est soumise \u00e0 des conditions extr\u00eames : la m\u00e9t\u00e9o, la pollution, le stress sont autant de facteurs qui favorisent la d\u00e9shydratation et l\u2019apparition de ridules. Avec cette alliance d\u2019huiles pures et essentielles reconnues pour leurs propri\u00e9t\u00e9s protectrices, nourrissantes et hydratantes,\u00a0<b>\u00ab Skin city \u00bb\u00a0<\/b>sera votre nouvelle alli\u00e9e contre le temps !<\/p>\n<p class=\"p1\" style=\"margin:0px;font-size:12px;line-height:normal;font-family:'Helvetica Neue'\">\n<\/li>\n<li>\n<p class=\"p1\" style=\"margin:0px;font-size:12px;line-height:normal;font-family:'Helvetica Neue'\">\n<p class=\"p1\" style=\"margin:0px;font-size:12px;line-height:normal;font-family:'Helvetica Neue'\">Marre d\u2019avoir les mains s\u00e8ches \u00e0 cause de l\u2019hiver ? Envie d\u2019un peu de douceur dans ce monde de brutes ? On a ce qu\u2019il vous faut !<\/p>\n<p class=\"p1\" style=\"margin:0px;font-size:12px;line-height:normal;font-family:'Helvetica Neue'\">L&#8217;huile pour les mains\u00a0<b>\u00ab\u00a0L&#8217;huile aux mains d&#8217;argent \u00bb\u00a0<\/b>est un combo parfait d\u2019huiles de mirabelle, de jojoba, de cerise, de citron et d\u2019orange. C\u2019est une huile miracle qui vient adoucir et hydrater vos mains et dont vous ne pourrez plus vous passer !<\/p>\n<\/li>\n<li>\n<p class=\"p1\" style=\"margin:0px;font-size:12px;line-height:normal;font-family:'Helvetica Neue'\">La vanille n\u2019est pas simplement l\u00e0 pour faire joli. Elle poss\u00e8de des propri\u00e9t\u00e9s anti inflammatoires, antioxydantes et r\u00e9g\u00e9n\u00e9rantes. Anti-\u00e2ge, notre huile de vanille purifie aussi la peau et lutte contre l&#8217;acn\u00e9, les boutons et les cicatrices. De l\u2019or noir dans nos flacons, pour vous.<\/p>\n<p class=\"p1\" style=\"margin:0px;font-size:12px;line-height:normal;font-family:'Helvetica Neue'\">L&#8217;huile de vanille\u00a0<strong style=\"font-family:Verdana, Arial, Helvetica, sans-serif;font-size:11px\">\u00ab\u00a0D\u00e9vanillez moi<\/strong><b>\u00a0\u00bb<\/b>\u00a0est nourrissante, elle r\u00e9gule la production de s\u00e9bum et est adapt\u00e9e \u00e0 toutes les peaux. Pourquoi ? Parce que nous n&#8217;avons pas fait mac\u00e9rer notre vanille dans de l&#8217;huile de tournesol, de colza ou de palme mais dans de l&#8217;huile de jojoba pure, vierge et press\u00e9e \u00e0 froid. Une huile pr\u00e9cieuse pour sublimer la vanille. Les propri\u00e9t\u00e9s de l&#8217;huile de jojoba et de la vanille conjugu\u00e9es.<\/p>\n<\/li>\n<li>\n<p class=\"p1\" style=\"margin:0px;font-size:12px;line-height:normal;font-family:'Helvetica Neue'\"><strong style=\"font-family:Verdana, Arial, Helvetica, sans-serif;font-size:11px\">\u00ab\u00a0The greatest carthame<\/strong><b>\u00a0\u00bb<\/b>\u00a0est une huile l\u00e9g\u00e8re, issue du soleil g\u00e9n\u00e9reux de l&#8217;Occitanie. L&#8217;huile de carthame pure est une huile tr\u00e8s s\u00e8che p\u00e9n\u00e9trant rapidement la peau, sans laisser de film gras : tr\u00e8s simple \u00e0 utiliser, elle est parfaite en soin de jour et en huile d\u00e9maquillante ! Naturellement tr\u00e8s riche en om\u00e9ga 6, elle assouplit et restructure votre peau.<\/p>\n<p class=\"p1\" style=\"margin:0px;font-size:12px;line-height:normal;font-family:'Helvetica Neue'\">\n<\/li>\n<li>\n<p class=\"p1\" style=\"margin:0px;font-size:12px;line-height:normal;font-family:'Helvetica Neue'\">La plus pr\u00e9cieuse : des vitamines E et des om\u00e9ga-6 comme s\u2019il en pleuvait, voici la tr\u00e8s riche huile de p\u00e9pins de figue de barbarie\u00a0<strong style=\"font-family:Verdana, Arial, Helvetica, sans-serif;font-size:11px\">\u00ab\u00a0Little figue sunshine<\/strong><b>\u00a0\u00bb.\u00a0<\/b>Un essentiel pour la peau, toutes les peaux. Recherch\u00e9e, rare et pr\u00e9cieuse, c\u2019est un plaisir de vous proposer notre huile de p\u00e9pins de figue de barbarie. Elle lutte contre le rel\u00e2chement de la peau, contre l\u2019apparition de rides et de ridules, gr\u00e2ce \u00e0 sa richesse en st\u00e9rols, vitamine E et vitamine F. Et son odeur ? Canon. Notre huile de p\u00e9pins de figue de barbarie est vierge, de premi\u00e8re presse \u00e0 froid. Elle vient de Madagascar, du Nord de la grande \u00eele, un climat chaud, suffisamment sec pour les figues, id\u00e9al pour notre huile<\/p>\n<\/li>\n<\/ul>\n","protected":false},"excerpt":{"rendered":"<p>Huile v\u00e9g\u00e9tale pure 30 mL (au choix) My Mira durable et \u00e9thique \u2713 Livraison rapide &amp; paiement en x3 ou x4. Huile v\u00e9g\u00e9tales pures de contenance 30 mL. Notre s\u00e9rum raffermissant\u00a0\u00ab\u00a0Rien que pour vos seins\u00a0\u00bb\u00a0n&#8217;est compos\u00e9 que de 6 ingr\u00e9dients, tous naturels et ultra efficaces. Les vitamines et les acides gras essentiels venus des huiles [&hellip;]<\/p>\n","protected":false},"featured_media":702119,"comment_status":"open","ping_status":"closed","template":"","meta":[],"product_brand":[],"product_cat":[1756,1764],"product_tag":[2244],"acf":[],"_links":{"self":[{"href":"https:\/\/streetmarkets.fr\/app\/wp-json\/wp\/v2\/product\/702118"}],"collection":[{"href":"https:\/\/streetmarkets.fr\/app\/wp-json\/wp\/v2\/product"}],"about":[{"href":"https:\/\/streetmarkets.fr\/app\/wp-json\/wp\/v2\/types\/product"}],"replies":[{"embeddable":true,"href":"https:\/\/streetmarkets.fr\/app\/wp-json\/wp\/v2\/comments?post=702118"}],"wp:featuredmedia":[{"embeddable":true,"href":"https:\/\/streetmarkets.fr\/app\/wp-json\/wp\/v2\/media\/702119"}],"wp:attachment":[{"href":"https:\/\/streetmarkets.fr\/app\/wp-json\/wp\/v2\/media?parent=702118"}],"wp:term":[{"taxonomy":"product_brand","embeddable":true,"href":"https:\/\/streetmarkets.fr\/app\/wp-json\/wp\/v2\/product_brand?post=702118"},{"taxonomy":"product_cat","embeddable":true,"href":"https:\/\/streetmarkets.fr\/app\/wp-json\/wp\/v2\/product_cat?post=702118"},{"taxonomy":"product_tag","embeddable":true,"href":"https:\/\/streetmarkets.fr\/app\/wp-json\/wp\/v2\/product_tag?post=702118"}],"curies":[{"name":"wp","href":"https:\/\/api.w.org\/{rel}","templated":true}]}}