{"id":702110,"date":"2024-10-15T10:28:53","date_gmt":"2024-10-15T08:28:53","guid":{"rendered":"https:\/\/streetmarkets.fr\/app\/produit\/chaussettes-crescent-dunes-plusieurs-couleurs\/"},"modified":"2024-10-15T10:29:52","modified_gmt":"2024-10-15T08:29:52","slug":"chaussettes-crescent-dunes-plusieurs-couleurs","status":"publish","type":"product","link":"https:\/\/streetmarkets.fr\/app\/produit\/chaussettes-crescent-dunes-plusieurs-couleurs\/","title":{"rendered":"Chaussettes Crescent Dunes (plusieurs couleurs)"},"content":{"rendered":"<p>Chaussettes Crescent Dunes (plusieurs couleurs) Atelier St-Eustache durable et \u00e9thique \u2713 Livraison rapide &amp; paiement en x3 ou x4.<\/p>\n<div id=\"product-description-tab-content\" class=\"product-description-tab-content tab-pane active\">\n<div class=\"rte\">\n<div>S\u00fbrement le mod\u00e8le le plus original de tous, &#8220;Tokyo&#8221; est la rencontre de toutes les chaussettes\u00a0cr\u00e9\u00e9es jusque l\u00e0 : les carreaux de Ginza, les rayures de Shibuya et Shinjuku, les surfaces d&#8217;Asakusa, et les pois de Nakameguro.<\/div>\n<div><strong>COMPOSITION<\/strong><span>\u00a0<\/span>:\u00a0P<span>olyamide\u00a0<\/span><\/div>\n<div><span><strong>GUIDE DES TAILLES<\/strong>\u00a0:\u00a0Ce mod\u00e8le taille un peu petit. Prenez\u00a0un 39\/41\u00a0<\/span>\u00a0<span>pour un 38,5<\/span><\/div>\n<div><strong>CONSEILS D&#8217;ENTRETIEN<\/strong><span>\u00a0<\/span>: Lavable en machine \u00e0 30\u00b0 avec un programme d\u00e9licat, et utilisation d&#8217;un pochon\u00a0<span>\u00a0<\/span><span>recommand\u00e9<\/span>.<\/div>\n<div><em>magin\u00e9es en France, fabriqu\u00e9es en Italie<\/em><\/div>\n<div><\/div>\n<div><em>Marque : Atelier St Eustache<\/em><\/div>\n<\/div>\n<\/div>\n","protected":false},"excerpt":{"rendered":"<p>Chaussettes Crescent Dunes (plusieurs couleurs) Atelier St-Eustache durable et \u00e9thique \u2713 Livraison rapide &amp; paiement en x3 ou x4. S\u00fbrement le mod\u00e8le le plus original de tous, &#8220;Tokyo&#8221; est la rencontre de toutes les chaussettes\u00a0cr\u00e9\u00e9es jusque l\u00e0 : les carreaux de Ginza, les rayures de Shibuya et Shinjuku, les surfaces d&#8217;Asakusa, et les pois de [&hellip;]<\/p>\n","protected":false},"featured_media":702111,"comment_status":"open","ping_status":"closed","template":"","meta":[],"product_brand":[],"product_cat":[1756,1764],"product_tag":[2244],"acf":[],"_links":{"self":[{"href":"https:\/\/streetmarkets.fr\/app\/wp-json\/wp\/v2\/product\/702110"}],"collection":[{"href":"https:\/\/streetmarkets.fr\/app\/wp-json\/wp\/v2\/product"}],"about":[{"href":"https:\/\/streetmarkets.fr\/app\/wp-json\/wp\/v2\/types\/product"}],"replies":[{"embeddable":true,"href":"https:\/\/streetmarkets.fr\/app\/wp-json\/wp\/v2\/comments?post=702110"}],"wp:featuredmedia":[{"embeddable":true,"href":"https:\/\/streetmarkets.fr\/app\/wp-json\/wp\/v2\/media\/702111"}],"wp:attachment":[{"href":"https:\/\/streetmarkets.fr\/app\/wp-json\/wp\/v2\/media?parent=702110"}],"wp:term":[{"taxonomy":"product_brand","embeddable":true,"href":"https:\/\/streetmarkets.fr\/app\/wp-json\/wp\/v2\/product_brand?post=702110"},{"taxonomy":"product_cat","embeddable":true,"href":"https:\/\/streetmarkets.fr\/app\/wp-json\/wp\/v2\/product_cat?post=702110"},{"taxonomy":"product_tag","embeddable":true,"href":"https:\/\/streetmarkets.fr\/app\/wp-json\/wp\/v2\/product_tag?post=702110"}],"curies":[{"name":"wp","href":"https:\/\/api.w.org\/{rel}","templated":true}]}}