{"id":702101,"date":"2024-10-15T10:28:24","date_gmt":"2024-10-15T08:28:24","guid":{"rendered":"https:\/\/streetmarkets.fr\/app\/produit\/bracelet-hexa-quartz-fraise-hanka-in\/"},"modified":"2026-05-12T08:37:38","modified_gmt":"2026-05-12T06:37:38","slug":"bracelet-hexa-quartz-fraise-hanka-in","status":"publish","type":"product","link":"https:\/\/streetmarkets.fr\/app\/produit\/bracelet-hexa-quartz-fraise-hanka-in\/","title":{"rendered":"Bracelet Hexa Quartz Fraise &#8211; Hanka In"},"content":{"rendered":"<p>Bracelet dor\u00e9 \u00e0 l&#8217;or fin avec en son centre une pierre en quartz fraise orn\u00e9e \u00e9galement de petits zircons sur un des cot\u00e9s de la chaine.\u00a0<\/p>\n<p><strong>Cr\u00e9atrice fran\u00e7aise<\/strong> Hanka In<\/p>\n<p>Les mod\u00e8les sont dessin\u00e9s et fabriqu\u00e9s en France.<\/p>\n","protected":false},"excerpt":{"rendered":"<p>Bracelet dor\u00e9 \u00e0 l&#8217;or fin avec en son centre une pierre en quartz fraise orn\u00e9e \u00e9galement de petits zircons sur un des cot\u00e9s de la chaine.\u00a0 Cr\u00e9atrice fran\u00e7aise Hanka In Les mod\u00e8les sont dessin\u00e9s et fabriqu\u00e9s en France.<\/p>\n","protected":false},"featured_media":702102,"comment_status":"open","ping_status":"closed","template":"","meta":[],"product_brand":[],"product_cat":[1807,1756],"product_tag":[2244],"acf":[],"_links":{"self":[{"href":"https:\/\/streetmarkets.fr\/app\/wp-json\/wp\/v2\/product\/702101"}],"collection":[{"href":"https:\/\/streetmarkets.fr\/app\/wp-json\/wp\/v2\/product"}],"about":[{"href":"https:\/\/streetmarkets.fr\/app\/wp-json\/wp\/v2\/types\/product"}],"replies":[{"embeddable":true,"href":"https:\/\/streetmarkets.fr\/app\/wp-json\/wp\/v2\/comments?post=702101"}],"wp:featuredmedia":[{"embeddable":true,"href":"https:\/\/streetmarkets.fr\/app\/wp-json\/wp\/v2\/media\/702102"}],"wp:attachment":[{"href":"https:\/\/streetmarkets.fr\/app\/wp-json\/wp\/v2\/media?parent=702101"}],"wp:term":[{"taxonomy":"product_brand","embeddable":true,"href":"https:\/\/streetmarkets.fr\/app\/wp-json\/wp\/v2\/product_brand?post=702101"},{"taxonomy":"product_cat","embeddable":true,"href":"https:\/\/streetmarkets.fr\/app\/wp-json\/wp\/v2\/product_cat?post=702101"},{"taxonomy":"product_tag","embeddable":true,"href":"https:\/\/streetmarkets.fr\/app\/wp-json\/wp\/v2\/product_tag?post=702101"}],"curies":[{"name":"wp","href":"https:\/\/api.w.org\/{rel}","templated":true}]}}