{"id":702083,"date":"2024-10-15T10:28:23","date_gmt":"2024-10-15T08:28:23","guid":{"rendered":"https:\/\/streetmarkets.fr\/app\/produit\/collier-ice-rubis-hanka-in\/"},"modified":"2026-05-08T08:37:26","modified_gmt":"2026-05-08T06:37:26","slug":"collier-ice-rubis-hanka-in","status":"publish","type":"product","link":"https:\/\/streetmarkets.fr\/app\/produit\/collier-ice-rubis-hanka-in\/","title":{"rendered":"Collier Ice agate teint\u00e9e rose &#8211; Hanka In"},"content":{"rendered":"<p>Ravissant collier ras du cou avec une pierre rectangulaire en agate teint\u00e9e rose<br \/>&amp; cha\u00eene fine dor\u00e9e \u00e0 l&#8217;or fin.<\/p>\n<p>Ce collier apporter une touche estivale \u00e0 toutes vos tenues d&#8217;\u00e9t\u00e9 et pourra se cumuler avec vos autres colliers.\u00a0<\/p>\n<p>\u00a0<\/p>\n","protected":false},"excerpt":{"rendered":"<p>Ravissant collier ras du cou avec une pierre rectangulaire en agate teint\u00e9e rose&amp; cha\u00eene fine dor\u00e9e \u00e0 l&#8217;or fin. Ce collier apporter une touche estivale \u00e0 toutes vos tenues d&#8217;\u00e9t\u00e9 et pourra se cumuler avec vos autres colliers.\u00a0 \u00a0<\/p>\n","protected":false},"featured_media":702084,"comment_status":"open","ping_status":"closed","template":"","meta":[],"product_brand":[],"product_cat":[1807,1756],"product_tag":[2244],"acf":[],"_links":{"self":[{"href":"https:\/\/streetmarkets.fr\/app\/wp-json\/wp\/v2\/product\/702083"}],"collection":[{"href":"https:\/\/streetmarkets.fr\/app\/wp-json\/wp\/v2\/product"}],"about":[{"href":"https:\/\/streetmarkets.fr\/app\/wp-json\/wp\/v2\/types\/product"}],"replies":[{"embeddable":true,"href":"https:\/\/streetmarkets.fr\/app\/wp-json\/wp\/v2\/comments?post=702083"}],"wp:featuredmedia":[{"embeddable":true,"href":"https:\/\/streetmarkets.fr\/app\/wp-json\/wp\/v2\/media\/702084"}],"wp:attachment":[{"href":"https:\/\/streetmarkets.fr\/app\/wp-json\/wp\/v2\/media?parent=702083"}],"wp:term":[{"taxonomy":"product_brand","embeddable":true,"href":"https:\/\/streetmarkets.fr\/app\/wp-json\/wp\/v2\/product_brand?post=702083"},{"taxonomy":"product_cat","embeddable":true,"href":"https:\/\/streetmarkets.fr\/app\/wp-json\/wp\/v2\/product_cat?post=702083"},{"taxonomy":"product_tag","embeddable":true,"href":"https:\/\/streetmarkets.fr\/app\/wp-json\/wp\/v2\/product_tag?post=702083"}],"curies":[{"name":"wp","href":"https:\/\/api.w.org\/{rel}","templated":true}]}}