{"id":702079,"date":"2024-10-15T10:28:23","date_gmt":"2024-10-15T08:28:23","guid":{"rendered":"https:\/\/streetmarkets.fr\/app\/produit\/collier-ice-turquoise-hanka-in\/"},"modified":"2026-05-10T08:37:19","modified_gmt":"2026-05-10T06:37:19","slug":"collier-ice-turquoise-hanka-in","status":"publish","type":"product","link":"https:\/\/streetmarkets.fr\/app\/produit\/collier-ice-turquoise-hanka-in\/","title":{"rendered":"Collier Ice Turquoise &#8211; Hanka In"},"content":{"rendered":"<p>Collier dor\u00e9 \u00e0 l&#8217;or fin compos\u00e9 d&#8217;un turquoise se trouvant en son centre.<\/p>\n<p><strong>Cr\u00e9atrice fran\u00e7aise Hanka In<\/strong>, les mod\u00e8les sont dessin\u00e9s et fabriqu\u00e9s en France.<\/p>\n","protected":false},"excerpt":{"rendered":"<p>Collier dor\u00e9 \u00e0 l&#8217;or fin compos\u00e9 d&#8217;un turquoise se trouvant en son centre. Cr\u00e9atrice fran\u00e7aise Hanka In, les mod\u00e8les sont dessin\u00e9s et fabriqu\u00e9s en France.<\/p>\n","protected":false},"featured_media":702080,"comment_status":"open","ping_status":"closed","template":"","meta":[],"product_brand":[],"product_cat":[1807,1756],"product_tag":[2244],"acf":[],"_links":{"self":[{"href":"https:\/\/streetmarkets.fr\/app\/wp-json\/wp\/v2\/product\/702079"}],"collection":[{"href":"https:\/\/streetmarkets.fr\/app\/wp-json\/wp\/v2\/product"}],"about":[{"href":"https:\/\/streetmarkets.fr\/app\/wp-json\/wp\/v2\/types\/product"}],"replies":[{"embeddable":true,"href":"https:\/\/streetmarkets.fr\/app\/wp-json\/wp\/v2\/comments?post=702079"}],"wp:featuredmedia":[{"embeddable":true,"href":"https:\/\/streetmarkets.fr\/app\/wp-json\/wp\/v2\/media\/702080"}],"wp:attachment":[{"href":"https:\/\/streetmarkets.fr\/app\/wp-json\/wp\/v2\/media?parent=702079"}],"wp:term":[{"taxonomy":"product_brand","embeddable":true,"href":"https:\/\/streetmarkets.fr\/app\/wp-json\/wp\/v2\/product_brand?post=702079"},{"taxonomy":"product_cat","embeddable":true,"href":"https:\/\/streetmarkets.fr\/app\/wp-json\/wp\/v2\/product_cat?post=702079"},{"taxonomy":"product_tag","embeddable":true,"href":"https:\/\/streetmarkets.fr\/app\/wp-json\/wp\/v2\/product_tag?post=702079"}],"curies":[{"name":"wp","href":"https:\/\/api.w.org\/{rel}","templated":true}]}}