{"id":702039,"date":"2024-10-15T10:28:21","date_gmt":"2024-10-15T08:28:21","guid":{"rendered":"https:\/\/streetmarkets.fr\/app\/produit\/blouse-odette-tropical-aqua-green-mare-di-latte\/"},"modified":"2026-04-28T08:37:41","modified_gmt":"2026-04-28T06:37:41","slug":"blouse-odette-tropical-aqua-green-mare-di-latte","status":"publish","type":"product","link":"https:\/\/streetmarkets.fr\/app\/produit\/blouse-odette-tropical-aqua-green-mare-di-latte\/","title":{"rendered":"Blouse Odette Tropical aqua green &#8211; Mare di Latte"},"content":{"rendered":"<p>\u00a0<\/p>\n<p>La blouse ODETTE est une nouveaut\u00e9 de l\u2019\u00e9t\u00e9. Ses manches resserr\u00e9es aux poign\u00e9es lui offrent un c\u00f4t\u00e9 vaporeux. Des liens peuvent se nouer au cou pour un look tr\u00e8s \u00e9l\u00e9gant.\u00a0<\/p>\n<p>Liens \u00e0 nouer au cou et boutons aux poign\u00e9es<\/p>\n<p>&#8211; Imprim\u00e9 \u00ab Tropical \u00bb<\/p>\n<p data-mce-fragment=\"1\"><strong>Guide des tailles : <\/strong>Taille 0 correspond \u00e0 36, Taille 1 \u00e0 38, Taille 2 \u00e0 40<\/p>\n<p data-mce-fragment=\"1\">Si vous pr\u00e9f\u00e9rez une taille ajust\u00e9e, prenez la taille en dessous<\/p>\n<p data-mce-fragment=\"1\">\u00a0<\/p>\n","protected":false},"excerpt":{"rendered":"<p>\u00a0 La blouse ODETTE est une nouveaut\u00e9 de l\u2019\u00e9t\u00e9. Ses manches resserr\u00e9es aux poign\u00e9es lui offrent un c\u00f4t\u00e9 vaporeux. Des liens peuvent se nouer au cou pour un look tr\u00e8s \u00e9l\u00e9gant.\u00a0 Liens \u00e0 nouer au cou et boutons aux poign\u00e9es &#8211; Imprim\u00e9 \u00ab Tropical \u00bb Guide des tailles : Taille 0 correspond \u00e0 36, Taille [&hellip;]<\/p>\n","protected":false},"featured_media":702040,"comment_status":"open","ping_status":"closed","template":"","meta":[],"product_brand":[],"product_cat":[1756,1762],"product_tag":[2244],"acf":[],"_links":{"self":[{"href":"https:\/\/streetmarkets.fr\/app\/wp-json\/wp\/v2\/product\/702039"}],"collection":[{"href":"https:\/\/streetmarkets.fr\/app\/wp-json\/wp\/v2\/product"}],"about":[{"href":"https:\/\/streetmarkets.fr\/app\/wp-json\/wp\/v2\/types\/product"}],"replies":[{"embeddable":true,"href":"https:\/\/streetmarkets.fr\/app\/wp-json\/wp\/v2\/comments?post=702039"}],"wp:featuredmedia":[{"embeddable":true,"href":"https:\/\/streetmarkets.fr\/app\/wp-json\/wp\/v2\/media\/702040"}],"wp:attachment":[{"href":"https:\/\/streetmarkets.fr\/app\/wp-json\/wp\/v2\/media?parent=702039"}],"wp:term":[{"taxonomy":"product_brand","embeddable":true,"href":"https:\/\/streetmarkets.fr\/app\/wp-json\/wp\/v2\/product_brand?post=702039"},{"taxonomy":"product_cat","embeddable":true,"href":"https:\/\/streetmarkets.fr\/app\/wp-json\/wp\/v2\/product_cat?post=702039"},{"taxonomy":"product_tag","embeddable":true,"href":"https:\/\/streetmarkets.fr\/app\/wp-json\/wp\/v2\/product_tag?post=702039"}],"curies":[{"name":"wp","href":"https:\/\/api.w.org\/{rel}","templated":true}]}}