{"id":701992,"date":"2024-10-15T10:28:18","date_gmt":"2024-10-15T08:28:18","guid":{"rendered":"https:\/\/streetmarkets.fr\/app\/produit\/chaussettes-douro-plusieurs-couleurs\/"},"modified":"2024-10-15T10:28:51","modified_gmt":"2024-10-15T08:28:51","slug":"chaussettes-douro-plusieurs-couleurs","status":"publish","type":"product","link":"https:\/\/streetmarkets.fr\/app\/produit\/chaussettes-douro-plusieurs-couleurs\/","title":{"rendered":"Chaussettes Douro (plusieurs couleurs)"},"content":{"rendered":"<p>Chaussettes Douro (plusieurs couleurs) Atelier St-Eustache durable et \u00e9thique \u2713 Livraison rapide &amp; paiement en x3 ou x4.<\/p>\n<p class=\"p1\" style=\"margin:0px;font-size:12px;line-height:normal;font-family:'Helvetica Neue'\">DOURO est un\u00a0mod\u00e8le \u00e0 la pointe de l\u2019\u00e9l\u00e9gance inspir\u00e9 des vignes de cette r\u00e9gion du Portugal. De quoi \u00e9gayer votre tenue en un claquement de doigts.\u00a0<\/p>\n<div id=\"product-description-tab-content\" class=\"product-description-tab-content tab-pane active\">\n<div class=\"rte\">\n<p class=\"p1\">Retrouvez les chaussettes transparentes de la brillantissime Violette, cr\u00e9atrice de la marque St Eustache.<\/p>\n<p class=\"p1\">Une marque haut de gamme, qui vise \u00e0 anoblir un v\u00eatement devenu insignifiant, en alliant esth\u00e9tisme, confort et r\u00e9sistance.\u00a0<\/p>\n<p>L\u2019\u00c9l\u00e9gance \u00e0 la fran\u00e7aise revisit\u00e9e gr\u00e2ce \u00e0 l\u2019inspiration d\u2019autres cultures et univers architecturaux et artistiques.<\/p>\n<p>Et pourquoi ST EUSTACHE ? Parce que c\u2019est l\u2019anagramme de CHAUSSETTE. on adore!<\/p>\n<p class=\"p1\"><strong>Collection TOKYO !<\/strong> Le model Ginza<span><span> se portent tr\u00e8s bien avec des derbies pour un look habill\u00e9, ou des baskets pour un look plus d\u00e9contract\u00e9. Ce mod\u00e8le est inspir\u00e9 du quartier des hauts buildings de Ginza \u00e0 Tokyo.<\/span><\/span><\/p>\n<p class=\"p1\"><span class=\"s1\"><b>COMPOSITION<\/b> : <\/span><span>40% coton, 60% polyamide<\/span><\/p>\n<p class=\"p1\"><span class=\"s1\"><b>GUIDE DES TAILLES<\/b>\u00a0:\u00a0 36\/38 et 39\/41<br \/><\/span><\/p>\n<p class=\"p1\"><span class=\"s1\"><b>CONSEILS D&#8217;ENTRETIEN<\/b>\u00a0: Lavable en machine \u00e0 30\u00b0 avec un programme d\u00e9licat, et utilisation d&#8217;un pochon\u00a0recommand\u00e9.<span class=\"Apple-converted-space\">\u00a0<\/span><\/span><\/p>\n<p class=\"p1\"><span class=\"s1\">Imagin\u00e9es en France, fabriqu\u00e9es en Italie.<\/span><\/p>\n<p class=\"p1\"><span class=\"s1\">Retrouvez les autres mod\u00e8les et collections (Tokyo, Londres, New York)<\/span><span class=\"s1\"> sur notre eshop .<\/span><strong><span class=\"s1\"><br \/><\/span><\/strong><\/p>\n<\/div>\n<\/div>\n","protected":false},"excerpt":{"rendered":"<p>Chaussettes Douro (plusieurs couleurs) Atelier St-Eustache durable et \u00e9thique \u2713 Livraison rapide &amp; paiement en x3 ou x4. DOURO est un\u00a0mod\u00e8le \u00e0 la pointe de l\u2019\u00e9l\u00e9gance inspir\u00e9 des vignes de cette r\u00e9gion du Portugal. De quoi \u00e9gayer votre tenue en un claquement de doigts.\u00a0 Retrouvez les chaussettes transparentes de la brillantissime Violette, cr\u00e9atrice de la [&hellip;]<\/p>\n","protected":false},"featured_media":701993,"comment_status":"open","ping_status":"closed","template":"","meta":[],"product_brand":[],"product_cat":[1756,1764],"product_tag":[2244],"acf":[],"_links":{"self":[{"href":"https:\/\/streetmarkets.fr\/app\/wp-json\/wp\/v2\/product\/701992"}],"collection":[{"href":"https:\/\/streetmarkets.fr\/app\/wp-json\/wp\/v2\/product"}],"about":[{"href":"https:\/\/streetmarkets.fr\/app\/wp-json\/wp\/v2\/types\/product"}],"replies":[{"embeddable":true,"href":"https:\/\/streetmarkets.fr\/app\/wp-json\/wp\/v2\/comments?post=701992"}],"wp:featuredmedia":[{"embeddable":true,"href":"https:\/\/streetmarkets.fr\/app\/wp-json\/wp\/v2\/media\/701993"}],"wp:attachment":[{"href":"https:\/\/streetmarkets.fr\/app\/wp-json\/wp\/v2\/media?parent=701992"}],"wp:term":[{"taxonomy":"product_brand","embeddable":true,"href":"https:\/\/streetmarkets.fr\/app\/wp-json\/wp\/v2\/product_brand?post=701992"},{"taxonomy":"product_cat","embeddable":true,"href":"https:\/\/streetmarkets.fr\/app\/wp-json\/wp\/v2\/product_cat?post=701992"},{"taxonomy":"product_tag","embeddable":true,"href":"https:\/\/streetmarkets.fr\/app\/wp-json\/wp\/v2\/product_tag?post=701992"}],"curies":[{"name":"wp","href":"https:\/\/api.w.org\/{rel}","templated":true}]}}