{"id":701963,"date":"2024-10-15T10:28:17","date_gmt":"2024-10-15T08:28:17","guid":{"rendered":"https:\/\/streetmarkets.fr\/app\/produit\/barrette-en-email-camille-au-choix\/"},"modified":"2024-10-15T10:28:51","modified_gmt":"2024-10-15T08:28:51","slug":"barrette-en-email-camille-au-choix","status":"publish","type":"product","link":"https:\/\/streetmarkets.fr\/app\/produit\/barrette-en-email-camille-au-choix\/","title":{"rendered":"Barrette en email Camille (au choix)"},"content":{"rendered":"<p>Barrette en email Camille (au choix) Gypso durable et \u00e9thique \u2713 Livraison rapide &amp; paiement en x3 ou x4.<\/p>\n<div class=\"rte\">\n<p class=\"p1\" style=\"font-size:12px;line-height:normal;font-family:'Helvetica Neue';margin:0px\">En un clic, avec la barrette CAMILLE, votre queue de cheval basse ou haute sera \u00e9l\u00e9gante. Elle a sa place dans votre bo\u00eete \u00e0 bijoux !<\/p>\n<\/div>\n<p class=\"p1\" style=\"margin:0px;font-size:12px;line-height:normal;font-family:'Helvetica Neue'\">En un clic, avec la barrette CAMILLE, votre queue de cheval basse ou haute sera \u00e9l\u00e9gante. Elle a sa place dans votre bo\u00eete \u00e0 bijoux !<\/p>\n<p class=\"p1\" style=\"margin:0px;font-size:12px;line-height:normal;font-family:'Helvetica Neue'\">F\u00e9minine, originale, elle a tout pour faire des envieuses, vive la provocation chic !<\/p>\n<p class=\"p1\" style=\"margin:0px;font-size:12px;line-height:normal;font-family:'Helvetica Neue'\">\n<p class=\"p1\" style=\"margin:0px;font-size:12px;line-height:normal;font-family:'Helvetica Neue'\">Barrette clip bomb\u00e9e, id\u00e9ale pour tout type de cheveux.<\/p>\n<p class=\"p2\" style=\"margin:0px;font-size:12px;line-height:normal;font-family:'Helvetica Neue';min-height:14px\">\n<p class=\"p1\" style=\"margin:0px;font-size:12px;line-height:normal;font-family:'Helvetica Neue'\">\u2022 Mati\u00e8re : laiton<\/p>\n<p class=\"p1\" style=\"margin:0px;font-size:12px;line-height:normal;font-family:'Helvetica Neue'\">\u2022 Dimensions : 5 x 2 x 3 cm<\/p>\n<p class=\"p1\" style=\"margin:0px;font-size:12px;line-height:normal;font-family:'Helvetica Neue'\">\u2022 Dor\u00e9 \u00e0 l&#8217;or fin 24 carts<\/p>\n<p class=\"p1\" style=\"margin:0px;font-size:12px;line-height:normal;font-family:'Helvetica Neue'\">\u2022 Made in France<\/p>\n<p class=\"p2\" style=\"margin:0px;font-size:12px;line-height:normal;font-family:'Helvetica Neue';min-height:14px\">\n<p class=\"p1\" style=\"margin:0px;font-size:12px;line-height:normal;font-family:'Helvetica Neue'\">Marque : Gypso<\/p>\n","protected":false},"excerpt":{"rendered":"<p>Barrette en email Camille (au choix) Gypso durable et \u00e9thique \u2713 Livraison rapide &amp; paiement en x3 ou x4. En un clic, avec la barrette CAMILLE, votre queue de cheval basse ou haute sera \u00e9l\u00e9gante. Elle a sa place dans votre bo\u00eete \u00e0 bijoux ! En un clic, avec la barrette CAMILLE, votre queue de [&hellip;]<\/p>\n","protected":false},"featured_media":701964,"comment_status":"open","ping_status":"closed","template":"","meta":[],"product_brand":[],"product_cat":[1756,1764],"product_tag":[2244],"acf":[],"_links":{"self":[{"href":"https:\/\/streetmarkets.fr\/app\/wp-json\/wp\/v2\/product\/701963"}],"collection":[{"href":"https:\/\/streetmarkets.fr\/app\/wp-json\/wp\/v2\/product"}],"about":[{"href":"https:\/\/streetmarkets.fr\/app\/wp-json\/wp\/v2\/types\/product"}],"replies":[{"embeddable":true,"href":"https:\/\/streetmarkets.fr\/app\/wp-json\/wp\/v2\/comments?post=701963"}],"wp:featuredmedia":[{"embeddable":true,"href":"https:\/\/streetmarkets.fr\/app\/wp-json\/wp\/v2\/media\/701964"}],"wp:attachment":[{"href":"https:\/\/streetmarkets.fr\/app\/wp-json\/wp\/v2\/media?parent=701963"}],"wp:term":[{"taxonomy":"product_brand","embeddable":true,"href":"https:\/\/streetmarkets.fr\/app\/wp-json\/wp\/v2\/product_brand?post=701963"},{"taxonomy":"product_cat","embeddable":true,"href":"https:\/\/streetmarkets.fr\/app\/wp-json\/wp\/v2\/product_cat?post=701963"},{"taxonomy":"product_tag","embeddable":true,"href":"https:\/\/streetmarkets.fr\/app\/wp-json\/wp\/v2\/product_tag?post=701963"}],"curies":[{"name":"wp","href":"https:\/\/api.w.org\/{rel}","templated":true}]}}