{"id":701956,"date":"2024-10-15T10:28:17","date_gmt":"2024-10-15T08:28:17","guid":{"rendered":"https:\/\/streetmarkets.fr\/app\/produit\/barrette-en-email-zoe\/"},"modified":"2024-10-15T10:28:51","modified_gmt":"2024-10-15T08:28:51","slug":"barrette-en-email-zoe","status":"publish","type":"product","link":"https:\/\/streetmarkets.fr\/app\/produit\/barrette-en-email-zoe\/","title":{"rendered":"Barrette en \u00e9mail Zo\u00e9"},"content":{"rendered":"<p>Barrette en \u00e9mail Zo\u00e9 Gypso durable et \u00e9thique \u2713 Livraison rapide &amp; paiement en x3 ou x4.<\/p>\n<div class=\"rte\">\n<p class=\"p1\" style=\"margin:0px;font-size:12px;line-height:normal;font-family:'Helvetica Neue'\">Ce bijou de t\u00eate au design original et s\u00e9duisant, \u00e9pousera parfaitement vos cheveux, qu&#8217;elle soit plac\u00e9e sur le c\u00f4t\u00e9 ou \u00e0 l&#8217;arri\u00e8re de votre t\u00eate.<\/p>\n<\/div>\n<p class=\"p1\" style=\"margin:0px;font-size:12px;line-height:normal;font-family:'Helvetica Neue'\">Ce bijou de t\u00eate au design original et s\u00e9duisant, \u00e9pousera parfaitement vos cheveux, qu&#8217;elle soit plac\u00e9e sur le c\u00f4t\u00e9 ou \u00e0 l&#8217;arri\u00e8re de votre t\u00eate.<\/p>\n<p class=\"p1\" style=\"margin:0px;font-size:12px;line-height:normal;font-family:'Helvetica Neue'\">On aime l&#8217;\u00e9mail qui apporte une \u00e9l\u00e9gance subtile \u00e0 ce mod\u00e8le.<\/p>\n<p class=\"p1\" style=\"margin:0px;font-size:12px;line-height:normal;font-family:'Helvetica Neue'\">\n<p class=\"p1\" style=\"margin:0px;font-size:12px;line-height:normal;font-family:'Helvetica Neue'\">Barrette clip &#8220;grenouille&#8221;, pince \u00e0 refermer sur vos m\u00e8ches.<\/p>\n<p class=\"p2\" style=\"margin:0px;font-size:12px;line-height:normal;font-family:'Helvetica Neue';min-height:14px\">\n<p class=\"p1\" style=\"margin:0px;font-size:12px;line-height:normal;font-family:'Helvetica Neue'\">\u2022 Mati\u00e8re :\u00a0\u00e9tain<\/p>\n<p class=\"p1\" style=\"margin:0px;font-size:12px;line-height:normal;font-family:'Helvetica Neue'\">\u2022 Dimensions : 6,8 x 2,2 cm<\/p>\n<p class=\"p1\" style=\"margin:0px;font-size:12px;line-height:normal;font-family:'Helvetica Neue'\">\u2022\u00a0Laiton dor\u00e9 \u00e0 l&#8217;or fin 24 carats<\/p>\n<p class=\"p1\" style=\"margin:0px;font-size:12px;line-height:normal;font-family:'Helvetica Neue'\">\u2022 \u00c9maill\u00e9 \u00e0 la main<\/p>\n<p class=\"p1\" style=\"margin:0px;font-size:12px;line-height:normal;font-family:'Helvetica Neue'\">\u2022 Made in France<\/p>\n<p class=\"p2\" style=\"margin:0px;font-size:12px;line-height:normal;font-family:'Helvetica Neue';min-height:14px\">\n<p class=\"p1\" style=\"margin:0px;font-size:12px;line-height:normal;font-family:'Helvetica Neue'\">Marque : Gypso<\/p>\n","protected":false},"excerpt":{"rendered":"<p>Barrette en \u00e9mail Zo\u00e9 Gypso durable et \u00e9thique \u2713 Livraison rapide &amp; paiement en x3 ou x4. Ce bijou de t\u00eate au design original et s\u00e9duisant, \u00e9pousera parfaitement vos cheveux, qu&#8217;elle soit plac\u00e9e sur le c\u00f4t\u00e9 ou \u00e0 l&#8217;arri\u00e8re de votre t\u00eate. Ce bijou de t\u00eate au design original et s\u00e9duisant, \u00e9pousera parfaitement vos cheveux, [&hellip;]<\/p>\n","protected":false},"featured_media":701957,"comment_status":"open","ping_status":"closed","template":"","meta":[],"product_brand":[],"product_cat":[1756,1764],"product_tag":[2244],"acf":[],"_links":{"self":[{"href":"https:\/\/streetmarkets.fr\/app\/wp-json\/wp\/v2\/product\/701956"}],"collection":[{"href":"https:\/\/streetmarkets.fr\/app\/wp-json\/wp\/v2\/product"}],"about":[{"href":"https:\/\/streetmarkets.fr\/app\/wp-json\/wp\/v2\/types\/product"}],"replies":[{"embeddable":true,"href":"https:\/\/streetmarkets.fr\/app\/wp-json\/wp\/v2\/comments?post=701956"}],"wp:featuredmedia":[{"embeddable":true,"href":"https:\/\/streetmarkets.fr\/app\/wp-json\/wp\/v2\/media\/701957"}],"wp:attachment":[{"href":"https:\/\/streetmarkets.fr\/app\/wp-json\/wp\/v2\/media?parent=701956"}],"wp:term":[{"taxonomy":"product_brand","embeddable":true,"href":"https:\/\/streetmarkets.fr\/app\/wp-json\/wp\/v2\/product_brand?post=701956"},{"taxonomy":"product_cat","embeddable":true,"href":"https:\/\/streetmarkets.fr\/app\/wp-json\/wp\/v2\/product_cat?post=701956"},{"taxonomy":"product_tag","embeddable":true,"href":"https:\/\/streetmarkets.fr\/app\/wp-json\/wp\/v2\/product_tag?post=701956"}],"curies":[{"name":"wp","href":"https:\/\/api.w.org\/{rel}","templated":true}]}}