{"id":701945,"date":"2024-10-15T10:28:16","date_gmt":"2024-10-15T08:28:16","guid":{"rendered":"https:\/\/streetmarkets.fr\/app\/produit\/barrette-en-email-charlie-au-choix\/"},"modified":"2024-10-15T10:28:50","modified_gmt":"2024-10-15T08:28:50","slug":"barrette-en-email-charlie-au-choix","status":"publish","type":"product","link":"https:\/\/streetmarkets.fr\/app\/produit\/barrette-en-email-charlie-au-choix\/","title":{"rendered":"Barrette en \u00e9mail Charlie (au choix)"},"content":{"rendered":"<p>Barrette en \u00e9mail Charlie (au choix) Gypso durable et \u00e9thique \u2713 Livraison rapide &amp; paiement en x3 ou x4.<\/p>\n<div class=\"rte\">\n<p class=\"p1\" style=\"font-size:12px;line-height:normal;font-family:'Helvetica Neue';margin:0px\">Cette barrette romantique et bucolique apportera beaucoup de po\u00e9sie et d&#8217;\u00e9l\u00e9gance \u00e0 votre coiffure. On aime ce petit rappel \u00e0 la nature\u2026<\/p>\n<\/div>\n<p class=\"p1\" style=\"margin:0px;font-size:12px;line-height:normal;font-family:'Helvetica Neue'\">Cette barrette romantique et bucolique apportera beaucoup de po\u00e9sie et d&#8217;\u00e9l\u00e9gance \u00e0 votre coiffure. On aime ce petit rappel \u00e0 la nature\u2026<\/p>\n<p class=\"p1\" style=\"margin:0px;font-size:12px;line-height:normal;font-family:'Helvetica Neue'\">Peut \u00eatre plac\u00e9e de diff\u00e9rentes fa\u00e7ons selon vos envies du matin !<\/p>\n<p class=\"p2\" style=\"margin:0px;font-size:12px;line-height:normal;font-family:'Helvetica Neue';min-height:14px\"><\/p>\n<p class=\"p1\" style=\"margin:0px;font-size:12px;line-height:normal;font-family:'Helvetica Neue'\">Barrette clip classique, id\u00e9ale pour tout type de cheveux.<span class=\"Apple-converted-space\">\u00a0<\/span><\/p>\n<p class=\"p2\" style=\"margin:0px;font-size:12px;line-height:normal;font-family:'Helvetica Neue';min-height:14px\"><\/p>\n<p class=\"p1\" style=\"margin:0px;font-size:12px;line-height:normal;font-family:'Helvetica Neue'\">\u2022 Mati\u00e8re :\u00a0\u00e9tain<\/p>\n<p class=\"p1\" style=\"margin:0px;font-size:12px;line-height:normal;font-family:'Helvetica Neue'\">\u2022 Dimensions : 6,8 x 2,2 cm<\/p>\n<p class=\"p1\" style=\"margin:0px;font-size:12px;line-height:normal;font-family:'Helvetica Neue'\">\u2022\u00a0Laiton dor\u00e9 \u00e0 l&#8217;or fin 24 carats<\/p>\n<p class=\"p1\" style=\"margin:0px;font-size:12px;line-height:normal;font-family:'Helvetica Neue'\">\u2022 \u00c9maill\u00e9 \u00e0 la main<\/p>\n<p class=\"p1\" style=\"margin:0px;font-size:12px;line-height:normal;font-family:'Helvetica Neue'\">\u2022 Made in France<\/p>\n<p class=\"p2\" style=\"margin:0px;font-size:12px;line-height:normal;font-family:'Helvetica Neue';min-height:14px\"><\/p>\n<p class=\"p1\" style=\"margin:0px;font-size:12px;line-height:normal;font-family:'Helvetica Neue'\">Marque : Gypso<\/p>\n","protected":false},"excerpt":{"rendered":"<p>Barrette en \u00e9mail Charlie (au choix) Gypso durable et \u00e9thique \u2713 Livraison rapide &amp; paiement en x3 ou x4. Cette barrette romantique et bucolique apportera beaucoup de po\u00e9sie et d&#8217;\u00e9l\u00e9gance \u00e0 votre coiffure. On aime ce petit rappel \u00e0 la nature\u2026 Cette barrette romantique et bucolique apportera beaucoup de po\u00e9sie et d&#8217;\u00e9l\u00e9gance \u00e0 votre coiffure. [&hellip;]<\/p>\n","protected":false},"featured_media":701946,"comment_status":"open","ping_status":"closed","template":"","meta":[],"product_brand":[],"product_cat":[1756,1764],"product_tag":[2244],"acf":[],"_links":{"self":[{"href":"https:\/\/streetmarkets.fr\/app\/wp-json\/wp\/v2\/product\/701945"}],"collection":[{"href":"https:\/\/streetmarkets.fr\/app\/wp-json\/wp\/v2\/product"}],"about":[{"href":"https:\/\/streetmarkets.fr\/app\/wp-json\/wp\/v2\/types\/product"}],"replies":[{"embeddable":true,"href":"https:\/\/streetmarkets.fr\/app\/wp-json\/wp\/v2\/comments?post=701945"}],"wp:featuredmedia":[{"embeddable":true,"href":"https:\/\/streetmarkets.fr\/app\/wp-json\/wp\/v2\/media\/701946"}],"wp:attachment":[{"href":"https:\/\/streetmarkets.fr\/app\/wp-json\/wp\/v2\/media?parent=701945"}],"wp:term":[{"taxonomy":"product_brand","embeddable":true,"href":"https:\/\/streetmarkets.fr\/app\/wp-json\/wp\/v2\/product_brand?post=701945"},{"taxonomy":"product_cat","embeddable":true,"href":"https:\/\/streetmarkets.fr\/app\/wp-json\/wp\/v2\/product_cat?post=701945"},{"taxonomy":"product_tag","embeddable":true,"href":"https:\/\/streetmarkets.fr\/app\/wp-json\/wp\/v2\/product_tag?post=701945"}],"curies":[{"name":"wp","href":"https:\/\/api.w.org\/{rel}","templated":true}]}}